{"id":106,"date":"2022-01-09T18:39:45","date_gmt":"2022-01-09T21:39:45","guid":{"rendered":"https:\/\/saudenacapital.com.br\/loja\/?post_type=product&#038;p=106"},"modified":"2022-01-09T22:12:24","modified_gmt":"2022-01-10T01:12:24","slug":"caneca-de-alca-dupla-com-encaixe-nasal","status":"publish","type":"product","link":"https:\/\/saudenacapital.com.br\/loja\/produto\/caneca-de-alca-dupla-com-encaixe-nasal\/","title":{"rendered":"Caneca de al\u00e7a dupla com encaixe nasal"},"content":{"rendered":"<h1 class=\"product-title product_title entry-title\">Caneca de al\u00e7a dupla com encaixe nasal<\/h1>\n<div class=\"accordion-item\">\n<div class=\"accordion-inner\">\n<p>A Caneca de Al\u00e7a Dupla com Encaixe Nasal Longevitech\u00ae \u00e9 ideal para pessoas portadoras de artrite, artrose, t\u00fanel de carpo, parkinson ou outro tipo de limita\u00e7\u00e3o e perda de for\u00e7a nas m\u00e3os ou problemas de movimenta\u00e7\u00e3o no pesco\u00e7o.<\/p>\n<p>Com capacidade para 300 ml, suas al\u00e7as com empunhadura ergon\u00f4mica de campo aberto, proporciona que pessoas com qualquer tamanho de m\u00e3o, possam fazer uso do produto, com estabilidade e seguran\u00e7a, dando maior autonomia aos usu\u00e1rios.<\/p>\n<p>Corte oposto ao encaixe dos l\u00e1bios em par\u00e1bola, permite que pessoas com problemas de movimenta\u00e7\u00e3o no pesco\u00e7o possam ingerir qualquer l\u00edquido, movimentando somente a caneca, pois o nariz n\u00e3o ser\u00e1 obst\u00e1culo para a inclina\u00e7\u00e3o total do produto.<\/p>\n<p>Produzida em polipropileno recicl\u00e1vel, permite o uso em micro-ondas e m\u00e1quina de lavar loucas.<\/p>\n<p>Patente Requerida n. BR BR 302020002412-5<\/p>\n<p><iframe title=\"Caneca com abertura nasal e al\u00e7a dupla\" src=\"https:\/\/www.youtube.com\/embed\/GBYwfNWME9U?feature=oembed&amp;enablejsapi=1&amp;origin=https:\/\/longevitech.com.br\" width=\"1020\" height=\"574\" frameborder=\"0\" allowfullscreen=\"allowfullscreen\" data-mce-fragment=\"1\"><\/iframe><\/p>\n<\/div>\n<\/div>\n<div class=\"accordion-item\"><\/div>\n","protected":false},"excerpt":{"rendered":"<p>A Caneca de Al\u00e7a Dupla com Encaixe Nasal Longevitech\u00ae \u00e9 ideal para pessoas portadoras de artrite, artrose, t\u00fanel de carpo, parkinson ou outro tipo de limita\u00e7\u00e3o e perda de for\u00e7a nas m\u00e3os ou problemas de movimenta\u00e7\u00e3o na cervical.<\/p>\n<p>Seu design com corte em par\u00e1bola, permite que pessoas com problemas de movimenta\u00e7\u00e3o no pesco\u00e7o possam ingerir qualquer l\u00edquido sozinhos, pois n\u00e3o \u00e9 necess\u00e1rio inclinar a cabe\u00e7a. Al\u00e9m de sua empunhadura ergon\u00f4mica que d\u00e1 mais estabilidade para pessoas com movimento limitado das m\u00e3os ou punhos.<\/p>\n","protected":false},"featured_media":150,"comment_status":"open","ping_status":"closed","template":"","meta":{"site-sidebar-layout":"default","site-content-layout":"default","ast-site-content-layout":"","site-content-style":"default","site-sidebar-style":"default","ast-global-header-display":"","ast-banner-title-visibility":"","ast-main-header-display":"","ast-hfb-above-header-display":"","ast-hfb-below-header-display":"","ast-hfb-mobile-header-display":"","site-post-title":"","ast-breadcrumbs-content":"","ast-featured-img":"","footer-sml-layout":"","theme-transparent-header-meta":"","adv-header-id-meta":"","stick-header-meta":"","header-above-stick-meta":"","header-main-stick-meta":"","header-below-stick-meta":"","astra-migrate-meta-layouts":"default","ast-page-background-enabled":"default","ast-page-background-meta":{"desktop":{"background-color":"var(--ast-global-color-4)","background-image":"","background-repeat":"repeat","background-position":"center center","background-size":"auto","background-attachment":"scroll","background-type":"","background-media":"","overlay-type":"","overlay-color":"","overlay-gradient":""},"tablet":{"background-color":"","background-image":"","background-repeat":"repeat","background-position":"center center","background-size":"auto","background-attachment":"scroll","background-type":"","background-media":"","overlay-type":"","overlay-color":"","overlay-gradient":""},"mobile":{"background-color":"","background-image":"","background-repeat":"repeat","background-position":"center center","background-size":"auto","background-attachment":"scroll","background-type":"","background-media":"","overlay-type":"","overlay-color":"","overlay-gradient":""}},"ast-content-background-meta":{"desktop":{"background-color":"var(--ast-global-color-5)","background-image":"","background-repeat":"repeat","background-position":"center center","background-size":"auto","background-attachment":"scroll","background-type":"","background-media":"","overlay-type":"","overlay-color":"","overlay-gradient":""},"tablet":{"background-color":"var(--ast-global-color-5)","background-image":"","background-repeat":"repeat","background-position":"center center","background-size":"auto","background-attachment":"scroll","background-type":"","background-media":"","overlay-type":"","overlay-color":"","overlay-gradient":""},"mobile":{"background-color":"var(--ast-global-color-5)","background-image":"","background-repeat":"repeat","background-position":"center center","background-size":"auto","background-attachment":"scroll","background-type":"","background-media":"","overlay-type":"","overlay-color":"","overlay-gradient":""}}},"product_brand":[],"product_cat":[17],"product_tag":[],"class_list":{"0":"post-106","1":"product","2":"type-product","3":"status-publish","4":"has-post-thumbnail","6":"product_cat-pos-operatorio","7":"desktop-align-left","8":"tablet-align-left","9":"mobile-align-left","11":"first","12":"instock","13":"sale","14":"shipping-taxable","15":"purchasable","16":"product-type-simple"},"_links":{"self":[{"href":"https:\/\/saudenacapital.com.br\/loja\/wp-json\/wp\/v2\/product\/106","targetHints":{"allow":["GET"]}}],"collection":[{"href":"https:\/\/saudenacapital.com.br\/loja\/wp-json\/wp\/v2\/product"}],"about":[{"href":"https:\/\/saudenacapital.com.br\/loja\/wp-json\/wp\/v2\/types\/product"}],"replies":[{"embeddable":true,"href":"https:\/\/saudenacapital.com.br\/loja\/wp-json\/wp\/v2\/comments?post=106"}],"wp:featuredmedia":[{"embeddable":true,"href":"https:\/\/saudenacapital.com.br\/loja\/wp-json\/wp\/v2\/media\/150"}],"wp:attachment":[{"href":"https:\/\/saudenacapital.com.br\/loja\/wp-json\/wp\/v2\/media?parent=106"}],"wp:term":[{"taxonomy":"product_brand","embeddable":true,"href":"https:\/\/saudenacapital.com.br\/loja\/wp-json\/wp\/v2\/product_brand?post=106"},{"taxonomy":"product_cat","embeddable":true,"href":"https:\/\/saudenacapital.com.br\/loja\/wp-json\/wp\/v2\/product_cat?post=106"},{"taxonomy":"product_tag","embeddable":true,"href":"https:\/\/saudenacapital.com.br\/loja\/wp-json\/wp\/v2\/product_tag?post=106"}],"curies":[{"name":"wp","href":"https:\/\/api.w.org\/{rel}","templated":true}]}}