{"id":107,"date":"2022-01-09T18:40:07","date_gmt":"2022-01-09T21:40:07","guid":{"rendered":"https:\/\/saudenacapital.com.br\/loja\/?post_type=product&#038;p=107"},"modified":"2022-01-20T15:44:42","modified_gmt":"2022-01-20T18:44:42","slug":"caneca-termica-de-alca-dupla","status":"publish","type":"product","link":"https:\/\/saudenacapital.com.br\/loja\/produto\/caneca-termica-de-alca-dupla\/","title":{"rendered":"Caneca t\u00e9rmica de al\u00e7a dupla"},"content":{"rendered":"<p>Indicado a todas as pessoas que possuam mobilidade reduzida nas m\u00e3os, tremores essenciais, Parkinson e t\u00fanel do carpo. Com suas duas al\u00e7as laterais, auxilia na pega da caneca para a ingest\u00e3o dos l\u00edquidos.<\/p>\n<p>Com sua estrutura de dupla camada de A\u00e7o Inoxid\u00e1vel, a Caneca t\u00e9rmica mantem a temperatura da bebida por at\u00e9 12 horas. Com seu lacre interno, voc\u00ea protege contra o vazamento de l\u00edquidos, podendo transportar de forma segura, mantendo a temperatura por diversas horas.<\/p>\n<p>Abra a tampa de acr\u00edlico para inserir o l\u00edquido. Retire ou coloque o lacre de seguran\u00e7a contra vazamento para ingerir ou para evitar que o l\u00edquido vaze. Lave com sab\u00e3o neutro e espoja macia.<\/p>\n<p>N\u00e3o coloque pr\u00f3ximo \u00e0 fonte de calor, n\u00e3o coloque no micro-ondas e n\u00e3o utilize o fog\u00e3o para esquentar. N\u00e3o adicione gelo seco, bebidas carbonadas e outros l\u00edquidos que sejam sujeitos a alta press\u00e3o e n\u00e3o adicione molho de soja, sopa e outros l\u00edquidos salgados para evitar a corros\u00e3o da parte interna<\/p>\n","protected":false},"excerpt":{"rendered":"<p>Indicado a todas as pessoas que possuam mobilidade reduzida nas m\u00e3os, tremores essenciais, Parkinson e t\u00fanel do carpo<br \/>\nCaneca T\u00e9rmica (Mantem por diversas horas a temperatura)<br \/>\nAl\u00e7a dupla facilita a pegada da caneca<br \/>\nFeita em A\u00e7o Inoxid\u00e1vel<br \/>\nPossui lacre de seguran\u00e7a contra o vazamento<br \/>\n<strong>Capacidade 300 ml<\/strong><\/p>\n","protected":false},"featured_media":48,"comment_status":"open","ping_status":"closed","template":"","meta":{"site-sidebar-layout":"default","site-content-layout":"default","ast-site-content-layout":"","site-content-style":"default","site-sidebar-style":"default","ast-global-header-display":"","ast-banner-title-visibility":"","ast-main-header-display":"","ast-hfb-above-header-display":"","ast-hfb-below-header-display":"","ast-hfb-mobile-header-display":"","site-post-title":"","ast-breadcrumbs-content":"","ast-featured-img":"","footer-sml-layout":"","theme-transparent-header-meta":"","adv-header-id-meta":"","stick-header-meta":"","header-above-stick-meta":"","header-main-stick-meta":"","header-below-stick-meta":"","astra-migrate-meta-layouts":"default","ast-page-background-enabled":"default","ast-page-background-meta":{"desktop":{"background-color":"var(--ast-global-color-4)","background-image":"","background-repeat":"repeat","background-position":"center center","background-size":"auto","background-attachment":"scroll","background-type":"","background-media":"","overlay-type":"","overlay-color":"","overlay-gradient":""},"tablet":{"background-color":"","background-image":"","background-repeat":"repeat","background-position":"center center","background-size":"auto","background-attachment":"scroll","background-type":"","background-media":"","overlay-type":"","overlay-color":"","overlay-gradient":""},"mobile":{"background-color":"","background-image":"","background-repeat":"repeat","background-position":"center center","background-size":"auto","background-attachment":"scroll","background-type":"","background-media":"","overlay-type":"","overlay-color":"","overlay-gradient":""}},"ast-content-background-meta":{"desktop":{"background-color":"var(--ast-global-color-5)","background-image":"","background-repeat":"repeat","background-position":"center center","background-size":"auto","background-attachment":"scroll","background-type":"","background-media":"","overlay-type":"","overlay-color":"","overlay-gradient":""},"tablet":{"background-color":"var(--ast-global-color-5)","background-image":"","background-repeat":"repeat","background-position":"center center","background-size":"auto","background-attachment":"scroll","background-type":"","background-media":"","overlay-type":"","overlay-color":"","overlay-gradient":""},"mobile":{"background-color":"var(--ast-global-color-5)","background-image":"","background-repeat":"repeat","background-position":"center center","background-size":"auto","background-attachment":"scroll","background-type":"","background-media":"","overlay-type":"","overlay-color":"","overlay-gradient":""}}},"product_brand":[],"product_cat":[17],"product_tag":[],"class_list":{"0":"post-107","1":"product","2":"type-product","3":"status-publish","4":"has-post-thumbnail","6":"product_cat-pos-operatorio","7":"desktop-align-left","8":"tablet-align-left","9":"mobile-align-left","11":"first","12":"instock","13":"sale","14":"shipping-taxable","15":"purchasable","16":"product-type-simple"},"_links":{"self":[{"href":"https:\/\/saudenacapital.com.br\/loja\/wp-json\/wp\/v2\/product\/107","targetHints":{"allow":["GET"]}}],"collection":[{"href":"https:\/\/saudenacapital.com.br\/loja\/wp-json\/wp\/v2\/product"}],"about":[{"href":"https:\/\/saudenacapital.com.br\/loja\/wp-json\/wp\/v2\/types\/product"}],"replies":[{"embeddable":true,"href":"https:\/\/saudenacapital.com.br\/loja\/wp-json\/wp\/v2\/comments?post=107"}],"wp:featuredmedia":[{"embeddable":true,"href":"https:\/\/saudenacapital.com.br\/loja\/wp-json\/wp\/v2\/media\/48"}],"wp:attachment":[{"href":"https:\/\/saudenacapital.com.br\/loja\/wp-json\/wp\/v2\/media?parent=107"}],"wp:term":[{"taxonomy":"product_brand","embeddable":true,"href":"https:\/\/saudenacapital.com.br\/loja\/wp-json\/wp\/v2\/product_brand?post=107"},{"taxonomy":"product_cat","embeddable":true,"href":"https:\/\/saudenacapital.com.br\/loja\/wp-json\/wp\/v2\/product_cat?post=107"},{"taxonomy":"product_tag","embeddable":true,"href":"https:\/\/saudenacapital.com.br\/loja\/wp-json\/wp\/v2\/product_tag?post=107"}],"curies":[{"name":"wp","href":"https:\/\/api.w.org\/{rel}","templated":true}]}}