{"id":108,"date":"2022-01-09T18:40:24","date_gmt":"2022-01-09T21:40:24","guid":{"rendered":"https:\/\/saudenacapital.com.br\/loja\/?post_type=product&#038;p=108"},"modified":"2022-01-09T21:45:44","modified_gmt":"2022-01-10T00:45:44","slug":"adaptador-universal-para-utensilios","status":"publish","type":"product","link":"https:\/\/saudenacapital.com.br\/loja\/produto\/adaptador-universal-para-utensilios\/","title":{"rendered":"Adaptador Universal para Utens\u00edlios"},"content":{"rendered":"<h1>O Adaptador Universal de Utens\u00edlios Longevitech<\/h1>\n<p>O\u00a0ferece comodidade para quem precisa de assist\u00eancia ao segurar utens\u00edlios para realizar tarefas di\u00e1rias, como comer, escrever e se arrumar.<\/p>\n<p>Produzido em espuma macia e acolchoada, o produto pode ser uma \u00fatil ferramenta na tarefa de segurar itens como: talheres, escovas de dente, pentes de cabelo, navalha, canetas, l\u00e1pis, etc.<\/p>\n<p>Equipado com um anel em D e uma cinta el\u00e1stica, \u00e9 indicado para todos os tamanhos de m\u00e3os, tornando a coloca\u00e7\u00e3o e retirada dos objetos uma tarefa simples, al\u00e9m de poder ser utilizado por pessoas tanto destras quanto canhotas.<\/p>\n<p>Ideal para pessoas portadoras de artrite, artrose, t\u00fanel de carpo e preens\u00e3o limitada nas m\u00e3os.<\/p>\n<p><iframe title=\"Adaptador universal de utens\u00edlios\" src=\"https:\/\/www.youtube.com\/embed\/lTsr9tcYov0?feature=oembed&amp;enablejsapi=1&amp;origin=https:\/\/longevitech.com.br\" width=\"1020\" height=\"574\" frameborder=\"0\" allowfullscreen=\"allowfullscreen\" data-mce-fragment=\"1\"><\/iframe><\/p>\n","protected":false},"excerpt":{"rendered":"<p>O Adaptador Universal de Utens\u00edlios Longevitech\u00ae oferece comodidade para quem precisa de assist\u00eancia ao segurar utens\u00edlios para realizar tarefas di\u00e1rias, como comer, escrever e se arrumar.<br \/>\nProduzido em espuma macia e acolchoada, o produto pode ser uma \u00fatil ferramenta na tarefa de segurar itens como: talheres, escovas de dente, pentes de cabelo, navalha, canetas, l\u00e1pis, etc.<\/p>\n","protected":false},"featured_media":146,"comment_status":"open","ping_status":"closed","template":"","meta":{"site-sidebar-layout":"default","site-content-layout":"default","ast-site-content-layout":"","site-content-style":"default","site-sidebar-style":"default","ast-global-header-display":"","ast-banner-title-visibility":"","ast-main-header-display":"","ast-hfb-above-header-display":"","ast-hfb-below-header-display":"","ast-hfb-mobile-header-display":"","site-post-title":"","ast-breadcrumbs-content":"","ast-featured-img":"","footer-sml-layout":"","theme-transparent-header-meta":"","adv-header-id-meta":"","stick-header-meta":"","header-above-stick-meta":"","header-main-stick-meta":"","header-below-stick-meta":"","astra-migrate-meta-layouts":"default","ast-page-background-enabled":"default","ast-page-background-meta":{"desktop":{"background-color":"var(--ast-global-color-4)","background-image":"","background-repeat":"repeat","background-position":"center center","background-size":"auto","background-attachment":"scroll","background-type":"","background-media":"","overlay-type":"","overlay-color":"","overlay-gradient":""},"tablet":{"background-color":"","background-image":"","background-repeat":"repeat","background-position":"center center","background-size":"auto","background-attachment":"scroll","background-type":"","background-media":"","overlay-type":"","overlay-color":"","overlay-gradient":""},"mobile":{"background-color":"","background-image":"","background-repeat":"repeat","background-position":"center center","background-size":"auto","background-attachment":"scroll","background-type":"","background-media":"","overlay-type":"","overlay-color":"","overlay-gradient":""}},"ast-content-background-meta":{"desktop":{"background-color":"var(--ast-global-color-5)","background-image":"","background-repeat":"repeat","background-position":"center center","background-size":"auto","background-attachment":"scroll","background-type":"","background-media":"","overlay-type":"","overlay-color":"","overlay-gradient":""},"tablet":{"background-color":"var(--ast-global-color-5)","background-image":"","background-repeat":"repeat","background-position":"center center","background-size":"auto","background-attachment":"scroll","background-type":"","background-media":"","overlay-type":"","overlay-color":"","overlay-gradient":""},"mobile":{"background-color":"var(--ast-global-color-5)","background-image":"","background-repeat":"repeat","background-position":"center center","background-size":"auto","background-attachment":"scroll","background-type":"","background-media":"","overlay-type":"","overlay-color":"","overlay-gradient":""}}},"product_brand":[],"product_cat":[17],"product_tag":[],"class_list":{"0":"post-108","1":"product","2":"type-product","3":"status-publish","4":"has-post-thumbnail","6":"product_cat-pos-operatorio","7":"desktop-align-left","8":"tablet-align-left","9":"mobile-align-left","11":"first","12":"instock","13":"sale","14":"shipping-taxable","15":"purchasable","16":"product-type-simple"},"_links":{"self":[{"href":"https:\/\/saudenacapital.com.br\/loja\/wp-json\/wp\/v2\/product\/108","targetHints":{"allow":["GET"]}}],"collection":[{"href":"https:\/\/saudenacapital.com.br\/loja\/wp-json\/wp\/v2\/product"}],"about":[{"href":"https:\/\/saudenacapital.com.br\/loja\/wp-json\/wp\/v2\/types\/product"}],"replies":[{"embeddable":true,"href":"https:\/\/saudenacapital.com.br\/loja\/wp-json\/wp\/v2\/comments?post=108"}],"wp:featuredmedia":[{"embeddable":true,"href":"https:\/\/saudenacapital.com.br\/loja\/wp-json\/wp\/v2\/media\/146"}],"wp:attachment":[{"href":"https:\/\/saudenacapital.com.br\/loja\/wp-json\/wp\/v2\/media?parent=108"}],"wp:term":[{"taxonomy":"product_brand","embeddable":true,"href":"https:\/\/saudenacapital.com.br\/loja\/wp-json\/wp\/v2\/product_brand?post=108"},{"taxonomy":"product_cat","embeddable":true,"href":"https:\/\/saudenacapital.com.br\/loja\/wp-json\/wp\/v2\/product_cat?post=108"},{"taxonomy":"product_tag","embeddable":true,"href":"https:\/\/saudenacapital.com.br\/loja\/wp-json\/wp\/v2\/product_tag?post=108"}],"curies":[{"name":"wp","href":"https:\/\/api.w.org\/{rel}","templated":true}]}}