{"id":109,"date":"2022-01-09T18:40:55","date_gmt":"2022-01-09T21:40:55","guid":{"rendered":"https:\/\/saudenacapital.com.br\/loja\/?post_type=product&#038;p=109"},"modified":"2022-03-14T17:19:43","modified_gmt":"2022-03-14T20:19:43","slug":"cinto-de-transferencia-com-perneira-premium-2","status":"publish","type":"product","link":"https:\/\/saudenacapital.com.br\/loja\/produto\/cinto-de-transferencia-com-perneira-premium-2\/","title":{"rendered":"Cinto de transfer\u00eancia com perneira premium"},"content":{"rendered":"<p>&nbsp;<\/p>\n<p>F\u00e1cil e simples de usar, o Cinto de Transfer\u00eancia \u00e9 um importante aliado no momento de transferir o paciente da cadeira de rodas para a cama, carro ou sof\u00e1.<\/p>\n<p>O cinto \u00e9 dotado de 4 al\u00e7as e possui tamb\u00e9m 2 al\u00e7as para serem presas ao redor das pernas do paciente evitando que o cinto suba no momento da movimenta\u00e7\u00e3o.<\/p>\n<p>F\u00e1cil de prender atrav\u00e9s de uma fivela de engate. Possui al\u00e7a ajust\u00e1vel na medida necess\u00e1ria.<\/p>\n","protected":false},"excerpt":{"rendered":"<p>F\u00e1cil e simples de usar, o Cinto de Transfer\u00eancia \u00e9 um importante aliado no momento de transferir o paciente da cadeira de rodas para a cama, carro ou sof\u00e1.<\/p>\n<p>O cinto \u00e9 dotado de 4 al\u00e7as e possui tamb\u00e9m 2 al\u00e7as para serem presas ao redor das pernas do paciente evitando que o cinto suba no momento da movimenta\u00e7\u00e3o.<\/p>\n<p>F\u00e1cil de prender atrav\u00e9s de uma fivela de engate. Possui al\u00e7a ajust\u00e1vel na medida necess\u00e1ria.<\/p>\n","protected":false},"featured_media":49,"comment_status":"open","ping_status":"closed","template":"","meta":{"site-sidebar-layout":"default","site-content-layout":"default","ast-site-content-layout":"","site-content-style":"default","site-sidebar-style":"default","ast-global-header-display":"","ast-banner-title-visibility":"","ast-main-header-display":"","ast-hfb-above-header-display":"","ast-hfb-below-header-display":"","ast-hfb-mobile-header-display":"","site-post-title":"","ast-breadcrumbs-content":"","ast-featured-img":"","footer-sml-layout":"","theme-transparent-header-meta":"","adv-header-id-meta":"","stick-header-meta":"","header-above-stick-meta":"","header-main-stick-meta":"","header-below-stick-meta":"","astra-migrate-meta-layouts":"default","ast-page-background-enabled":"default","ast-page-background-meta":{"desktop":{"background-color":"var(--ast-global-color-4)","background-image":"","background-repeat":"repeat","background-position":"center center","background-size":"auto","background-attachment":"scroll","background-type":"","background-media":"","overlay-type":"","overlay-color":"","overlay-gradient":""},"tablet":{"background-color":"","background-image":"","background-repeat":"repeat","background-position":"center center","background-size":"auto","background-attachment":"scroll","background-type":"","background-media":"","overlay-type":"","overlay-color":"","overlay-gradient":""},"mobile":{"background-color":"","background-image":"","background-repeat":"repeat","background-position":"center center","background-size":"auto","background-attachment":"scroll","background-type":"","background-media":"","overlay-type":"","overlay-color":"","overlay-gradient":""}},"ast-content-background-meta":{"desktop":{"background-color":"var(--ast-global-color-5)","background-image":"","background-repeat":"repeat","background-position":"center center","background-size":"auto","background-attachment":"scroll","background-type":"","background-media":"","overlay-type":"","overlay-color":"","overlay-gradient":""},"tablet":{"background-color":"var(--ast-global-color-5)","background-image":"","background-repeat":"repeat","background-position":"center center","background-size":"auto","background-attachment":"scroll","background-type":"","background-media":"","overlay-type":"","overlay-color":"","overlay-gradient":""},"mobile":{"background-color":"var(--ast-global-color-5)","background-image":"","background-repeat":"repeat","background-position":"center center","background-size":"auto","background-attachment":"scroll","background-type":"","background-media":"","overlay-type":"","overlay-color":"","overlay-gradient":""}}},"product_brand":[],"product_cat":[17],"product_tag":[],"class_list":{"0":"post-109","1":"product","2":"type-product","3":"status-publish","4":"has-post-thumbnail","6":"product_cat-pos-operatorio","7":"desktop-align-left","8":"tablet-align-left","9":"mobile-align-left","11":"first","12":"instock","13":"shipping-taxable","14":"purchasable","15":"product-type-simple"},"_links":{"self":[{"href":"https:\/\/saudenacapital.com.br\/loja\/wp-json\/wp\/v2\/product\/109","targetHints":{"allow":["GET"]}}],"collection":[{"href":"https:\/\/saudenacapital.com.br\/loja\/wp-json\/wp\/v2\/product"}],"about":[{"href":"https:\/\/saudenacapital.com.br\/loja\/wp-json\/wp\/v2\/types\/product"}],"replies":[{"embeddable":true,"href":"https:\/\/saudenacapital.com.br\/loja\/wp-json\/wp\/v2\/comments?post=109"}],"wp:featuredmedia":[{"embeddable":true,"href":"https:\/\/saudenacapital.com.br\/loja\/wp-json\/wp\/v2\/media\/49"}],"wp:attachment":[{"href":"https:\/\/saudenacapital.com.br\/loja\/wp-json\/wp\/v2\/media?parent=109"}],"wp:term":[{"taxonomy":"product_brand","embeddable":true,"href":"https:\/\/saudenacapital.com.br\/loja\/wp-json\/wp\/v2\/product_brand?post=109"},{"taxonomy":"product_cat","embeddable":true,"href":"https:\/\/saudenacapital.com.br\/loja\/wp-json\/wp\/v2\/product_cat?post=109"},{"taxonomy":"product_tag","embeddable":true,"href":"https:\/\/saudenacapital.com.br\/loja\/wp-json\/wp\/v2\/product_tag?post=109"}],"curies":[{"name":"wp","href":"https:\/\/api.w.org\/{rel}","templated":true}]}}