{"id":274,"date":"2022-02-08T18:23:22","date_gmt":"2022-02-08T21:23:22","guid":{"rendered":"https:\/\/saudenacapital.com.br\/loja\/?post_type=product&#038;p=274"},"modified":"2023-05-17T02:52:44","modified_gmt":"2023-05-17T05:52:44","slug":"mascara-knit-max95","status":"publish","type":"product","link":"https:\/\/saudenacapital.com.br\/loja\/produto\/mascara-knit-max95\/","title":{"rendered":"M\u00e1scara KNIT Max95"},"content":{"rendered":"<div class=\"sc-kTCsyW gxdqsh pf-3_\" data-pf-type=\"ProductPreview\">\n<div id=\"shopify-section-product-template\" class=\"shopify-section\">\n<div id=\"ProductSection-6551292280915\" class=\"product-section\" data-section-id=\"6551292280915\" data-section-type=\"product-template\" data-variant-type=\"dropdown\" data-video-style=\"muted\" data-enable-history-state=\"true\">\n<div class=\"page-content\">\n<div class=\"page-width\">\n<div class=\"grid\">\n<div class=\"grid__item medium-up--two-fifths\">\n<div class=\"product-single__meta\">\n<div class=\"product-single__header small--text-center\">\n<h1 class=\"h1 product-single__title\">M\u00e1scara KNIT Max95 &#8211; BFE 97%<\/h1>\n<div class=\"loox-rating\" title=\"4.7 rating (1,768 votes)\" data-id=\"6551292280915\" data-rating=\"4.7\" data-raters=\"1768\" aria-label=\"4.7 rating (1,768 votes)\" data-rating-upgraded=\"1\"><\/div>\n<\/div>\n<div class=\"product-single__description rte\">\n<div>A M\u00e1scara KNIT Max95 \u00e9 confeccionada atrav\u00e9s da tecnologia 3D knit, proporcionando mais conforto e seguran\u00e7a no uso: o modelo \u00e9 estruturado, sem costuras e possui formato anat\u00f4mico.\u00a0Tem sistema de fixa\u00e7\u00e3o dupla, veda\u00e7\u00e3o amplificada com clipe nasal de metal e filtragem acima de 97% com o uso do filtro de ar.<\/div>\n<\/div>\n<\/div>\n<div><\/div>\n<\/div>\n<\/div>\n<\/div>\n<\/div>\n<\/div>\n<\/div>\n<div id=\"shopify-section-product-sections\" class=\"shopify-section\">\n<div id=\"ProductSections-6551292280915\" class=\"product-block-thumbnails-2\">\n<div class=\"sections-wrapper page-blocks\"><\/div>\n<\/div>\n<\/div>\n<div class=\"yotpo yotpo-main-widget\" style=\"box-sizing: border-box;\" data-product-id=\"6551292280915\" data-name=\"M\u00e1scara KNIT Max95 - BFE&gt; 97%\" data-url=\"https:\/\/mascaraknit.com.br\/products\/mascara-knit-max95-bfe-97\" data-image-url=\"\/\/cdn.shopify.com\/s\/files\/1\/0274\/9287\/6371\/products\/knit-mascara-g-preto-mascara-knit-max95-15-filtros-descartaveis-28124686057555_large.jpg%3Fv=1635170248\" data-description=\"&lt;meta charset=&quot;utf-8&quot;&gt; &lt;div style=&quot;text-align: center;&quot; data-mce-fragment=&quot;1&quot;&gt; &lt;br&gt;&lt;br&gt;&lt;span data-mce-fragment=&quot;1&quot;&gt;A M\u00e1scara KNIT Max95 \u00e9 confeccionada atrav\u00e9s da tecnologia 3D knit, proporcionando mais conforto e seguran\u00e7a no uso: o modelo \u00e9 estruturado, sem costuras e possui formato anat\u00f4mico.\u00a0&lt;\/span&gt;&lt;span data-mce-fragment=&quot;1&quot;&gt;Tem sistema de fixa\u00e7\u00e3o dupla, veda\u00e7\u00e3o amplificada com clipe nasal de metal e filtragem acima de 97% com o uso do filtro de ar.&lt;\/span&gt; &lt;\/div&gt;\"><\/div>\n<\/div>\n<div class=\"sc-ckTSus kVjkXt pf-4_\" data-pf-type=\"Section\">\n<div class=\"sc-gGLxEB dGJRan\">\n<div class=\"sc-iwajpm kydRHc pf-5_ pf-r pf-c-cm pf-r-eh\" data-pf-type=\"Row\">\n<div class=\"pf-c\">\n<div class=\"sc-oeezt OJJCp pf-6_\" data-pf-type=\"Column\"><img fetchpriority=\"high\" decoding=\"async\" class=\"sc-carFqZ hBWCUB pf-7_\" src=\"https:\/\/cdn.shopify.com\/s\/files\/1\/0274\/9287\/6371\/t\/7\/assets\/descricaomax95_01-1631193279226_500x.gif?v=1631193281\" sizes=\"(min-width: 1536px) 1536px, (min-width: 1024px) 1280px, (min-width: 640px) 768px, 320px\" srcset=\"https:\/\/cdn.shopify.com\/s\/files\/1\/0274\/9287\/6371\/t\/7\/assets\/descricaomax95_01-1631193279226.gif?v=1631193281 1536w, https:\/\/cdn.shopify.com\/s\/files\/1\/0274\/9287\/6371\/t\/7\/assets\/descricaomax95_01-1631193279226_500x.gif?v=1631193281 320w\" width=\"960\" height=\"600\" data-pf-type=\"Image\" \/><\/div>\n<\/div>\n<div class=\"pf-c\">\n<div class=\"sc-oeezt OJJCp pf-8_\" data-pf-type=\"Column\"><img decoding=\"async\" class=\"sc-carFqZ hBWCUB pf-9_\" src=\"https:\/\/cdn.shopify.com\/s\/files\/1\/0274\/9287\/6371\/t\/7\/assets\/descricaomax95_03-1631193379267_500x.jpg?v=1631193381\" sizes=\"(min-width: 1536px) 1536px, (min-width: 1024px) 1280px, (min-width: 640px) 768px, 320px\" srcset=\"https:\/\/cdn.shopify.com\/s\/files\/1\/0274\/9287\/6371\/t\/7\/assets\/descricaomax95_03-1631193379267.jpg?v=1631193381 1536w, https:\/\/cdn.shopify.com\/s\/files\/1\/0274\/9287\/6371\/t\/7\/assets\/descricaomax95_03-1631193379267_500x.jpg?v=1631193381 320w\" width=\"958\" height=\"497\" data-pf-type=\"Image\" \/><\/div>\n<\/div>\n<\/div>\n<div class=\"sc-iwajpm kydRHc pf-13_ pf-r pf-c-cm pf-r-eh\" data-pf-type=\"Row\">\n<div class=\"pf-c\">\n<div class=\"sc-oeezt OJJCp pf-14_\" data-pf-type=\"Column\">\n<p class=\"sc-TtZnY fPBQTR pf-15_\" data-pf-type=\"Paragraph\"><span class=\"sc-eGJWMs gQYBcx pf-17_\" data-pf-type=\"Text\">A M\u00e1scara KNIT Max95 \u00e9 confeccionada atrav\u00e9s da tecnologia 3D knit e possui caracter\u00edsticas importantes para proporcionar mais conforto no uso: o modelo \u00e9 estruturado, sem costuras e possui formato anat\u00f4mico.<\/span><\/p>\n<p>Projetado para atender os mais altos padr\u00f5es, a m\u00e1scara possui sistema de fixa\u00e7\u00e3o dupla, veda\u00e7\u00e3o amplificada e filtragem acima de 97%. As al\u00e7as duplas com ajuste, quando posicionadas no topo da cabe\u00e7a e na nuca, permitem que a m\u00e1scara fique firme no rosto garantindo, junto com o clipe nasal de metal, a melhor veda\u00e7\u00e3o. Com isso, tamb\u00e9m, a coloca\u00e7\u00e3o e retirada ficam mais seguras, pois n\u00e3o \u00e9 necess\u00e1rio tocar na \u00e1rea frontal da m\u00e1scara.<\/p>\n<\/div>\n<\/div>\n<div class=\"pf-c\">\n<div class=\"sc-oeezt OJJCp pf-18_\" data-pf-type=\"Column\"><img decoding=\"async\" class=\"sc-carFqZ hBWCUB pf-19_\" src=\"https:\/\/cdn.shopify.com\/s\/files\/1\/0274\/9287\/6371\/t\/7\/assets\/descricaomax95_02-1631193291429_500x.jpg?v=1631193293\" sizes=\"(min-width: 1536px) 1536px, (min-width: 1024px) 1280px, (min-width: 640px) 768px, 320px\" srcset=\"https:\/\/cdn.shopify.com\/s\/files\/1\/0274\/9287\/6371\/t\/7\/assets\/descricaomax95_02-1631193291429.jpg?v=1631193293 1536w, https:\/\/cdn.shopify.com\/s\/files\/1\/0274\/9287\/6371\/t\/7\/assets\/descricaomax95_02-1631193291429_500x.jpg?v=1631193293 320w\" width=\"962\" height=\"541\" data-pf-type=\"Image\" \/><\/div>\n<\/div>\n<\/div>\n<div class=\"sc-iwajpm kydRHc pf-20_ pf-r pf-r-eh\" data-pf-type=\"Row\">\n<div class=\"pf-c\">\n<div class=\"sc-oeezt OJJCp pf-21_\" data-pf-type=\"Column\"><img loading=\"lazy\" decoding=\"async\" class=\"sc-carFqZ hBWCUB pf-22_\" src=\"https:\/\/cdn.shopify.com\/s\/files\/1\/0274\/9287\/6371\/t\/7\/assets\/descricaomax95_05-1631196376890_500x.jpg?v=1631196378\" sizes=\"(min-width: 1536px) 1536px, (min-width: 1024px) 1280px, (min-width: 640px) 768px, 320px\" srcset=\"https:\/\/cdn.shopify.com\/s\/files\/1\/0274\/9287\/6371\/t\/7\/assets\/descricaomax95_05-1631196376890.jpg?v=1631196378 1536w, https:\/\/cdn.shopify.com\/s\/files\/1\/0274\/9287\/6371\/t\/7\/assets\/descricaomax95_05-1631196376890_500x.jpg?v=1631196378 320w\" width=\"960\" height=\"497\" data-pf-type=\"Image\" \/><\/div>\n<\/div>\n<div class=\"pf-c\">\n<div class=\"sc-oeezt OJJCp pf-23_\" data-pf-type=\"Column\"><img loading=\"lazy\" decoding=\"async\" class=\"sc-carFqZ hBWCUB pf-24_\" src=\"https:\/\/cdn.shopify.com\/s\/files\/1\/0274\/9287\/6371\/t\/7\/assets\/descricaomax95_08-1631193776666_500x.jpg?v=1631193777\" sizes=\"(min-width: 1536px) 1536px, (min-width: 1024px) 1280px, (min-width: 640px) 768px, 320px\" srcset=\"https:\/\/cdn.shopify.com\/s\/files\/1\/0274\/9287\/6371\/t\/7\/assets\/descricaomax95_08-1631193776666.jpg?v=1631193777 1536w, https:\/\/cdn.shopify.com\/s\/files\/1\/0274\/9287\/6371\/t\/7\/assets\/descricaomax95_08-1631193776666_500x.jpg?v=1631193777 320w\" width=\"969\" height=\"503\" data-pf-type=\"Image\" \/><\/div>\n<\/div>\n<\/div>\n<div class=\"sc-iwajpm kydRHc pf-25_ pf-r pf-c-cm pf-r-eh\" data-pf-type=\"Row\">\n<div class=\"pf-c\">\n<div class=\"sc-oeezt OJJCp pf-26_\" data-pf-type=\"Column\"><img loading=\"lazy\" decoding=\"async\" class=\"sc-carFqZ hBWCUB pf-27_\" src=\"https:\/\/cdn.shopify.com\/s\/files\/1\/0274\/9287\/6371\/t\/7\/assets\/tamanhosmax95-1631193948860_500x.jpg?v=1631193950\" sizes=\"(min-width: 1536px) 1536px, (min-width: 1024px) 1280px, (min-width: 640px) 768px, 320px\" srcset=\"https:\/\/cdn.shopify.com\/s\/files\/1\/0274\/9287\/6371\/t\/7\/assets\/tamanhosmax95-1631193948860.jpg?v=1631193950 1536w, https:\/\/cdn.shopify.com\/s\/files\/1\/0274\/9287\/6371\/t\/7\/assets\/tamanhosmax95-1631193948860_500x.jpg?v=1631193950 320w\" width=\"964\" height=\"577\" data-pf-type=\"Image\" \/><\/div>\n<\/div>\n<\/div>\n<div class=\"sc-iwajpm kydRHc pf-28_ pf-r pf-c-cm pf-r-eh\" data-pf-type=\"Row\">\n<div class=\"pf-c\">\n<div class=\"sc-oeezt OJJCp pf-29_\" data-pf-type=\"Column\"><\/div>\n<\/div>\n<\/div>\n<div class=\"sc-iwajpm kydRHc pf-31_ pf-r pf-r-eh\" data-pf-type=\"Row\">\n<div class=\"pf-c\">\n<div class=\"sc-oeezt OJJCp pf-32_\" data-pf-type=\"Column\">\n<p class=\"sc-TtZnY fPBQTR pf-33_\" data-pf-type=\"Paragraph\"><span class=\"sc-eGJWMs gQYBcx pf-35_\" data-pf-type=\"Text\">A M\u00e1scara KNIT Max95 acompanha 15 filtros descart\u00e1veis.<\/span><\/p>\n<p>*Testes realizados de acordo com a ISO 18184 \/ **De acordo com a norma AATCC 100<\/p>\n<p>As cores do produto na foto podem sofrer altera\u00e7\u00f5es de acordo com as configura\u00e7\u00f5es do monitor.<br \/>\n<b>N\u00e3o acompanha suporte de filtro.<\/b><\/p>\n<div class=\"sc-iwajpm kydRHc pf-36_ pf-r pf-r-eh\" data-pf-type=\"Row\">\n<div class=\"pf-c\">\n<div class=\"sc-oeezt OJJCp pf-37_\" data-pf-type=\"Column\">\n<div class=\"sc-bsatvv gHEtUc pf-38_\" data-pf-type=\"Youtube\">\n<div><iframe id=\"516249825\" class=\"pf-ifr\" title=\"yt-video\" src=\"https:\/\/www.youtube.com\/embed\/cd5Zh-eFrUI?start=0&amp;autoplay=0&amp;loop=0&amp;mute=0&amp;controls=0&amp;enablejsapi=1\" width=\"560\" height=\"315\" allowfullscreen=\"allowfullscreen\" data-gtm-yt-inspected-1_19=\"true\" data-mce-fragment=\"1\"><\/iframe><\/div>\n<\/div>\n<\/div>\n<\/div>\n<div class=\"pf-c\">\n<div class=\"sc-oeezt OJJCp pf-39_\" data-pf-type=\"Column\">\n<div class=\"sc-bsatvv gHEtUc pf-40_\" data-pf-type=\"Youtube\">\n<div><iframe id=\"480863900\" class=\"pf-ifr\" title=\"yt-video\" src=\"https:\/\/www.youtube.com\/embed\/QiRu3Ei6jo8?start=0&amp;autoplay=0&amp;loop=0&amp;mute=0&amp;controls=0&amp;enablejsapi=1\" width=\"560\" height=\"315\" allowfullscreen=\"allowfullscreen\" data-gtm-yt-inspected-1_19=\"true\" data-mce-fragment=\"1\"><\/iframe><\/div>\n<\/div>\n<\/div>\n<\/div>\n<\/div>\n<\/div>\n<\/div>\n<\/div>\n<\/div>\n<\/div>\n","protected":false},"excerpt":{"rendered":"<p>A M\u00e1scara KNIT Max95 \u00e9 confeccionada atrav\u00e9s da tecnologia 3D knit, proporcionando mais conforto e seguran\u00e7a no uso: o modelo \u00e9 estruturado, sem costuras e possui formato anat\u00f4mico.\u00a0Tem sistema de fixa\u00e7\u00e3o dupla, veda\u00e7\u00e3o amplificada com clipe nasal de metal e filtragem acima de 97% com o uso do filtro de ar.<\/p>\n","protected":false},"featured_media":278,"comment_status":"open","ping_status":"closed","template":"","meta":{"site-sidebar-layout":"default","site-content-layout":"default","ast-site-content-layout":"","site-content-style":"default","site-sidebar-style":"default","ast-global-header-display":"","ast-banner-title-visibility":"","ast-main-header-display":"","ast-hfb-above-header-display":"","ast-hfb-below-header-display":"","ast-hfb-mobile-header-display":"","site-post-title":"","ast-breadcrumbs-content":"","ast-featured-img":"","footer-sml-layout":"","theme-transparent-header-meta":"","adv-header-id-meta":"","stick-header-meta":"","header-above-stick-meta":"","header-main-stick-meta":"","header-below-stick-meta":"","astra-migrate-meta-layouts":"default","ast-page-background-enabled":"default","ast-page-background-meta":{"desktop":{"background-color":"var(--ast-global-color-4)","background-image":"","background-repeat":"repeat","background-position":"center center","background-size":"auto","background-attachment":"scroll","background-type":"","background-media":"","overlay-type":"","overlay-color":"","overlay-gradient":""},"tablet":{"background-color":"","background-image":"","background-repeat":"repeat","background-position":"center center","background-size":"auto","background-attachment":"scroll","background-type":"","background-media":"","overlay-type":"","overlay-color":"","overlay-gradient":""},"mobile":{"background-color":"","background-image":"","background-repeat":"repeat","background-position":"center center","background-size":"auto","background-attachment":"scroll","background-type":"","background-media":"","overlay-type":"","overlay-color":"","overlay-gradient":""}},"ast-content-background-meta":{"desktop":{"background-color":"var(--ast-global-color-5)","background-image":"","background-repeat":"repeat","background-position":"center center","background-size":"auto","background-attachment":"scroll","background-type":"","background-media":"","overlay-type":"","overlay-color":"","overlay-gradient":""},"tablet":{"background-color":"var(--ast-global-color-5)","background-image":"","background-repeat":"repeat","background-position":"center center","background-size":"auto","background-attachment":"scroll","background-type":"","background-media":"","overlay-type":"","overlay-color":"","overlay-gradient":""},"mobile":{"background-color":"var(--ast-global-color-5)","background-image":"","background-repeat":"repeat","background-position":"center center","background-size":"auto","background-attachment":"scroll","background-type":"","background-media":"","overlay-type":"","overlay-color":"","overlay-gradient":""}}},"product_brand":[],"product_cat":[21],"product_tag":[34,33,35],"class_list":{"0":"post-274","1":"product","2":"type-product","3":"status-publish","4":"has-post-thumbnail","6":"product_cat-saude-e-bem-estar","7":"product_tag-knit","8":"product_tag-mascara","9":"product_tag-max95","10":"desktop-align-left","11":"tablet-align-left","12":"mobile-align-left","14":"first","15":"instock","16":"shipping-taxable","17":"purchasable","18":"product-type-variable"},"_links":{"self":[{"href":"https:\/\/saudenacapital.com.br\/loja\/wp-json\/wp\/v2\/product\/274","targetHints":{"allow":["GET"]}}],"collection":[{"href":"https:\/\/saudenacapital.com.br\/loja\/wp-json\/wp\/v2\/product"}],"about":[{"href":"https:\/\/saudenacapital.com.br\/loja\/wp-json\/wp\/v2\/types\/product"}],"replies":[{"embeddable":true,"href":"https:\/\/saudenacapital.com.br\/loja\/wp-json\/wp\/v2\/comments?post=274"}],"wp:featuredmedia":[{"embeddable":true,"href":"https:\/\/saudenacapital.com.br\/loja\/wp-json\/wp\/v2\/media\/278"}],"wp:attachment":[{"href":"https:\/\/saudenacapital.com.br\/loja\/wp-json\/wp\/v2\/media?parent=274"}],"wp:term":[{"taxonomy":"product_brand","embeddable":true,"href":"https:\/\/saudenacapital.com.br\/loja\/wp-json\/wp\/v2\/product_brand?post=274"},{"taxonomy":"product_cat","embeddable":true,"href":"https:\/\/saudenacapital.com.br\/loja\/wp-json\/wp\/v2\/product_cat?post=274"},{"taxonomy":"product_tag","embeddable":true,"href":"https:\/\/saudenacapital.com.br\/loja\/wp-json\/wp\/v2\/product_tag?post=274"}],"curies":[{"name":"wp","href":"https:\/\/api.w.org\/{rel}","templated":true}]}}