{"id":370,"date":"2022-03-14T15:07:14","date_gmt":"2022-03-14T18:07:14","guid":{"rendered":"http:\/\/saudenacapital.com.br\/loja\/?post_type=product&#038;p=370"},"modified":"2022-03-14T15:07:14","modified_gmt":"2022-03-14T18:07:14","slug":"kit-banho-no-leito-lavatorio-inflavel-chuveiro-portatil","status":"publish","type":"product","link":"https:\/\/saudenacapital.com.br\/loja\/produto\/kit-banho-no-leito-lavatorio-inflavel-chuveiro-portatil\/","title":{"rendered":"Kit Banho no leito: Lavat\u00f3rio infl\u00e1vel + Chuveiro Port\u00e1til"},"content":{"rendered":"<div class=\"product-page-accordian\">\n<div class=\"accordion\">\n<div class=\"accordion-item\">\n<div class=\"accordion-inner\">\n<p>O Lavat\u00f3rio foi projetado para simplificar a lavagem dos cabelos de pessoas acamadas e\/ou com mobilidade reduzida, este produto permite que o cabelo seja lavado de maneira f\u00e1cil e simples.<\/p>\n<p>Facilmente infl\u00e1vel atrav\u00e9s de uma bomba que acompanha o produto ou com a pr\u00f3pria boca de maneira r\u00e1pida.<\/p>\n<p>Amortece\u00a0o peso da cabe\u00e7a proporcionando excelente al\u00edvio da press\u00e3o e relaxamento.<\/p>\n<p>Com um processo f\u00e1cil de esvaziamento, somente liberando a v\u00e1lvula,\u00a0o produto pode ser guardado de forma simples, n\u00e3o ocupando muito espa\u00e7o no ambiente.<\/p>\n<p>Para drenagem da \u00e1gua utilizada na lavagem da cabe\u00e7a, utilize a mangueira que acompanha o produto.<\/p>\n<p>Produzida em vinil de alta\u00a0resist\u00eancia para m\u00e1xima prote\u00e7\u00e3o contra vazamentos.<\/p>\n<p>O\u00a0 Chuveiro Port\u00e1til Longevitech\u00ae, \u00e9 ideal para ser utilizado junto ao Lavat\u00f3rio, uma maneira simples, segura e pr\u00e1tica de proporcionar um processo de limpeza dos cabelos completos para pessoas com mobilidade reduzida.<\/p>\n<p>Com capacidade para 15 litros de \u00e1gua, seu chuveiro com torneira regul\u00e1vel, permite direcionar um fluxo suave de \u00e1gua para a cabe\u00e7a do paciente.<\/p>\n<p>Dotado de al\u00e7a refor\u00e7ada, a bolsa pode ser pendurada em qualquer suporte m\u00f3vel (n\u00e3o acompanha o produto) pr\u00f3ximo ao local onde ser\u00e1 manuseado.<\/p>\n<p>Comprimento da mangueira: 60 cm<\/p>\n<p>Suporta temperatura de at\u00e9 40\u00b0 c\u00e9lsius<\/p>\n<p><iframe id=\"780067219\" title=\"lavat\u00f3rio para cabe\u00e7a de acamados\" src=\"https:\/\/www.youtube.com\/embed\/vivkmzyB12c?feature=oembed&amp;enablejsapi=1&amp;origin=https:\/\/longevitech.com.br\" width=\"1020\" height=\"574\" frameborder=\"0\" allowfullscreen=\"allowfullscreen\" data-gtm-yt-inspected-1_19=\"true\" data-mce-fragment=\"1\"><\/iframe><\/p>\n<\/div>\n<\/div>\n<div class=\"accordion-item\"><a class=\"accordion-title plain\"><button class=\"toggle\"><i class=\"icon-angle-down\"><\/i><\/button>Informa\u00e7\u00e3o adicional<\/a><\/div>\n<\/div>\n<\/div>\n<div class=\"related related-products-wrapper product-section\">\n<h3 class=\"product-section-title container-width product-section-title-related pt-half pb-half uppercase\">PRODUTOS RELACIONADOS<\/h3>\n<\/div>\n","protected":false},"excerpt":{"rendered":"<p>Uma maneira simples, segura e pr\u00e1tica de proporcionar um processo de limpeza dos cabelos completo para pessoas com mobilidade reduzida.<\/p>\n<p>Veja mais informa\u00e7\u00f5es sobre o produto abaixo<\/p>\n","protected":false},"featured_media":371,"comment_status":"open","ping_status":"closed","template":"","meta":{"site-sidebar-layout":"default","site-content-layout":"default","ast-site-content-layout":"","site-content-style":"default","site-sidebar-style":"default","ast-global-header-display":"","ast-banner-title-visibility":"","ast-main-header-display":"","ast-hfb-above-header-display":"","ast-hfb-below-header-display":"","ast-hfb-mobile-header-display":"","site-post-title":"","ast-breadcrumbs-content":"","ast-featured-img":"","footer-sml-layout":"","theme-transparent-header-meta":"","adv-header-id-meta":"","stick-header-meta":"","header-above-stick-meta":"","header-main-stick-meta":"","header-below-stick-meta":"","astra-migrate-meta-layouts":"default","ast-page-background-enabled":"default","ast-page-background-meta":{"desktop":{"background-color":"var(--ast-global-color-4)","background-image":"","background-repeat":"repeat","background-position":"center center","background-size":"auto","background-attachment":"scroll","background-type":"","background-media":"","overlay-type":"","overlay-color":"","overlay-gradient":""},"tablet":{"background-color":"","background-image":"","background-repeat":"repeat","background-position":"center center","background-size":"auto","background-attachment":"scroll","background-type":"","background-media":"","overlay-type":"","overlay-color":"","overlay-gradient":""},"mobile":{"background-color":"","background-image":"","background-repeat":"repeat","background-position":"center center","background-size":"auto","background-attachment":"scroll","background-type":"","background-media":"","overlay-type":"","overlay-color":"","overlay-gradient":""}},"ast-content-background-meta":{"desktop":{"background-color":"var(--ast-global-color-5)","background-image":"","background-repeat":"repeat","background-position":"center center","background-size":"auto","background-attachment":"scroll","background-type":"","background-media":"","overlay-type":"","overlay-color":"","overlay-gradient":""},"tablet":{"background-color":"var(--ast-global-color-5)","background-image":"","background-repeat":"repeat","background-position":"center center","background-size":"auto","background-attachment":"scroll","background-type":"","background-media":"","overlay-type":"","overlay-color":"","overlay-gradient":""},"mobile":{"background-color":"var(--ast-global-color-5)","background-image":"","background-repeat":"repeat","background-position":"center center","background-size":"auto","background-attachment":"scroll","background-type":"","background-media":"","overlay-type":"","overlay-color":"","overlay-gradient":""}}},"product_brand":[],"product_cat":[17],"product_tag":[],"class_list":{"0":"post-370","1":"product","2":"type-product","3":"status-publish","4":"has-post-thumbnail","6":"product_cat-pos-operatorio","7":"desktop-align-left","8":"tablet-align-left","9":"mobile-align-left","11":"first","12":"instock","13":"shipping-taxable","14":"product-type-simple"},"_links":{"self":[{"href":"https:\/\/saudenacapital.com.br\/loja\/wp-json\/wp\/v2\/product\/370","targetHints":{"allow":["GET"]}}],"collection":[{"href":"https:\/\/saudenacapital.com.br\/loja\/wp-json\/wp\/v2\/product"}],"about":[{"href":"https:\/\/saudenacapital.com.br\/loja\/wp-json\/wp\/v2\/types\/product"}],"replies":[{"embeddable":true,"href":"https:\/\/saudenacapital.com.br\/loja\/wp-json\/wp\/v2\/comments?post=370"}],"wp:featuredmedia":[{"embeddable":true,"href":"https:\/\/saudenacapital.com.br\/loja\/wp-json\/wp\/v2\/media\/371"}],"wp:attachment":[{"href":"https:\/\/saudenacapital.com.br\/loja\/wp-json\/wp\/v2\/media?parent=370"}],"wp:term":[{"taxonomy":"product_brand","embeddable":true,"href":"https:\/\/saudenacapital.com.br\/loja\/wp-json\/wp\/v2\/product_brand?post=370"},{"taxonomy":"product_cat","embeddable":true,"href":"https:\/\/saudenacapital.com.br\/loja\/wp-json\/wp\/v2\/product_cat?post=370"},{"taxonomy":"product_tag","embeddable":true,"href":"https:\/\/saudenacapital.com.br\/loja\/wp-json\/wp\/v2\/product_tag?post=370"}],"curies":[{"name":"wp","href":"https:\/\/api.w.org\/{rel}","templated":true}]}}