{"id":372,"date":"2022-03-14T15:13:28","date_gmt":"2022-03-14T18:13:28","guid":{"rendered":"http:\/\/saudenacapital.com.br\/loja\/?post_type=product&#038;p=372"},"modified":"2022-03-14T15:13:28","modified_gmt":"2022-03-14T18:13:28","slug":"luva-de-protecao-e-contencao-das-maos-par","status":"publish","type":"product","link":"https:\/\/saudenacapital.com.br\/loja\/produto\/luva-de-protecao-e-contencao-das-maos-par\/","title":{"rendered":"Luva de prote\u00e7\u00e3o e conten\u00e7\u00e3o das m\u00e3os \u2013 Par"},"content":{"rendered":"<p>As luvas de de prote\u00e7\u00e3o e de conten\u00e7\u00e3o das m\u00e3os s\u00e3o essenciais para pacientes que por qualquer motivo possam arrancar sondas, cateteres de forma involunt\u00e1ria ou possuam agressividade consigo mesmo ou com familiares\/cuidadores..<br \/>\nFeito de Nylon resistente as luvas de prote\u00e7\u00e3o da Longevitech garantem qualidade e durabilidade. A tela volei permite que a m\u00e3o respire normalmente.<\/p>\n<p>Tamanho \u00fanico.<\/p>\n<p>Comprimento 29 cm<\/p>\n<p>Largura 22cm<\/p>\n<p>Peso 100 gramas<\/p>\n<p><iframe id=\"820288072\" title=\"Luva de conten\u00e7\u00e3o para Alzheimer\" src=\"https:\/\/www.youtube.com\/embed\/ghCKMmtD1dM?feature=oembed&amp;enablejsapi=1&amp;origin=https:\/\/longevitech.com.br\" width=\"1020\" height=\"574\" frameborder=\"0\" allowfullscreen=\"allowfullscreen\" data-gtm-yt-inspected-1_19=\"true\" data-mce-fragment=\"1\"><\/iframe><\/p>\n","protected":false},"excerpt":{"rendered":"<p>As luvas de de prote\u00e7\u00e3o e de conten\u00e7\u00e3o das m\u00e3os s\u00e3o essenciais para pacientes que por qualquer motivo possam arrancar sondas, cateteres de forma involunt\u00e1ria ou possuam agressividade consigo mesmo ou com familiares\/cuidadores..<br \/>\nFeito de Nylon resistente as luvas de prote\u00e7\u00e3o da Longevitech garantem qualidade e durabilidade. A tela volei permite que a m\u00e3o respire normalmente.<\/p>\n<p>Tamanho \u00fanico.<\/p>\n<p>Comprimento 29 cm<\/p>\n<p>Largura 22cm<\/p>\n<p>Peso 100 gramas<\/p>\n","protected":false},"featured_media":373,"comment_status":"open","ping_status":"closed","template":"","meta":{"site-sidebar-layout":"default","site-content-layout":"default","ast-site-content-layout":"","site-content-style":"default","site-sidebar-style":"default","ast-global-header-display":"","ast-banner-title-visibility":"","ast-main-header-display":"","ast-hfb-above-header-display":"","ast-hfb-below-header-display":"","ast-hfb-mobile-header-display":"","site-post-title":"","ast-breadcrumbs-content":"","ast-featured-img":"","footer-sml-layout":"","theme-transparent-header-meta":"","adv-header-id-meta":"","stick-header-meta":"","header-above-stick-meta":"","header-main-stick-meta":"","header-below-stick-meta":"","astra-migrate-meta-layouts":"default","ast-page-background-enabled":"default","ast-page-background-meta":{"desktop":{"background-color":"var(--ast-global-color-4)","background-image":"","background-repeat":"repeat","background-position":"center center","background-size":"auto","background-attachment":"scroll","background-type":"","background-media":"","overlay-type":"","overlay-color":"","overlay-gradient":""},"tablet":{"background-color":"","background-image":"","background-repeat":"repeat","background-position":"center center","background-size":"auto","background-attachment":"scroll","background-type":"","background-media":"","overlay-type":"","overlay-color":"","overlay-gradient":""},"mobile":{"background-color":"","background-image":"","background-repeat":"repeat","background-position":"center center","background-size":"auto","background-attachment":"scroll","background-type":"","background-media":"","overlay-type":"","overlay-color":"","overlay-gradient":""}},"ast-content-background-meta":{"desktop":{"background-color":"var(--ast-global-color-5)","background-image":"","background-repeat":"repeat","background-position":"center center","background-size":"auto","background-attachment":"scroll","background-type":"","background-media":"","overlay-type":"","overlay-color":"","overlay-gradient":""},"tablet":{"background-color":"var(--ast-global-color-5)","background-image":"","background-repeat":"repeat","background-position":"center center","background-size":"auto","background-attachment":"scroll","background-type":"","background-media":"","overlay-type":"","overlay-color":"","overlay-gradient":""},"mobile":{"background-color":"var(--ast-global-color-5)","background-image":"","background-repeat":"repeat","background-position":"center center","background-size":"auto","background-attachment":"scroll","background-type":"","background-media":"","overlay-type":"","overlay-color":"","overlay-gradient":""}}},"product_brand":[],"product_cat":[22],"product_tag":[],"class_list":{"0":"post-372","1":"product","2":"type-product","3":"status-publish","4":"has-post-thumbnail","6":"product_cat-mobilidade","7":"desktop-align-left","8":"tablet-align-left","9":"mobile-align-left","11":"first","12":"instock","13":"shipping-taxable","14":"purchasable","15":"product-type-simple"},"_links":{"self":[{"href":"https:\/\/saudenacapital.com.br\/loja\/wp-json\/wp\/v2\/product\/372","targetHints":{"allow":["GET"]}}],"collection":[{"href":"https:\/\/saudenacapital.com.br\/loja\/wp-json\/wp\/v2\/product"}],"about":[{"href":"https:\/\/saudenacapital.com.br\/loja\/wp-json\/wp\/v2\/types\/product"}],"replies":[{"embeddable":true,"href":"https:\/\/saudenacapital.com.br\/loja\/wp-json\/wp\/v2\/comments?post=372"}],"wp:featuredmedia":[{"embeddable":true,"href":"https:\/\/saudenacapital.com.br\/loja\/wp-json\/wp\/v2\/media\/373"}],"wp:attachment":[{"href":"https:\/\/saudenacapital.com.br\/loja\/wp-json\/wp\/v2\/media?parent=372"}],"wp:term":[{"taxonomy":"product_brand","embeddable":true,"href":"https:\/\/saudenacapital.com.br\/loja\/wp-json\/wp\/v2\/product_brand?post=372"},{"taxonomy":"product_cat","embeddable":true,"href":"https:\/\/saudenacapital.com.br\/loja\/wp-json\/wp\/v2\/product_cat?post=372"},{"taxonomy":"product_tag","embeddable":true,"href":"https:\/\/saudenacapital.com.br\/loja\/wp-json\/wp\/v2\/product_tag?post=372"}],"curies":[{"name":"wp","href":"https:\/\/api.w.org\/{rel}","templated":true}]}}