{"id":376,"date":"2022-03-14T15:18:13","date_gmt":"2022-03-14T18:18:13","guid":{"rendered":"http:\/\/saudenacapital.com.br\/loja\/?post_type=product&#038;p=376"},"modified":"2022-03-14T15:19:38","modified_gmt":"2022-03-14T18:19:38","slug":"cinta-para-travar-os-pes-de-cadeirante","status":"publish","type":"product","link":"https:\/\/saudenacapital.com.br\/loja\/produto\/cinta-para-travar-os-pes-de-cadeirante\/","title":{"rendered":"Cinta para travar os p\u00e9s de cadeirante"},"content":{"rendered":"<p>O cinto de pernas para cadeira de rodas Longevitech, foi projetado para indiv\u00edduos que necessitem que os p\u00e9s e pernas fiquem fixos enquanto utilizam a cadeira de rodas.<\/p>\n<p>Mantendo as pernas do usu\u00e1rio em uma posi\u00e7\u00e3o segura e evitando les\u00f5es, esse produto \u00e9 feito de material de alta qualidade, dur\u00e1vel e possui acolchoamento para maior conforto.<\/p>\n<p>Com fechamento de velcro, esse acess\u00f3rio \u00e9 ajust\u00e1vel e se adequa a qualquer tipo de cadeira de rodas e tornozelos com circunfer\u00eancia de at\u00e9 38 cm.<\/p>\n<p>Indicado para cadeirantes, portadores de Parkinson, fraqueza muscular, Alzheimer etc.<\/p>\n<p><iframe id=\"149249926\" title=\"Cinto para p\u00e9s na cadeira de rodas\" src=\"https:\/\/www.youtube.com\/embed\/NsrrNqLq6rs?feature=oembed&amp;enablejsapi=1&amp;origin=https:\/\/longevitech.com.br\" width=\"1020\" height=\"574\" frameborder=\"0\" allowfullscreen=\"allowfullscreen\" data-gtm-yt-inspected-1_19=\"true\" data-mce-fragment=\"1\"><\/iframe><\/p>\n","protected":false},"excerpt":{"rendered":"<p>O cinto de pernas para cadeira de rodas Longevitech, foi projetado para indiv\u00edduos que necessitem que os p\u00e9s e pernas fiquem fixos enquanto utilizam a cadeira de rodas.<\/p>\n<p>Mantendo as pernas do usu\u00e1rio em uma posi\u00e7\u00e3o segura e evitando les\u00f5es, esse produto \u00e9 feito de material de alta qualidade, dur\u00e1vel e possui acolchoamento para maior conforto.<\/p>\n<p>Com fechamento de velcro, esse acess\u00f3rio \u00e9 ajust\u00e1vel e se adequa a qualquer tipo de cadeira de rodas e tornozelos com circunfer\u00eancia de at\u00e9 38 cm.<\/p>\n<p>Indicado para cadeirantes, portadores de Parkinson, fraqueza muscular, Alzheimer etc.<\/p>\n","protected":false},"featured_media":377,"comment_status":"open","ping_status":"closed","template":"","meta":{"site-sidebar-layout":"default","site-content-layout":"default","ast-site-content-layout":"","site-content-style":"default","site-sidebar-style":"default","ast-global-header-display":"","ast-banner-title-visibility":"","ast-main-header-display":"","ast-hfb-above-header-display":"","ast-hfb-below-header-display":"","ast-hfb-mobile-header-display":"","site-post-title":"","ast-breadcrumbs-content":"","ast-featured-img":"","footer-sml-layout":"","theme-transparent-header-meta":"","adv-header-id-meta":"","stick-header-meta":"","header-above-stick-meta":"","header-main-stick-meta":"","header-below-stick-meta":"","astra-migrate-meta-layouts":"default","ast-page-background-enabled":"default","ast-page-background-meta":{"desktop":{"background-color":"var(--ast-global-color-4)","background-image":"","background-repeat":"repeat","background-position":"center center","background-size":"auto","background-attachment":"scroll","background-type":"","background-media":"","overlay-type":"","overlay-color":"","overlay-gradient":""},"tablet":{"background-color":"","background-image":"","background-repeat":"repeat","background-position":"center center","background-size":"auto","background-attachment":"scroll","background-type":"","background-media":"","overlay-type":"","overlay-color":"","overlay-gradient":""},"mobile":{"background-color":"","background-image":"","background-repeat":"repeat","background-position":"center center","background-size":"auto","background-attachment":"scroll","background-type":"","background-media":"","overlay-type":"","overlay-color":"","overlay-gradient":""}},"ast-content-background-meta":{"desktop":{"background-color":"var(--ast-global-color-5)","background-image":"","background-repeat":"repeat","background-position":"center center","background-size":"auto","background-attachment":"scroll","background-type":"","background-media":"","overlay-type":"","overlay-color":"","overlay-gradient":""},"tablet":{"background-color":"var(--ast-global-color-5)","background-image":"","background-repeat":"repeat","background-position":"center center","background-size":"auto","background-attachment":"scroll","background-type":"","background-media":"","overlay-type":"","overlay-color":"","overlay-gradient":""},"mobile":{"background-color":"var(--ast-global-color-5)","background-image":"","background-repeat":"repeat","background-position":"center center","background-size":"auto","background-attachment":"scroll","background-type":"","background-media":"","overlay-type":"","overlay-color":"","overlay-gradient":""}}},"product_brand":[],"product_cat":[16],"product_tag":[],"class_list":{"0":"post-376","1":"product","2":"type-product","3":"status-publish","4":"has-post-thumbnail","6":"product_cat-sem-categoria","7":"desktop-align-left","8":"tablet-align-left","9":"mobile-align-left","11":"first","12":"instock","13":"shipping-taxable","14":"purchasable","15":"product-type-simple"},"_links":{"self":[{"href":"https:\/\/saudenacapital.com.br\/loja\/wp-json\/wp\/v2\/product\/376","targetHints":{"allow":["GET"]}}],"collection":[{"href":"https:\/\/saudenacapital.com.br\/loja\/wp-json\/wp\/v2\/product"}],"about":[{"href":"https:\/\/saudenacapital.com.br\/loja\/wp-json\/wp\/v2\/types\/product"}],"replies":[{"embeddable":true,"href":"https:\/\/saudenacapital.com.br\/loja\/wp-json\/wp\/v2\/comments?post=376"}],"wp:featuredmedia":[{"embeddable":true,"href":"https:\/\/saudenacapital.com.br\/loja\/wp-json\/wp\/v2\/media\/377"}],"wp:attachment":[{"href":"https:\/\/saudenacapital.com.br\/loja\/wp-json\/wp\/v2\/media?parent=376"}],"wp:term":[{"taxonomy":"product_brand","embeddable":true,"href":"https:\/\/saudenacapital.com.br\/loja\/wp-json\/wp\/v2\/product_brand?post=376"},{"taxonomy":"product_cat","embeddable":true,"href":"https:\/\/saudenacapital.com.br\/loja\/wp-json\/wp\/v2\/product_cat?post=376"},{"taxonomy":"product_tag","embeddable":true,"href":"https:\/\/saudenacapital.com.br\/loja\/wp-json\/wp\/v2\/product_tag?post=376"}],"curies":[{"name":"wp","href":"https:\/\/api.w.org\/{rel}","templated":true}]}}