{"id":378,"date":"2022-03-14T15:21:13","date_gmt":"2022-03-14T18:21:13","guid":{"rendered":"http:\/\/saudenacapital.com.br\/loja\/?post_type=product&#038;p=378"},"modified":"2022-03-14T15:31:52","modified_gmt":"2022-03-14T18:31:52","slug":"cinto-de-contencao-abdominal-para-acamados","status":"publish","type":"product","link":"https:\/\/saudenacapital.com.br\/loja\/produto\/cinto-de-contencao-abdominal-para-acamados\/","title":{"rendered":"Cinto de conten\u00e7\u00e3o abdominal para acamados"},"content":{"rendered":"<p>A Cinta de conten\u00e7\u00e3o abdominal para acamados \u00e9 indicado para todas as pessoas que por qualquer motivo possuam instabilidade para ficar acamados com seguran\u00e7a<\/p>\n<p>Feita em Nylon e com enchimento, a Cinta de conten\u00e7\u00e3o abdominal para acamados proporciona conforto e seguran\u00e7a para o usu\u00e1rio ficar deitado com seguran\u00e7a.<\/p>\n<p>Coloque a cinta posicionada e presa no colch\u00e3o ou na cama, deite o paciente por cima da cinta e prenda com as fitas nylon nas fivelas de metal. Ajuste com a tens\u00e3o adequada.<\/p>\n<p>Cerifique-se que o produto esteja posicionado e instalado na forma correta. N\u00e3o ajustar demasiadamente.<\/p>\n<p><iframe id=\"365763262\" title=\"cinto conten\u00e7\u00e3o abdominal para acamados\" src=\"https:\/\/www.youtube.com\/embed\/pdQWhOC9tDM?feature=oembed&amp;enablejsapi=1&amp;origin=https:\/\/longevitech.com.br\" width=\"1020\" height=\"574\" frameborder=\"0\" allowfullscreen=\"allowfullscreen\" data-gtm-yt-inspected-1_19=\"true\" data-mce-fragment=\"1\"><\/iframe><\/p>\n<p>&nbsp;<\/p>\n","protected":false},"excerpt":{"rendered":"<p>A Cinta de conten\u00e7\u00e3o abdominal para acamados \u00e9 indicado para todas as pessoas que por qualquer motivo possuam instabilidade para ficar acamados com seguran\u00e7a<\/p>\n<p>Feita em Nylon e com enchimento, a Cinta de conten\u00e7\u00e3o abdominal para acamados proporciona conforto e seguran\u00e7a para o usu\u00e1rio ficar deitado com seguran\u00e7a.<\/p>\n<p>Coloque a cinta posicionada e presa no colch\u00e3o ou na cama, deite o paciente por cima da cinta e prenda com as fitas nylon nas fivelas de metal. Ajuste com a tens\u00e3o adequada.<\/p>\n<p>Cerifique-se que o produto esteja posicionado e instalado na forma correta. N\u00e3o ajustar demasiadamente.<\/p>\n<p>Atende a todos os tamanhos de cama (Solteiro a King Size)<\/p>\n","protected":false},"featured_media":379,"comment_status":"open","ping_status":"closed","template":"","meta":{"site-sidebar-layout":"default","site-content-layout":"default","ast-site-content-layout":"","site-content-style":"default","site-sidebar-style":"default","ast-global-header-display":"","ast-banner-title-visibility":"","ast-main-header-display":"","ast-hfb-above-header-display":"","ast-hfb-below-header-display":"","ast-hfb-mobile-header-display":"","site-post-title":"","ast-breadcrumbs-content":"","ast-featured-img":"","footer-sml-layout":"","theme-transparent-header-meta":"","adv-header-id-meta":"","stick-header-meta":"","header-above-stick-meta":"","header-main-stick-meta":"","header-below-stick-meta":"","astra-migrate-meta-layouts":"default","ast-page-background-enabled":"default","ast-page-background-meta":{"desktop":{"background-color":"var(--ast-global-color-4)","background-image":"","background-repeat":"repeat","background-position":"center center","background-size":"auto","background-attachment":"scroll","background-type":"","background-media":"","overlay-type":"","overlay-color":"","overlay-gradient":""},"tablet":{"background-color":"","background-image":"","background-repeat":"repeat","background-position":"center center","background-size":"auto","background-attachment":"scroll","background-type":"","background-media":"","overlay-type":"","overlay-color":"","overlay-gradient":""},"mobile":{"background-color":"","background-image":"","background-repeat":"repeat","background-position":"center center","background-size":"auto","background-attachment":"scroll","background-type":"","background-media":"","overlay-type":"","overlay-color":"","overlay-gradient":""}},"ast-content-background-meta":{"desktop":{"background-color":"var(--ast-global-color-5)","background-image":"","background-repeat":"repeat","background-position":"center center","background-size":"auto","background-attachment":"scroll","background-type":"","background-media":"","overlay-type":"","overlay-color":"","overlay-gradient":""},"tablet":{"background-color":"var(--ast-global-color-5)","background-image":"","background-repeat":"repeat","background-position":"center center","background-size":"auto","background-attachment":"scroll","background-type":"","background-media":"","overlay-type":"","overlay-color":"","overlay-gradient":""},"mobile":{"background-color":"var(--ast-global-color-5)","background-image":"","background-repeat":"repeat","background-position":"center center","background-size":"auto","background-attachment":"scroll","background-type":"","background-media":"","overlay-type":"","overlay-color":"","overlay-gradient":""}}},"product_brand":[],"product_cat":[17],"product_tag":[],"class_list":{"0":"post-378","1":"product","2":"type-product","3":"status-publish","4":"has-post-thumbnail","6":"product_cat-pos-operatorio","7":"desktop-align-left","8":"tablet-align-left","9":"mobile-align-left","11":"first","12":"instock","13":"shipping-taxable","14":"purchasable","15":"product-type-simple"},"_links":{"self":[{"href":"https:\/\/saudenacapital.com.br\/loja\/wp-json\/wp\/v2\/product\/378","targetHints":{"allow":["GET"]}}],"collection":[{"href":"https:\/\/saudenacapital.com.br\/loja\/wp-json\/wp\/v2\/product"}],"about":[{"href":"https:\/\/saudenacapital.com.br\/loja\/wp-json\/wp\/v2\/types\/product"}],"replies":[{"embeddable":true,"href":"https:\/\/saudenacapital.com.br\/loja\/wp-json\/wp\/v2\/comments?post=378"}],"wp:featuredmedia":[{"embeddable":true,"href":"https:\/\/saudenacapital.com.br\/loja\/wp-json\/wp\/v2\/media\/379"}],"wp:attachment":[{"href":"https:\/\/saudenacapital.com.br\/loja\/wp-json\/wp\/v2\/media?parent=378"}],"wp:term":[{"taxonomy":"product_brand","embeddable":true,"href":"https:\/\/saudenacapital.com.br\/loja\/wp-json\/wp\/v2\/product_brand?post=378"},{"taxonomy":"product_cat","embeddable":true,"href":"https:\/\/saudenacapital.com.br\/loja\/wp-json\/wp\/v2\/product_cat?post=378"},{"taxonomy":"product_tag","embeddable":true,"href":"https:\/\/saudenacapital.com.br\/loja\/wp-json\/wp\/v2\/product_tag?post=378"}],"curies":[{"name":"wp","href":"https:\/\/api.w.org\/{rel}","templated":true}]}}