{"id":383,"date":"2022-03-14T15:34:17","date_gmt":"2022-03-14T18:34:17","guid":{"rendered":"http:\/\/saudenacapital.com.br\/loja\/?post_type=product&#038;p=383"},"modified":"2022-03-14T15:34:29","modified_gmt":"2022-03-14T18:34:29","slug":"almofada-giroflex","status":"publish","type":"product","link":"https:\/\/saudenacapital.com.br\/loja\/produto\/almofada-giroflex\/","title":{"rendered":"Almofada Giroflex"},"content":{"rendered":"<p>Ideal para auxiliar nas rotinas di\u00e1rias de movimenta\u00e7\u00e3o e higiene de pacientes acamados.<\/p>\n<p>Caracter\u00edsticas: Feito em espuma de alta densidade a almofada Giroflex possui uma capa imperme\u00e1vel com duas al\u00e7as auxiliares trazendo conforto e seguran\u00e7a na movimenta\u00e7\u00e3o de acamados.<\/p>\n<p>Instru\u00e7\u00f5es de uso: Posicione a Almofada Giroflex na altura do joelho (quanto mais pr\u00f3ximo ao Quadril melhor)<br \/>\npara efetuar a movimenta\u00e7\u00e3o por lateralidade. Com uma das m\u00e3os insira nas al\u00e7as de apoio da almofada para<br \/>\nefetuar a movimenta\u00e7\u00e3o, sempre utilizando a outra m\u00e3o para a movimenta\u00e7\u00e3o do tronco.<\/p>\n<p>Composi\u00e7\u00e3o: Tecido Imperme\u00e1vel<\/p>\n<p>Prazo de Validade: Indeterminado<\/p>\n<p>Garantia: 3 Meses<\/p>\n<p>Dimens\u00f5es: 47 x 40 x 13 cm<\/p>\n<p>Produzido no Brasil<\/p>\n<p>Cont\u00e9m 1 unidade<\/p>\n","protected":false},"excerpt":{"rendered":"<p>Ideal para auxiliar nas rotinas di\u00e1rias de movimenta\u00e7\u00e3o e higiene de pacientes acamados.<\/p>\n<p>Caracter\u00edsticas: Feito em espuma de alta densidade a almofada Giroflex possui uma capa imperme\u00e1vel com duas al\u00e7as auxiliares trazendo conforto e seguran\u00e7a na movimenta\u00e7\u00e3o de acamados.<\/p>\n<p>Dimens\u00f5es: 47 x 40 x 13 cm<\/p>\n","protected":false},"featured_media":384,"comment_status":"open","ping_status":"closed","template":"","meta":{"site-sidebar-layout":"default","site-content-layout":"default","ast-site-content-layout":"","site-content-style":"default","site-sidebar-style":"default","ast-global-header-display":"","ast-banner-title-visibility":"","ast-main-header-display":"","ast-hfb-above-header-display":"","ast-hfb-below-header-display":"","ast-hfb-mobile-header-display":"","site-post-title":"","ast-breadcrumbs-content":"","ast-featured-img":"","footer-sml-layout":"","theme-transparent-header-meta":"","adv-header-id-meta":"","stick-header-meta":"","header-above-stick-meta":"","header-main-stick-meta":"","header-below-stick-meta":"","astra-migrate-meta-layouts":"default","ast-page-background-enabled":"default","ast-page-background-meta":{"desktop":{"background-color":"var(--ast-global-color-4)","background-image":"","background-repeat":"repeat","background-position":"center center","background-size":"auto","background-attachment":"scroll","background-type":"","background-media":"","overlay-type":"","overlay-color":"","overlay-gradient":""},"tablet":{"background-color":"","background-image":"","background-repeat":"repeat","background-position":"center center","background-size":"auto","background-attachment":"scroll","background-type":"","background-media":"","overlay-type":"","overlay-color":"","overlay-gradient":""},"mobile":{"background-color":"","background-image":"","background-repeat":"repeat","background-position":"center center","background-size":"auto","background-attachment":"scroll","background-type":"","background-media":"","overlay-type":"","overlay-color":"","overlay-gradient":""}},"ast-content-background-meta":{"desktop":{"background-color":"var(--ast-global-color-5)","background-image":"","background-repeat":"repeat","background-position":"center center","background-size":"auto","background-attachment":"scroll","background-type":"","background-media":"","overlay-type":"","overlay-color":"","overlay-gradient":""},"tablet":{"background-color":"var(--ast-global-color-5)","background-image":"","background-repeat":"repeat","background-position":"center center","background-size":"auto","background-attachment":"scroll","background-type":"","background-media":"","overlay-type":"","overlay-color":"","overlay-gradient":""},"mobile":{"background-color":"var(--ast-global-color-5)","background-image":"","background-repeat":"repeat","background-position":"center center","background-size":"auto","background-attachment":"scroll","background-type":"","background-media":"","overlay-type":"","overlay-color":"","overlay-gradient":""}}},"product_brand":[],"product_cat":[17],"product_tag":[],"class_list":{"0":"post-383","1":"product","2":"type-product","3":"status-publish","4":"has-post-thumbnail","6":"product_cat-pos-operatorio","7":"desktop-align-left","8":"tablet-align-left","9":"mobile-align-left","11":"first","12":"instock","13":"sale","14":"shipping-taxable","15":"purchasable","16":"product-type-simple"},"_links":{"self":[{"href":"https:\/\/saudenacapital.com.br\/loja\/wp-json\/wp\/v2\/product\/383","targetHints":{"allow":["GET"]}}],"collection":[{"href":"https:\/\/saudenacapital.com.br\/loja\/wp-json\/wp\/v2\/product"}],"about":[{"href":"https:\/\/saudenacapital.com.br\/loja\/wp-json\/wp\/v2\/types\/product"}],"replies":[{"embeddable":true,"href":"https:\/\/saudenacapital.com.br\/loja\/wp-json\/wp\/v2\/comments?post=383"}],"wp:featuredmedia":[{"embeddable":true,"href":"https:\/\/saudenacapital.com.br\/loja\/wp-json\/wp\/v2\/media\/384"}],"wp:attachment":[{"href":"https:\/\/saudenacapital.com.br\/loja\/wp-json\/wp\/v2\/media?parent=383"}],"wp:term":[{"taxonomy":"product_brand","embeddable":true,"href":"https:\/\/saudenacapital.com.br\/loja\/wp-json\/wp\/v2\/product_brand?post=383"},{"taxonomy":"product_cat","embeddable":true,"href":"https:\/\/saudenacapital.com.br\/loja\/wp-json\/wp\/v2\/product_cat?post=383"},{"taxonomy":"product_tag","embeddable":true,"href":"https:\/\/saudenacapital.com.br\/loja\/wp-json\/wp\/v2\/product_tag?post=383"}],"curies":[{"name":"wp","href":"https:\/\/api.w.org\/{rel}","templated":true}]}}