{"id":385,"date":"2022-03-14T15:36:29","date_gmt":"2022-03-14T18:36:29","guid":{"rendered":"http:\/\/saudenacapital.com.br\/loja\/?post_type=product&#038;p=385"},"modified":"2022-03-14T15:36:29","modified_gmt":"2022-03-14T18:36:29","slug":"bola-de-exercicio-fisioterapeutico-para-maos-e-dedos-com-haste-rigida","status":"publish","type":"product","link":"https:\/\/saudenacapital.com.br\/loja\/produto\/bola-de-exercicio-fisioterapeutico-para-maos-e-dedos-com-haste-rigida\/","title":{"rendered":"Bola de exerc\u00edcio fisioterap\u00eautico para m\u00e3os e dedos com haste r\u00edgida"},"content":{"rendered":"<p>Ideal para treinamentos de reabilita\u00e7\u00e3o das m\u00e3os e dedos, a Bola de exerc\u00edcio fisioterap\u00eautico para dedos Longevitech, \u00e9 indicado para pessoas que sofreram de AVC, les\u00f5es cerebrais, atrofia muscular da m\u00e3o, t\u00fanel do carpo, espasticidade, etc. Tamb\u00e9m pode ser utilizado como equipamento de exerc\u00edcio di\u00e1rio para idosos, ajudando-os de forma eficaz a exercitar as m\u00e3os e os dedos.<br \/>\nA bola de espuma \u00e9 macia e ajuda a posicionar os dedos para que fiquem abertos, evitando a deforma\u00e7\u00e3o articular e a fita de alum\u00ednio embutida coloca sua m\u00e3o em uma posi\u00e7\u00e3o neutra e confort\u00e1vel, ajudando a reduzir a tens\u00e3o dos dedos.<br \/>\nTamanho ideal para a maioria das m\u00e3os, esse acess\u00f3rio permite o encaixe tanto da m\u00e3o esquerda quanto da direita.<\/p>\n<p>O produto \u00e9 feito de fita de nylon, uma bola de espuma e uma haste de a\u00e7o localizada que ajuda a estabilizar o punho em posi\u00e7\u00e3o funcional na hora do exerc\u00edcio.<br \/>\nCircunferencia m\u00e1xima do pulso: 31cm<\/p>\n<p><iframe id=\"291111784\" title=\"Bola de exerc\u00edcio fisioterapico com tala\" src=\"https:\/\/www.youtube.com\/embed\/hWrSDAwv7D8?feature=oembed&amp;enablejsapi=1&amp;origin=https:\/\/longevitech.com.br\" width=\"1020\" height=\"574\" frameborder=\"0\" allowfullscreen=\"allowfullscreen\" data-gtm-yt-inspected-1_19=\"true\" data-mce-fragment=\"1\"><\/iframe><\/p>\n","protected":false},"excerpt":{"rendered":"<p>Ideal para treinamentos de reabilita\u00e7\u00e3o das m\u00e3os e dedos, a Bola de exerc\u00edcio fisioterap\u00eautico para dedos Longevitech, \u00e9 indicado para pessoas que sofreram de AVC, les\u00f5es cerebrais, atrofia muscular da m\u00e3o, t\u00fanel do carpo, etc.<br \/>\nA bola de espuma \u00e9 macia e ajuda a posicionar os dedos para que fiquem abertos, evitando a deforma\u00e7\u00e3o articular e a fita de alum\u00ednio embutida coloca sua m\u00e3o em uma posi\u00e7\u00e3o neutra e confort\u00e1vel, ajudando a reduzir a tens\u00e3o dos dedos.<\/p>\n<p>Excelente para auxiliar pacientes com espasticidade.<\/p>\n","protected":false},"featured_media":386,"comment_status":"open","ping_status":"closed","template":"","meta":{"site-sidebar-layout":"default","site-content-layout":"default","ast-site-content-layout":"","site-content-style":"default","site-sidebar-style":"default","ast-global-header-display":"","ast-banner-title-visibility":"","ast-main-header-display":"","ast-hfb-above-header-display":"","ast-hfb-below-header-display":"","ast-hfb-mobile-header-display":"","site-post-title":"","ast-breadcrumbs-content":"","ast-featured-img":"","footer-sml-layout":"","theme-transparent-header-meta":"","adv-header-id-meta":"","stick-header-meta":"","header-above-stick-meta":"","header-main-stick-meta":"","header-below-stick-meta":"","astra-migrate-meta-layouts":"default","ast-page-background-enabled":"default","ast-page-background-meta":{"desktop":{"background-color":"var(--ast-global-color-4)","background-image":"","background-repeat":"repeat","background-position":"center center","background-size":"auto","background-attachment":"scroll","background-type":"","background-media":"","overlay-type":"","overlay-color":"","overlay-gradient":""},"tablet":{"background-color":"","background-image":"","background-repeat":"repeat","background-position":"center center","background-size":"auto","background-attachment":"scroll","background-type":"","background-media":"","overlay-type":"","overlay-color":"","overlay-gradient":""},"mobile":{"background-color":"","background-image":"","background-repeat":"repeat","background-position":"center center","background-size":"auto","background-attachment":"scroll","background-type":"","background-media":"","overlay-type":"","overlay-color":"","overlay-gradient":""}},"ast-content-background-meta":{"desktop":{"background-color":"var(--ast-global-color-5)","background-image":"","background-repeat":"repeat","background-position":"center center","background-size":"auto","background-attachment":"scroll","background-type":"","background-media":"","overlay-type":"","overlay-color":"","overlay-gradient":""},"tablet":{"background-color":"var(--ast-global-color-5)","background-image":"","background-repeat":"repeat","background-position":"center center","background-size":"auto","background-attachment":"scroll","background-type":"","background-media":"","overlay-type":"","overlay-color":"","overlay-gradient":""},"mobile":{"background-color":"var(--ast-global-color-5)","background-image":"","background-repeat":"repeat","background-position":"center center","background-size":"auto","background-attachment":"scroll","background-type":"","background-media":"","overlay-type":"","overlay-color":"","overlay-gradient":""}}},"product_brand":[],"product_cat":[17],"product_tag":[],"class_list":{"0":"post-385","1":"product","2":"type-product","3":"status-publish","4":"has-post-thumbnail","6":"product_cat-pos-operatorio","7":"desktop-align-left","8":"tablet-align-left","9":"mobile-align-left","11":"first","12":"instock","13":"shipping-taxable","14":"purchasable","15":"product-type-simple"},"_links":{"self":[{"href":"https:\/\/saudenacapital.com.br\/loja\/wp-json\/wp\/v2\/product\/385","targetHints":{"allow":["GET"]}}],"collection":[{"href":"https:\/\/saudenacapital.com.br\/loja\/wp-json\/wp\/v2\/product"}],"about":[{"href":"https:\/\/saudenacapital.com.br\/loja\/wp-json\/wp\/v2\/types\/product"}],"replies":[{"embeddable":true,"href":"https:\/\/saudenacapital.com.br\/loja\/wp-json\/wp\/v2\/comments?post=385"}],"wp:featuredmedia":[{"embeddable":true,"href":"https:\/\/saudenacapital.com.br\/loja\/wp-json\/wp\/v2\/media\/386"}],"wp:attachment":[{"href":"https:\/\/saudenacapital.com.br\/loja\/wp-json\/wp\/v2\/media?parent=385"}],"wp:term":[{"taxonomy":"product_brand","embeddable":true,"href":"https:\/\/saudenacapital.com.br\/loja\/wp-json\/wp\/v2\/product_brand?post=385"},{"taxonomy":"product_cat","embeddable":true,"href":"https:\/\/saudenacapital.com.br\/loja\/wp-json\/wp\/v2\/product_cat?post=385"},{"taxonomy":"product_tag","embeddable":true,"href":"https:\/\/saudenacapital.com.br\/loja\/wp-json\/wp\/v2\/product_tag?post=385"}],"curies":[{"name":"wp","href":"https:\/\/api.w.org\/{rel}","templated":true}]}}