{"id":411,"date":"2022-03-14T17:48:03","date_gmt":"2022-03-14T20:48:03","guid":{"rendered":"http:\/\/saudenacapital.com.br\/loja\/?post_type=product&#038;p=411"},"modified":"2022-03-14T17:48:03","modified_gmt":"2022-03-14T20:48:03","slug":"cinto-de-seguranca-abdominal-premium","status":"publish","type":"product","link":"https:\/\/saudenacapital.com.br\/loja\/produto\/cinto-de-seguranca-abdominal-premium\/","title":{"rendered":"Cinto de seguran\u00e7a abdominal premium"},"content":{"rendered":"<h2><\/h2>\n<h2 class=\"product-title product_title entry-title\"><strong>Cinto de seguran\u00e7a abdominal premium<\/strong><\/h2>\n<p>&nbsp;<\/p>\n<p data-uw-styling-context=\"true\">Projetado para dar maior seguran\u00e7a no uso de cadeira de rodas ou poltronas, o Cinto de Seguran\u00e7a Cadeirante Longevitech\u00ae, proporciona maior seguran\u00e7a no transporte de idosos, portadores de necessidades especiais, gestantes entre outros, evitando o deslizamento e consequente queda destes indiv\u00edduos.<\/p>\n<p data-uw-styling-context=\"true\">Com 1,65 metros de comprimento, proporciona maior seguran\u00e7a em rela\u00e7\u00e3o a deslizamentos na cadeira, assim como a conten\u00e7\u00e3o de pacientes internados em Institui\u00e7\u00f5es de Longa Perman\u00eancia para Idosos (Casas de Repouso), evitando que os mesmos possam se levantar e sofrerem algum tipo de acidente ou queda.<\/p>\n<p data-uw-styling-context=\"true\">Compat\u00edvel com a maioria das cadeiras de rodas e poltronas, tamb\u00e9m possibilita ajuste extra, atrav\u00e9s da extens\u00e3o de 1 metro vendida separadamente para equipamentos fora do padr\u00e3o ou pessoas obesas, al\u00e9m de proporcionar a facilidade de ser lavado em m\u00e1quina.<\/p>\n<p data-uw-styling-context=\"true\">Antes de efetuar a compra atrav\u00e9s de nosso site, confira as medidas de onde o cinto ser\u00e1 usado, considerando a presen\u00e7a do paciente para evitar transtornos quanto a n\u00e3o adequa\u00e7\u00e3o do produto.<\/p>\n<p><iframe id=\"859114398\" title=\"Cinto de seguran\u00e7a para cadeira de rodas\" src=\"https:\/\/www.youtube.com\/embed\/YWGPhABP5eI?feature=oembed&amp;enablejsapi=1&amp;origin=https:\/\/longevitech.com.br\" width=\"1020\" height=\"574\" frameborder=\"0\" allowfullscreen=\"allowfullscreen\" data-gtm-yt-inspected-1_19=\"true\" data-mce-fragment=\"1\"><\/iframe><\/p>\n","protected":false},"excerpt":{"rendered":"<p data-uw-styling-context=\"true\">Projetado para dar maior seguran\u00e7a no uso de cadeira de rodas ou poltronas, o Cinto de Seguran\u00e7a Cadeirante Longevitech\u00ae, proporciona maior seguran\u00e7a no transporte de idosos, portadores de necessidades especiais, gestantes entre outros, evitando o deslizamento e consequente queda destes indiv\u00edduos.<\/p>\n<p data-uw-styling-context=\"true\">Veja mais informa\u00e7\u00f5es sobre o produto abaixo<\/p>\n","protected":false},"featured_media":412,"comment_status":"open","ping_status":"closed","template":"","meta":{"site-sidebar-layout":"default","site-content-layout":"default","ast-site-content-layout":"","site-content-style":"default","site-sidebar-style":"default","ast-global-header-display":"","ast-banner-title-visibility":"","ast-main-header-display":"","ast-hfb-above-header-display":"","ast-hfb-below-header-display":"","ast-hfb-mobile-header-display":"","site-post-title":"","ast-breadcrumbs-content":"","ast-featured-img":"","footer-sml-layout":"","theme-transparent-header-meta":"","adv-header-id-meta":"","stick-header-meta":"","header-above-stick-meta":"","header-main-stick-meta":"","header-below-stick-meta":"","astra-migrate-meta-layouts":"default","ast-page-background-enabled":"default","ast-page-background-meta":{"desktop":{"background-color":"var(--ast-global-color-4)","background-image":"","background-repeat":"repeat","background-position":"center center","background-size":"auto","background-attachment":"scroll","background-type":"","background-media":"","overlay-type":"","overlay-color":"","overlay-gradient":""},"tablet":{"background-color":"","background-image":"","background-repeat":"repeat","background-position":"center center","background-size":"auto","background-attachment":"scroll","background-type":"","background-media":"","overlay-type":"","overlay-color":"","overlay-gradient":""},"mobile":{"background-color":"","background-image":"","background-repeat":"repeat","background-position":"center center","background-size":"auto","background-attachment":"scroll","background-type":"","background-media":"","overlay-type":"","overlay-color":"","overlay-gradient":""}},"ast-content-background-meta":{"desktop":{"background-color":"var(--ast-global-color-5)","background-image":"","background-repeat":"repeat","background-position":"center center","background-size":"auto","background-attachment":"scroll","background-type":"","background-media":"","overlay-type":"","overlay-color":"","overlay-gradient":""},"tablet":{"background-color":"var(--ast-global-color-5)","background-image":"","background-repeat":"repeat","background-position":"center center","background-size":"auto","background-attachment":"scroll","background-type":"","background-media":"","overlay-type":"","overlay-color":"","overlay-gradient":""},"mobile":{"background-color":"var(--ast-global-color-5)","background-image":"","background-repeat":"repeat","background-position":"center center","background-size":"auto","background-attachment":"scroll","background-type":"","background-media":"","overlay-type":"","overlay-color":"","overlay-gradient":""}}},"product_brand":[],"product_cat":[22],"product_tag":[],"class_list":{"0":"post-411","1":"product","2":"type-product","3":"status-publish","4":"has-post-thumbnail","6":"product_cat-mobilidade","7":"desktop-align-left","8":"tablet-align-left","9":"mobile-align-left","11":"first","12":"instock","13":"shipping-taxable","14":"purchasable","15":"product-type-simple"},"_links":{"self":[{"href":"https:\/\/saudenacapital.com.br\/loja\/wp-json\/wp\/v2\/product\/411","targetHints":{"allow":["GET"]}}],"collection":[{"href":"https:\/\/saudenacapital.com.br\/loja\/wp-json\/wp\/v2\/product"}],"about":[{"href":"https:\/\/saudenacapital.com.br\/loja\/wp-json\/wp\/v2\/types\/product"}],"replies":[{"embeddable":true,"href":"https:\/\/saudenacapital.com.br\/loja\/wp-json\/wp\/v2\/comments?post=411"}],"wp:featuredmedia":[{"embeddable":true,"href":"https:\/\/saudenacapital.com.br\/loja\/wp-json\/wp\/v2\/media\/412"}],"wp:attachment":[{"href":"https:\/\/saudenacapital.com.br\/loja\/wp-json\/wp\/v2\/media?parent=411"}],"wp:term":[{"taxonomy":"product_brand","embeddable":true,"href":"https:\/\/saudenacapital.com.br\/loja\/wp-json\/wp\/v2\/product_brand?post=411"},{"taxonomy":"product_cat","embeddable":true,"href":"https:\/\/saudenacapital.com.br\/loja\/wp-json\/wp\/v2\/product_cat?post=411"},{"taxonomy":"product_tag","embeddable":true,"href":"https:\/\/saudenacapital.com.br\/loja\/wp-json\/wp\/v2\/product_tag?post=411"}],"curies":[{"name":"wp","href":"https:\/\/api.w.org\/{rel}","templated":true}]}}