{"id":413,"date":"2022-03-14T17:52:48","date_gmt":"2022-03-14T20:52:48","guid":{"rendered":"http:\/\/saudenacapital.com.br\/loja\/?post_type=product&#038;p=413"},"modified":"2022-03-14T18:46:08","modified_gmt":"2022-03-14T21:46:08","slug":"cadeira-de-transferencia","status":"publish","type":"product","link":"https:\/\/saudenacapital.com.br\/loja\/produto\/cadeira-de-transferencia\/","title":{"rendered":"Cadeira de transfer\u00eancia"},"content":{"rendered":"<h2><\/h2>\n<h2><strong>Cadeira de transfer\u00eancia<\/strong><\/h2>\n<p>&nbsp;<\/p>\n<p><img fetchpriority=\"high\" decoding=\"async\" class=\"\" src=\"https:\/\/longevitech.com.br\/wp-content\/uploads\/2020\/08\/cadeirinha-2-cinza-510x510.jpg\" width=\"421\" height=\"421\" \/><img decoding=\"async\" class=\"\" src=\"https:\/\/longevitech.com.br\/wp-content\/uploads\/2020\/08\/almofadacadeira-Copia.png\" alt=\"Tecnologia Assistiva\" width=\"426\" height=\"426\" \/><\/p>\n<p>&nbsp;<\/p>\n<p>Cadeirinha para transfer\u00eancia Longevitech\u00ae auxilia a transfer\u00eancia de pessoas nos mais diversos ambientes.<\/p>\n<p>Indicada para cadeirantes, pessoas com problemas de mobilidade ou portadoras de necessidades especiais.<\/p>\n<p>Com al\u00e7as laterais refor\u00e7adas, esse produto torna o momento de transfer\u00eancia muito mais f\u00e1cil e \u00e1gil.<\/p>\n<p>Desenvolvido com uma empunhadura confort\u00e1vel nas al\u00e7as e cinto com presilhas para o paciente n\u00e3o se deslocar na hora da movimenta\u00e7\u00e3o.<\/p>\n<p>Dobr\u00e1vel e simples de armazenar ou transportar.<\/p>\n<p>Carga at\u00e9 100kg<\/p>\n<p>Dimens\u00f5es: Assento: 43 x 47 cm\u00a0\u00a0 Encosto: 43x 47 cm<\/p>\n<p>&nbsp;<\/p>\n<p><iframe id=\"463685047\" title=\"Cadeira de transfer\u00eancia\" src=\"https:\/\/www.youtube.com\/embed\/a627hF4EFb8?feature=oembed&amp;enablejsapi=1&amp;origin=https:\/\/longevitech.com.br\" width=\"1020\" height=\"574\" frameborder=\"0\" allowfullscreen=\"allowfullscreen\" data-gtm-yt-inspected-1_19=\"true\" data-mce-fragment=\"1\"><\/iframe><\/p>\n","protected":false},"excerpt":{"rendered":"<p>Cadeirinha para transfer\u00eancia Longevitech\u00ae auxilia a transfer\u00eancia de pessoas nos mais diversos ambientes.<\/p>\n<p>Indicada para cadeirantes, pessoas com problemas de mobilidade ou portadoras de necessidades especiais.<\/p>\n<p>Veja mais informa\u00e7\u00f5es e v\u00eddeo sobre o produto abaixo<\/p>\n","protected":false},"featured_media":414,"comment_status":"open","ping_status":"closed","template":"","meta":{"site-sidebar-layout":"default","site-content-layout":"default","ast-site-content-layout":"","site-content-style":"default","site-sidebar-style":"default","ast-global-header-display":"","ast-banner-title-visibility":"","ast-main-header-display":"","ast-hfb-above-header-display":"","ast-hfb-below-header-display":"","ast-hfb-mobile-header-display":"","site-post-title":"","ast-breadcrumbs-content":"","ast-featured-img":"","footer-sml-layout":"","theme-transparent-header-meta":"","adv-header-id-meta":"","stick-header-meta":"","header-above-stick-meta":"","header-main-stick-meta":"","header-below-stick-meta":"","astra-migrate-meta-layouts":"default","ast-page-background-enabled":"default","ast-page-background-meta":{"desktop":{"background-color":"var(--ast-global-color-4)","background-image":"","background-repeat":"repeat","background-position":"center center","background-size":"auto","background-attachment":"scroll","background-type":"","background-media":"","overlay-type":"","overlay-color":"","overlay-gradient":""},"tablet":{"background-color":"","background-image":"","background-repeat":"repeat","background-position":"center center","background-size":"auto","background-attachment":"scroll","background-type":"","background-media":"","overlay-type":"","overlay-color":"","overlay-gradient":""},"mobile":{"background-color":"","background-image":"","background-repeat":"repeat","background-position":"center center","background-size":"auto","background-attachment":"scroll","background-type":"","background-media":"","overlay-type":"","overlay-color":"","overlay-gradient":""}},"ast-content-background-meta":{"desktop":{"background-color":"var(--ast-global-color-5)","background-image":"","background-repeat":"repeat","background-position":"center center","background-size":"auto","background-attachment":"scroll","background-type":"","background-media":"","overlay-type":"","overlay-color":"","overlay-gradient":""},"tablet":{"background-color":"var(--ast-global-color-5)","background-image":"","background-repeat":"repeat","background-position":"center center","background-size":"auto","background-attachment":"scroll","background-type":"","background-media":"","overlay-type":"","overlay-color":"","overlay-gradient":""},"mobile":{"background-color":"var(--ast-global-color-5)","background-image":"","background-repeat":"repeat","background-position":"center center","background-size":"auto","background-attachment":"scroll","background-type":"","background-media":"","overlay-type":"","overlay-color":"","overlay-gradient":""}}},"product_brand":[],"product_cat":[22],"product_tag":[],"class_list":{"0":"post-413","1":"product","2":"type-product","3":"status-publish","4":"has-post-thumbnail","6":"product_cat-mobilidade","7":"desktop-align-left","8":"tablet-align-left","9":"mobile-align-left","11":"first","12":"instock","13":"shipping-taxable","14":"purchasable","15":"product-type-simple"},"_links":{"self":[{"href":"https:\/\/saudenacapital.com.br\/loja\/wp-json\/wp\/v2\/product\/413","targetHints":{"allow":["GET"]}}],"collection":[{"href":"https:\/\/saudenacapital.com.br\/loja\/wp-json\/wp\/v2\/product"}],"about":[{"href":"https:\/\/saudenacapital.com.br\/loja\/wp-json\/wp\/v2\/types\/product"}],"replies":[{"embeddable":true,"href":"https:\/\/saudenacapital.com.br\/loja\/wp-json\/wp\/v2\/comments?post=413"}],"wp:featuredmedia":[{"embeddable":true,"href":"https:\/\/saudenacapital.com.br\/loja\/wp-json\/wp\/v2\/media\/414"}],"wp:attachment":[{"href":"https:\/\/saudenacapital.com.br\/loja\/wp-json\/wp\/v2\/media?parent=413"}],"wp:term":[{"taxonomy":"product_brand","embeddable":true,"href":"https:\/\/saudenacapital.com.br\/loja\/wp-json\/wp\/v2\/product_brand?post=413"},{"taxonomy":"product_cat","embeddable":true,"href":"https:\/\/saudenacapital.com.br\/loja\/wp-json\/wp\/v2\/product_cat?post=413"},{"taxonomy":"product_tag","embeddable":true,"href":"https:\/\/saudenacapital.com.br\/loja\/wp-json\/wp\/v2\/product_tag?post=413"}],"curies":[{"name":"wp","href":"https:\/\/api.w.org\/{rel}","templated":true}]}}