{"id":474,"date":"2022-05-03T15:08:18","date_gmt":"2022-05-03T18:08:18","guid":{"rendered":"https:\/\/saudenacapital.com.br\/loja\/?post_type=product&#038;p=474"},"modified":"2022-05-03T15:08:18","modified_gmt":"2022-05-03T18:08:18","slug":"sandalia-ortopedica-fly-feet-nuvem","status":"publish","type":"product","link":"https:\/\/saudenacapital.com.br\/loja\/produto\/sandalia-ortopedica-fly-feet-nuvem\/","title":{"rendered":"Sand\u00e1lia Ortop\u00e9dica Fly Feet Nuvem"},"content":{"rendered":"<h2><strong id=\"isPasted\">Chinelo Nuvem, a febre do momento!<\/strong><\/h2>\n<p>D\u00ea aos seus p\u00e9s o que eles merecem:\u00a0<strong>estilo e conforto.<\/strong><\/p>\n<p><strong><img decoding=\"async\" src=\"https:\/\/empreender.nyc3.digitaloceanspaces.com\/dropi\/626183097d054.gif\" alt=\"Conforto da sand\u00e1lia nuvem\" \/><\/strong><\/p>\n<p><img fetchpriority=\"high\" decoding=\"async\" class=\"\" src=\"https:\/\/empreender.nyc3.digitaloceanspaces.com\/dropi\/62589eb5e92d3.jpeg\" alt=\"Chinelo colorido anat\u00f4mico\" width=\"484\" height=\"484\" \/><\/p>\n<p class=\"detail-desc-decorate-content\">\n<p class=\"detail-desc-decorate-content\">Com <strong>design\u00a0moderno<\/strong>, sola tratorada e cores lindas, pode ser usado por<strong>\u00a0todos os g\u00eaneros e todas as idades.\u00a0<\/strong>O <strong>formato anat\u00f4mico<\/strong> do chinelo Nuvem traz conforto e maciez aos p\u00e9s e quem usa n\u00e3o consegue mais tirar dos p\u00e9s.<\/p>\n<p class=\"detail-desc-decorate-content\">O <strong>chinelo Nuvem<\/strong> n\u00e3o se resume somente a conforto, s\u00e3o<strong>\u00a0in\u00fameros benef\u00edcios<\/strong> que v\u00e3o te surpreender<\/p>\n<ul>\n<li><strong>Extremamente leve<\/strong>, em contraste com a apar\u00eancia, voc\u00ea vai literalmente andar nas nuvens<\/li>\n<li>O material eva \u00e9\u00a0<strong>a prova d&#8217;\u00e1gua<\/strong>, n\u00e3o absorve \u00e1gua e seca super r\u00e1pido<\/li>\n<li>Amortecimento excelente,\u00a0<strong>n\u00e3o faz barulho ao caminhar<\/strong><\/li>\n<li>Flex\u00edvel com\u00a0<strong>solado antiderrapante<\/strong>, gerando\u00a0<strong>seguran\u00e7a<\/strong><\/li>\n<li>Resistente ao desgaste<\/li>\n<li>Al\u00edvio e descanso para quem sente dores nos p\u00e9s e articula\u00e7\u00f5es<\/li>\n<\/ul>\n<h3 id=\"isPasted\" align=\"start\"><strong>E as cores s\u00e3o incr\u00edveis<\/strong><\/h3>\n<p align=\"start\"><strong>\u00a0<\/strong><strong><img decoding=\"async\" src=\"https:\/\/empreender.nyc3.digitaloceanspaces.com\/dropi\/6140ba51cf160.jpeg\" alt=\"Cores do chinelo nuvem na Gift Design\" \/><\/strong><\/p>\n<p>&nbsp;<\/p>\n<p><img decoding=\"async\" class=\"alignleft\" src=\"https:\/\/empreender.nyc3.digitaloceanspaces.com\/dropi\/6258a71102b9a.png\" alt=\"Sand\u00e1lia laranja\" \/><\/p>\n<p>&nbsp;<\/p>\n<p><img decoding=\"async\" class=\"\" src=\"https:\/\/empreender.nyc3.digitaloceanspaces.com\/dropi\/6258a717a6ce8.png\" alt=\"Sand\u00e1lia conforto nuvem na cor rosa\" width=\"672\" height=\"476\" \/><\/p>\n<p>&nbsp;<\/p>\n<h3><strong>Caracter\u00edsticas<\/strong><\/h3>\n<p>Material: eva<\/p>\n<p>Altura da plataforma: 3-5cm<\/p>\n<p>Material da palmilha: eva<\/p>\n<p>Local aplic\u00e1vel: mais indicado para uso dentro de casa<\/p>\n<h3 align=\"start\"><strong>Medidas e tamanhos<\/strong><\/h3>\n<p align=\"start\">Comprimento do p\u00e9 22-23(cm) = tamanho 34\/35<\/p>\n<p align=\"start\">Comprimento do p\u00e9 23-24(cm) = tamanho 36\/37<\/p>\n<p align=\"start\">Comprimento do p\u00e9 24-25(cm) = tamanho 38\/39<\/p>\n<p align=\"start\">Comprimento do p\u00e9 25-26(cm) = tamanho 40\/41<\/p>\n<p align=\"start\">Comprimento do p\u00e9 26-27(cm) = tamanho 42\/43<\/p>\n<p align=\"start\">Comprimento do p\u00e9 27-28(cm) = tamanho 44\/45<\/p>\n<p align=\"start\">\u00a0<strong>Aconselhamos a medir o seu p\u00e9 antes de comprar usando a tabela acima.\u00a0<\/strong><\/p>\n<p align=\"start\"><img decoding=\"async\" src=\"https:\/\/empreender.nyc3.digitaloceanspaces.com\/dropi\/6140b048ebf37.png\" \/><\/p>\n<p><strong>Obs: Use a medida em cent\u00edmetros no lugar da numera\u00e7\u00e3o e para p\u00e9s um pouco mais largos \u00e9 conveniente comprar um n\u00famero maior<\/strong><\/p>\n<h2><strong>Chegou a hora de adquirir a sua!<br \/>\nConfira a disponibilidade de cores assim que efetuar o pagamento.<\/strong><\/h2>\n","protected":false},"excerpt":{"rendered":"<p>Chinelo Nuvem, a febre do momento! D\u00ea aos seus p\u00e9s o que eles merecem:\u00a0estilo e conforto. Com design\u00a0moderno, sola tratorada e cores lindas, pode ser usado por\u00a0todos os g\u00eaneros e todas as idades.\u00a0O formato anat\u00f4mico do chinelo Nuvem traz conforto e maciez aos p\u00e9s e quem usa n\u00e3o consegue mais tirar dos p\u00e9s. O chinelo [&hellip;]<\/p>\n","protected":false},"featured_media":471,"comment_status":"open","ping_status":"closed","template":"","meta":{"site-sidebar-layout":"default","site-content-layout":"default","ast-site-content-layout":"","site-content-style":"default","site-sidebar-style":"default","ast-global-header-display":"","ast-banner-title-visibility":"","ast-main-header-display":"","ast-hfb-above-header-display":"","ast-hfb-below-header-display":"","ast-hfb-mobile-header-display":"","site-post-title":"","ast-breadcrumbs-content":"","ast-featured-img":"","footer-sml-layout":"","theme-transparent-header-meta":"default","adv-header-id-meta":"","stick-header-meta":"","header-above-stick-meta":"","header-main-stick-meta":"","header-below-stick-meta":"","astra-migrate-meta-layouts":"default","ast-page-background-enabled":"default","ast-page-background-meta":{"desktop":{"background-color":"var(--ast-global-color-4)","background-image":"","background-repeat":"repeat","background-position":"center center","background-size":"auto","background-attachment":"scroll","background-type":"","background-media":"","overlay-type":"","overlay-color":"","overlay-gradient":""},"tablet":{"background-color":"","background-image":"","background-repeat":"repeat","background-position":"center center","background-size":"auto","background-attachment":"scroll","background-type":"","background-media":"","overlay-type":"","overlay-color":"","overlay-gradient":""},"mobile":{"background-color":"","background-image":"","background-repeat":"repeat","background-position":"center center","background-size":"auto","background-attachment":"scroll","background-type":"","background-media":"","overlay-type":"","overlay-color":"","overlay-gradient":""}},"ast-content-background-meta":{"desktop":{"background-color":"var(--ast-global-color-5)","background-image":"","background-repeat":"repeat","background-position":"center center","background-size":"auto","background-attachment":"scroll","background-type":"","background-media":"","overlay-type":"","overlay-color":"","overlay-gradient":""},"tablet":{"background-color":"var(--ast-global-color-5)","background-image":"","background-repeat":"repeat","background-position":"center center","background-size":"auto","background-attachment":"scroll","background-type":"","background-media":"","overlay-type":"","overlay-color":"","overlay-gradient":""},"mobile":{"background-color":"var(--ast-global-color-5)","background-image":"","background-repeat":"repeat","background-position":"center center","background-size":"auto","background-attachment":"scroll","background-type":"","background-media":"","overlay-type":"","overlay-color":"","overlay-gradient":""}}},"product_brand":[],"product_cat":[24],"product_tag":[36,37],"class_list":{"0":"post-474","1":"product","2":"type-product","3":"status-publish","4":"has-post-thumbnail","6":"product_cat-fisioterapia","7":"product_tag-orthopauher","8":"product_tag-ortopedico","9":"desktop-align-left","10":"tablet-align-left","11":"mobile-align-left","13":"first","14":"instock","15":"sale","16":"shipping-taxable","17":"purchasable","18":"product-type-simple"},"_links":{"self":[{"href":"https:\/\/saudenacapital.com.br\/loja\/wp-json\/wp\/v2\/product\/474","targetHints":{"allow":["GET"]}}],"collection":[{"href":"https:\/\/saudenacapital.com.br\/loja\/wp-json\/wp\/v2\/product"}],"about":[{"href":"https:\/\/saudenacapital.com.br\/loja\/wp-json\/wp\/v2\/types\/product"}],"replies":[{"embeddable":true,"href":"https:\/\/saudenacapital.com.br\/loja\/wp-json\/wp\/v2\/comments?post=474"}],"wp:featuredmedia":[{"embeddable":true,"href":"https:\/\/saudenacapital.com.br\/loja\/wp-json\/wp\/v2\/media\/471"}],"wp:attachment":[{"href":"https:\/\/saudenacapital.com.br\/loja\/wp-json\/wp\/v2\/media?parent=474"}],"wp:term":[{"taxonomy":"product_brand","embeddable":true,"href":"https:\/\/saudenacapital.com.br\/loja\/wp-json\/wp\/v2\/product_brand?post=474"},{"taxonomy":"product_cat","embeddable":true,"href":"https:\/\/saudenacapital.com.br\/loja\/wp-json\/wp\/v2\/product_cat?post=474"},{"taxonomy":"product_tag","embeddable":true,"href":"https:\/\/saudenacapital.com.br\/loja\/wp-json\/wp\/v2\/product_tag?post=474"}],"curies":[{"name":"wp","href":"https:\/\/api.w.org\/{rel}","templated":true}]}}