{"id":531,"date":"2022-07-11T12:55:48","date_gmt":"2022-07-11T15:55:48","guid":{"rendered":"https:\/\/saudenacapital.com.br\/loja\/?post_type=product&#038;p=531"},"modified":"2022-07-11T12:57:00","modified_gmt":"2022-07-11T15:57:00","slug":"luva-latex-para-com-po-cx-100-pecas-m","status":"publish","type":"product","link":"https:\/\/saudenacapital.com.br\/loja\/produto\/luva-latex-para-com-po-cx-100-pecas-m\/","title":{"rendered":"LUVA LATEX PARA COM PO &#8211; CX 100 PECAS (M)"},"content":{"rendered":"<h2>LUVA PROCEDIMENTOS LATEX PARA USOS MEDICO COM PO (CX 100 PECAS)<\/h2>\n<p>Especifica\u00e7\u00f5es T\u00e9cnicas:<br \/>\nLuvas de seguran\u00e7a para prote\u00e7\u00e3o das m\u00e3os confeccionadas em l\u00e1tex, garantindo alta flexibilidade e resist\u00eancia por serem fabricadas com l\u00e1tex de alta qualidade e excelente barreira de prote\u00e7\u00e3o contra agentes biol\u00f3gicos.<\/p>\n<p>Caracter\u00edsticas:<br \/>\n\u2022 Fabricada em l\u00e1tex (borracha natural);<br \/>\n\u2022 N\u00e3o est\u00e9ril;<br \/>\n\u2022 Uso n\u00e3o cir\u00fargico;<br \/>\n\u2022 Com p\u00f3 bioabsorv\u00edvel;<br \/>\n\u2022 Ambidestra;<br \/>\n\u2022 Descart\u00e1vel e de uso \u00fanico;<br \/>\n\u2022 01 Embalagem\/ Cartucho com 100 unids.<\/p>\n<p>Armazenagem: manter em local limpo, seco, fresco, protegido da luz, da umidade e calor excessivo<\/p>\n<p>Aplica\u00e7\u00f5es e Indica\u00e7\u00f5es:<br \/>\nPara uso em hospitais, cl\u00ednicas m\u00e9dicas e odontol\u00f3gicas, clinicas veterin\u00e1rias, laborat\u00f3rios e demais locais que necessitam de prote\u00e7\u00e3o contra riscos biol\u00f3gicos (contato com sangue, fluidos, micro-organismos e manipula\u00e7\u00e3o de materiais contaminados), sal\u00f5es de beleza e est\u00e9tica, podologia, est\u00fadios de tatuagem.<\/p>\n","protected":false},"excerpt":{"rendered":"<p>\u2022 Com p\u00f3 bioabsorv\u00edvel;<br \/>\n\u2022 Ambidestra;<br \/>\n\u2022 Descart\u00e1vel e de uso \u00fanico;<br \/>\n\u2022 01 Embalagem\/ Cartucho com 100 unids.<\/p>\n","protected":false},"featured_media":529,"comment_status":"open","ping_status":"closed","template":"","meta":{"site-sidebar-layout":"default","site-content-layout":"default","ast-site-content-layout":"","site-content-style":"default","site-sidebar-style":"default","ast-global-header-display":"","ast-banner-title-visibility":"","ast-main-header-display":"","ast-hfb-above-header-display":"","ast-hfb-below-header-display":"","ast-hfb-mobile-header-display":"","site-post-title":"","ast-breadcrumbs-content":"","ast-featured-img":"","footer-sml-layout":"","theme-transparent-header-meta":"default","adv-header-id-meta":"","stick-header-meta":"","header-above-stick-meta":"","header-main-stick-meta":"","header-below-stick-meta":"","astra-migrate-meta-layouts":"default","ast-page-background-enabled":"default","ast-page-background-meta":{"desktop":{"background-color":"var(--ast-global-color-4)","background-image":"","background-repeat":"repeat","background-position":"center center","background-size":"auto","background-attachment":"scroll","background-type":"","background-media":"","overlay-type":"","overlay-color":"","overlay-gradient":""},"tablet":{"background-color":"","background-image":"","background-repeat":"repeat","background-position":"center center","background-size":"auto","background-attachment":"scroll","background-type":"","background-media":"","overlay-type":"","overlay-color":"","overlay-gradient":""},"mobile":{"background-color":"","background-image":"","background-repeat":"repeat","background-position":"center center","background-size":"auto","background-attachment":"scroll","background-type":"","background-media":"","overlay-type":"","overlay-color":"","overlay-gradient":""}},"ast-content-background-meta":{"desktop":{"background-color":"var(--ast-global-color-5)","background-image":"","background-repeat":"repeat","background-position":"center center","background-size":"auto","background-attachment":"scroll","background-type":"","background-media":"","overlay-type":"","overlay-color":"","overlay-gradient":""},"tablet":{"background-color":"var(--ast-global-color-5)","background-image":"","background-repeat":"repeat","background-position":"center center","background-size":"auto","background-attachment":"scroll","background-type":"","background-media":"","overlay-type":"","overlay-color":"","overlay-gradient":""},"mobile":{"background-color":"var(--ast-global-color-5)","background-image":"","background-repeat":"repeat","background-position":"center center","background-size":"auto","background-attachment":"scroll","background-type":"","background-media":"","overlay-type":"","overlay-color":"","overlay-gradient":""}}},"product_brand":[],"product_cat":[17],"product_tag":[39,40],"class_list":{"0":"post-531","1":"product","2":"type-product","3":"status-publish","4":"has-post-thumbnail","6":"product_cat-pos-operatorio","7":"product_tag-luva","8":"product_tag-utilene","9":"desktop-align-left","10":"tablet-align-left","11":"mobile-align-left","13":"first","14":"instock","15":"sale","16":"shipping-taxable","17":"purchasable","18":"product-type-simple"},"_links":{"self":[{"href":"https:\/\/saudenacapital.com.br\/loja\/wp-json\/wp\/v2\/product\/531","targetHints":{"allow":["GET"]}}],"collection":[{"href":"https:\/\/saudenacapital.com.br\/loja\/wp-json\/wp\/v2\/product"}],"about":[{"href":"https:\/\/saudenacapital.com.br\/loja\/wp-json\/wp\/v2\/types\/product"}],"replies":[{"embeddable":true,"href":"https:\/\/saudenacapital.com.br\/loja\/wp-json\/wp\/v2\/comments?post=531"}],"wp:featuredmedia":[{"embeddable":true,"href":"https:\/\/saudenacapital.com.br\/loja\/wp-json\/wp\/v2\/media\/529"}],"wp:attachment":[{"href":"https:\/\/saudenacapital.com.br\/loja\/wp-json\/wp\/v2\/media?parent=531"}],"wp:term":[{"taxonomy":"product_brand","embeddable":true,"href":"https:\/\/saudenacapital.com.br\/loja\/wp-json\/wp\/v2\/product_brand?post=531"},{"taxonomy":"product_cat","embeddable":true,"href":"https:\/\/saudenacapital.com.br\/loja\/wp-json\/wp\/v2\/product_cat?post=531"},{"taxonomy":"product_tag","embeddable":true,"href":"https:\/\/saudenacapital.com.br\/loja\/wp-json\/wp\/v2\/product_tag?post=531"}],"curies":[{"name":"wp","href":"https:\/\/api.w.org\/{rel}","templated":true}]}}