{"id":533,"date":"2022-07-11T13:08:50","date_gmt":"2022-07-11T16:08:50","guid":{"rendered":"https:\/\/saudenacapital.com.br\/loja\/?post_type=product&#038;p=533"},"modified":"2022-07-11T13:08:50","modified_gmt":"2022-07-11T16:08:50","slug":"estetoscopio-kit-academico-incoterm","status":"publish","type":"product","link":"https:\/\/saudenacapital.com.br\/loja\/produto\/estetoscopio-kit-academico-incoterm\/","title":{"rendered":"ESTETOSC\u00d3PIO &#8211; Kit Acad\u00eamico Incoterm"},"content":{"rendered":"<h1 class=\"product__name\"><span class=\"product-name\">Kit Acad\u00eamico Incoterm Ka100 Com 1 Estetosc\u00f3pio Rappaport + 1 Esfigmoman\u00f4metro Aner\u00f3ide + 1 Term\u00f4metro Digital + Bolsa<\/span><\/h1>\n<p>&nbsp;<\/p>\n<h2><span style=\"color: #ff0000;\">CORES DE ACORDO COM DISPONIBILIDADE EM ESTOQUE.<\/span><\/h2>\n<h2><span style=\"color: #ff0000;\">FAVOR, CONFIRMAR CORES DISPON\u00cdVEIS.<\/span><\/h2>\n<p>&nbsp;<\/p>\n<h2>&#8211; PRETO<br \/>\n&#8211; AZUL<br \/>\n&#8211; LIL\u00c1S<br \/>\n&#8211; BORDO<br \/>\n&#8211; PINK<\/h2>\n<p>&nbsp;<\/p>\n<p><em><strong>IMAGEM MERAMENTE ILUSTRATIVA!<\/strong><\/em><\/p>\n","protected":false},"excerpt":{"rendered":"<h4 class=\"product__name\"><span class=\"product-name\">&#8211; 1 Estetosc\u00f3pio Rappaport\u00a0<\/span><\/h4>\n<h4 class=\"product__name\"><span class=\"product-name\">&#8211; 1 Esfigmoman\u00f4metro Aner\u00f3ide\u00a0<\/span><\/h4>\n<h4 class=\"product__name\"><span class=\"product-name\">&#8211; 1 Term\u00f4metro Digital <\/span><\/h4>\n<h4 class=\"product__name\"><span class=\"product-name\">&#8211; Bolsa<\/span><\/h4>\n","protected":false},"featured_media":536,"comment_status":"open","ping_status":"closed","template":"","meta":{"site-sidebar-layout":"default","site-content-layout":"default","ast-site-content-layout":"","site-content-style":"default","site-sidebar-style":"default","ast-global-header-display":"","ast-banner-title-visibility":"","ast-main-header-display":"","ast-hfb-above-header-display":"","ast-hfb-below-header-display":"","ast-hfb-mobile-header-display":"","site-post-title":"","ast-breadcrumbs-content":"","ast-featured-img":"","footer-sml-layout":"","theme-transparent-header-meta":"default","adv-header-id-meta":"","stick-header-meta":"","header-above-stick-meta":"","header-main-stick-meta":"","header-below-stick-meta":"","astra-migrate-meta-layouts":"default","ast-page-background-enabled":"default","ast-page-background-meta":{"desktop":{"background-color":"var(--ast-global-color-4)","background-image":"","background-repeat":"repeat","background-position":"center center","background-size":"auto","background-attachment":"scroll","background-type":"","background-media":"","overlay-type":"","overlay-color":"","overlay-gradient":""},"tablet":{"background-color":"","background-image":"","background-repeat":"repeat","background-position":"center center","background-size":"auto","background-attachment":"scroll","background-type":"","background-media":"","overlay-type":"","overlay-color":"","overlay-gradient":""},"mobile":{"background-color":"","background-image":"","background-repeat":"repeat","background-position":"center center","background-size":"auto","background-attachment":"scroll","background-type":"","background-media":"","overlay-type":"","overlay-color":"","overlay-gradient":""}},"ast-content-background-meta":{"desktop":{"background-color":"var(--ast-global-color-5)","background-image":"","background-repeat":"repeat","background-position":"center center","background-size":"auto","background-attachment":"scroll","background-type":"","background-media":"","overlay-type":"","overlay-color":"","overlay-gradient":""},"tablet":{"background-color":"var(--ast-global-color-5)","background-image":"","background-repeat":"repeat","background-position":"center center","background-size":"auto","background-attachment":"scroll","background-type":"","background-media":"","overlay-type":"","overlay-color":"","overlay-gradient":""},"mobile":{"background-color":"var(--ast-global-color-5)","background-image":"","background-repeat":"repeat","background-position":"center center","background-size":"auto","background-attachment":"scroll","background-type":"","background-media":"","overlay-type":"","overlay-color":"","overlay-gradient":""}}},"product_brand":[],"product_cat":[17],"product_tag":[41],"class_list":{"0":"post-533","1":"product","2":"type-product","3":"status-publish","4":"has-post-thumbnail","6":"product_cat-pos-operatorio","7":"product_tag-incoterm","8":"desktop-align-left","9":"tablet-align-left","10":"mobile-align-left","12":"first","13":"instock","14":"sale","15":"shipping-taxable","16":"purchasable","17":"product-type-simple"},"_links":{"self":[{"href":"https:\/\/saudenacapital.com.br\/loja\/wp-json\/wp\/v2\/product\/533","targetHints":{"allow":["GET"]}}],"collection":[{"href":"https:\/\/saudenacapital.com.br\/loja\/wp-json\/wp\/v2\/product"}],"about":[{"href":"https:\/\/saudenacapital.com.br\/loja\/wp-json\/wp\/v2\/types\/product"}],"replies":[{"embeddable":true,"href":"https:\/\/saudenacapital.com.br\/loja\/wp-json\/wp\/v2\/comments?post=533"}],"wp:featuredmedia":[{"embeddable":true,"href":"https:\/\/saudenacapital.com.br\/loja\/wp-json\/wp\/v2\/media\/536"}],"wp:attachment":[{"href":"https:\/\/saudenacapital.com.br\/loja\/wp-json\/wp\/v2\/media?parent=533"}],"wp:term":[{"taxonomy":"product_brand","embeddable":true,"href":"https:\/\/saudenacapital.com.br\/loja\/wp-json\/wp\/v2\/product_brand?post=533"},{"taxonomy":"product_cat","embeddable":true,"href":"https:\/\/saudenacapital.com.br\/loja\/wp-json\/wp\/v2\/product_cat?post=533"},{"taxonomy":"product_tag","embeddable":true,"href":"https:\/\/saudenacapital.com.br\/loja\/wp-json\/wp\/v2\/product_tag?post=533"}],"curies":[{"name":"wp","href":"https:\/\/api.w.org\/{rel}","templated":true}]}}