{"id":538,"date":"2022-07-28T16:31:50","date_gmt":"2022-07-28T19:31:50","guid":{"rendered":"https:\/\/saudenacapital.com.br\/loja\/?post_type=product&#038;p=538"},"modified":"2023-03-01T12:54:34","modified_gmt":"2023-03-01T15:54:34","slug":"umidificador-de-ar-incoterm-3-litros","status":"publish","type":"product","link":"https:\/\/saudenacapital.com.br\/loja\/produto\/umidificador-de-ar-incoterm-3-litros\/","title":{"rendered":"UMIDIFICADOR DE AR INCOTERM &#8211; 3 LITROS"},"content":{"rendered":"<p>O Umidificador UMD110 \u00e9 indicado para repor a umidade e a qualidade do ar em locais de clima seco e regi\u00f5es polu\u00eddas, proporcionando al\u00edvio e bem estar.Produz uma n\u00e9voa fina e homog\u00eanea de vapor frio e inodoro capaz de umidificar e purificar o ar em ambientes sem alterar a temperatura, como salas, quartos e escrit\u00f3rios.Principais caracter\u00edsticas:<\/p>\n<p>&#8211; Controle de intensidade de n\u00e9voa<\/p>\n<p>&#8211;<span style=\"font-size: 16px;\">Reservat\u00f3rio para 3 litros<\/span><\/p>\n<p>&#8211; Autonomia de 12 horas<\/p>\n<p>&#8211; LED de indica\u00e7\u00e3o de status<\/p>\n<p>&#8211; Silencioso<\/p>\n<p>&#8211; Bivolt autom\u00e1tico<\/p>\n<p>&#8211; Desligamento autom\u00e1tico quando acaba \u00e1gua no reservat\u00f3rio<\/p>\n<p>&nbsp;<\/p>\n<p><img decoding=\"async\" src=\"https:\/\/a-static.mlcdn.com.br\/800x560\/umidificador-de-ar-incoterm-umd110\/farmaciasaoluizloja02\/823d0976285f11ec90854201ac185049\/e55a86aa7c167fed6a074e8467ae830e.jpeg\" alt=\"Imagem de Umidificador De Ar Incoterm Umd110\" \/><\/p>\n<p>&nbsp;<\/p>\n<h3>INFORMA\u00c7\u00d5ES COMPLEMENTARES:<\/h3>\n<p>&nbsp;<\/p>\n<h3>Tens\u00e3o nominal:<\/h3>\n<p>100V &#8211; 240VFrequ\u00eancia: 50\/60HzPotencia: 25W<\/p>\n<h3>M\u00e9todo de nebuliza\u00e7\u00e3o:<\/h3>\n<p>Cavita\u00e7\u00e3o por Ultrassom<\/p>\n<p>Capacidade do reservat\u00f3rio:<\/p>\n<p>3 litros<\/p>\n<p>Capacidade de n\u00e9voa: 230 ml\/h<\/p>\n<p>Autonomia: 12 horas<\/p>\n<p>\u00c1rea de abrang\u00eancia do ambiente: 20m2<\/p>\n<p>Dimens\u00f5es: 151x166x298 mm<\/p>\n<p>Peso liquido: 920 g<\/p>\n","protected":false},"excerpt":{"rendered":"<p>&#8211; Controle de intensidade de n\u00e9voa<br \/>\n&#8211; Reservat\u00f3rio para 3 litros<br \/>\n&#8211; Autonomia de 12 horas<br \/>\n&#8211; LED de indica\u00e7\u00e3o de status<br \/>\n&#8211; Silencioso<br \/>\n&#8211; Bivolt autom\u00e1tico<br \/>\n&#8211; Desligamento autom\u00e1tico quando acaba \u00e1gua no reservat\u00f3rio<\/p>\n","protected":false},"featured_media":539,"comment_status":"open","ping_status":"closed","template":"","meta":{"site-sidebar-layout":"default","site-content-layout":"default","ast-site-content-layout":"","site-content-style":"default","site-sidebar-style":"default","ast-global-header-display":"","ast-banner-title-visibility":"","ast-main-header-display":"","ast-hfb-above-header-display":"","ast-hfb-below-header-display":"","ast-hfb-mobile-header-display":"","site-post-title":"","ast-breadcrumbs-content":"","ast-featured-img":"","footer-sml-layout":"","theme-transparent-header-meta":"default","adv-header-id-meta":"","stick-header-meta":"","header-above-stick-meta":"","header-main-stick-meta":"","header-below-stick-meta":"","astra-migrate-meta-layouts":"default","ast-page-background-enabled":"default","ast-page-background-meta":{"desktop":{"background-color":"var(--ast-global-color-4)","background-image":"","background-repeat":"repeat","background-position":"center center","background-size":"auto","background-attachment":"scroll","background-type":"","background-media":"","overlay-type":"","overlay-color":"","overlay-gradient":""},"tablet":{"background-color":"","background-image":"","background-repeat":"repeat","background-position":"center center","background-size":"auto","background-attachment":"scroll","background-type":"","background-media":"","overlay-type":"","overlay-color":"","overlay-gradient":""},"mobile":{"background-color":"","background-image":"","background-repeat":"repeat","background-position":"center center","background-size":"auto","background-attachment":"scroll","background-type":"","background-media":"","overlay-type":"","overlay-color":"","overlay-gradient":""}},"ast-content-background-meta":{"desktop":{"background-color":"var(--ast-global-color-5)","background-image":"","background-repeat":"repeat","background-position":"center center","background-size":"auto","background-attachment":"scroll","background-type":"","background-media":"","overlay-type":"","overlay-color":"","overlay-gradient":""},"tablet":{"background-color":"var(--ast-global-color-5)","background-image":"","background-repeat":"repeat","background-position":"center center","background-size":"auto","background-attachment":"scroll","background-type":"","background-media":"","overlay-type":"","overlay-color":"","overlay-gradient":""},"mobile":{"background-color":"var(--ast-global-color-5)","background-image":"","background-repeat":"repeat","background-position":"center center","background-size":"auto","background-attachment":"scroll","background-type":"","background-media":"","overlay-type":"","overlay-color":"","overlay-gradient":""}}},"product_brand":[],"product_cat":[21],"product_tag":[41],"class_list":{"0":"post-538","1":"product","2":"type-product","3":"status-publish","4":"has-post-thumbnail","6":"product_cat-saude-e-bem-estar","7":"product_tag-incoterm","8":"desktop-align-left","9":"tablet-align-left","10":"mobile-align-left","12":"first","13":"outofstock","14":"sale","15":"shipping-taxable","16":"purchasable","17":"product-type-simple"},"_links":{"self":[{"href":"https:\/\/saudenacapital.com.br\/loja\/wp-json\/wp\/v2\/product\/538","targetHints":{"allow":["GET"]}}],"collection":[{"href":"https:\/\/saudenacapital.com.br\/loja\/wp-json\/wp\/v2\/product"}],"about":[{"href":"https:\/\/saudenacapital.com.br\/loja\/wp-json\/wp\/v2\/types\/product"}],"replies":[{"embeddable":true,"href":"https:\/\/saudenacapital.com.br\/loja\/wp-json\/wp\/v2\/comments?post=538"}],"wp:featuredmedia":[{"embeddable":true,"href":"https:\/\/saudenacapital.com.br\/loja\/wp-json\/wp\/v2\/media\/539"}],"wp:attachment":[{"href":"https:\/\/saudenacapital.com.br\/loja\/wp-json\/wp\/v2\/media?parent=538"}],"wp:term":[{"taxonomy":"product_brand","embeddable":true,"href":"https:\/\/saudenacapital.com.br\/loja\/wp-json\/wp\/v2\/product_brand?post=538"},{"taxonomy":"product_cat","embeddable":true,"href":"https:\/\/saudenacapital.com.br\/loja\/wp-json\/wp\/v2\/product_cat?post=538"},{"taxonomy":"product_tag","embeddable":true,"href":"https:\/\/saudenacapital.com.br\/loja\/wp-json\/wp\/v2\/product_tag?post=538"}],"curies":[{"name":"wp","href":"https:\/\/api.w.org\/{rel}","templated":true}]}}