{"id":542,"date":"2022-08-25T14:35:11","date_gmt":"2022-08-25T17:35:11","guid":{"rendered":"https:\/\/saudenacapital.com.br\/loja\/?post_type=product&#038;p=542"},"modified":"2022-08-25T14:39:03","modified_gmt":"2022-08-25T17:39:03","slug":"cadeira-higienica-reforcada-d60","status":"publish","type":"product","link":"https:\/\/saudenacapital.com.br\/loja\/produto\/cadeira-higienica-reforcada-d60\/","title":{"rendered":"Cadeira Higi\u00eanica Refor\u00e7ada D60"},"content":{"rendered":"<h2>Cadeira de Banho Higi\u00eanica Refor\u00e7ada com Assento Estofado e Coletor D60 Dellamed<\/h2>\n<p>&nbsp;<\/p>\n<p><img fetchpriority=\"high\" decoding=\"async\" class=\"alignnone\" src=\"https:\/\/http2.mlstatic.com\/D_NQ_NP_624696-MLB49933951885_052022-O.webp\" alt=\"Cadeira De Banho Cadeirante Dobr\u00e1vel D60 Aco Dellamed | saude na capital\" width=\"500\" height=\"473\" \/><\/p>\n<p><img decoding=\"async\" class=\"alignnone\" src=\"https:\/\/images-americanas.b2w.io\/produtos\/3581547118\/imagens\/cadeira-de-banho-dobravel-geriatrica-idoso-d60-dellamed-ate-150-kg\/3581547126_1_xlarge.jpg\" alt=\"Cadeira De Banho Dobr\u00e1vel Geriatrica Idoso D60 Dellamed at\u00e9 150 kg em Promo\u00e7\u00e3o | saude na capital\" width=\"500\" height=\"500\" \/><\/p>\n<p><img decoding=\"async\" class=\"alignnone\" src=\"https:\/\/http2.mlstatic.com\/D_NQ_NP_648717-MLB31103325295_062019-O.jpg\" alt=\"Cadeira De Banho Adulto Aluminio Dobravel 150kg D60 Dellamed | Parcelamento sem juros | saude na capital\" width=\"455\" height=\"635\" \/><\/p>\n<p>A\u00a0<strong>cadeira de banho higi\u00eanica refor\u00e7ada com assento estofado e coletor D60 Dellamed<\/strong>\u00a0\u00e9 ideal para usu\u00e1rios com dificuldade de locomo\u00e7\u00e3o, sendo indicada para o uso sanit\u00e1rio e chuveiro.<\/p>\n<p>Conta com apoio de bra\u00e7os escamote\u00e1vel, apoio para os p\u00e9s escamote\u00e1vel, freios nas 4 rodas, rodas dianteiras e traseiras de aro \u201c06\u201d girat\u00f3rias com pneus maci\u00e7os e encosto r\u00edgido em pl\u00e1stico injetado.<\/p>\n<p>Acompanha coletor remov\u00edvel, que facilita o dia a dia do cuidador, e conta com assento com tampa tamb\u00e9m estofada, aumentando o conforto do usu\u00e1rio.<\/p>\n<p>\u2022 Possui suporte para comadre\/coletor;<br \/>\n\u2022 Estrutura leve, constru\u00edda em alum\u00ednio;<br \/>\n\u2022 Assento remov\u00edvel com tampa em alta densidade.<\/p>\n<p>A\u00a0<strong>cadeira de banho higi\u00eanica refor\u00e7ada com assento estofado e coletor D60 Dellamed<\/strong>\u00a0possui capacidade de peso de<strong> at\u00e9 150kg.<\/strong> Refor\u00e7ada e segura!<\/p>\n<p><strong>Largura do Assento: 44cm<\/strong><br \/>\n<strong>Profundidade do Assento: 42cm<\/strong><br \/>\n<strong>Altura Encosto: 45cm<\/strong><br \/>\n<strong>Altura do Assento ao Ch\u00e3o: 55cm<\/strong><br \/>\n<strong>Largura Total Aberta: 58cm<\/strong><br \/>\n<strong>Altura Total: 96cm<\/strong><br \/>\n<strong>Altura do Ch\u00e3o ao Apoio de Bra\u00e7o: 80cm<\/strong><br \/>\n<strong>Peso da cadeira: 10kg<\/strong><\/p>\n<p>POSTAGEM: Imediata (\u00e0 pronta entrega).<\/p>\n<div class=\"product-under-image-custom-block\">\n<div class=\"box\">\n<div class=\"box-heading\">Especifica\u00e7\u00f5es<\/div>\n<div class=\"box-content\">\n<div class=\"flex-video\"><iframe src=\"https:\/\/www.youtube.com\/embed\/QF3_Rkn980M\" width=\"496px\" height=\"315\" frameborder=\"0\" allowfullscreen=\"allowfullscreen\" data-mce-fragment=\"1\"><\/iframe><\/div>\n<\/div>\n<\/div>\n<\/div>\n","protected":false},"excerpt":{"rendered":"<p>1 Cadeira de Banho Higi\u00eanica Refor\u00e7ada com Assento Estofado e Coletor D60 Dellamed<br \/>\n1 Manual<\/p>\n","protected":false},"featured_media":543,"comment_status":"open","ping_status":"closed","template":"","meta":{"site-sidebar-layout":"default","site-content-layout":"default","ast-site-content-layout":"","site-content-style":"default","site-sidebar-style":"default","ast-global-header-display":"","ast-banner-title-visibility":"","ast-main-header-display":"","ast-hfb-above-header-display":"","ast-hfb-below-header-display":"","ast-hfb-mobile-header-display":"","site-post-title":"","ast-breadcrumbs-content":"","ast-featured-img":"","footer-sml-layout":"","theme-transparent-header-meta":"default","adv-header-id-meta":"","stick-header-meta":"","header-above-stick-meta":"","header-main-stick-meta":"","header-below-stick-meta":"","astra-migrate-meta-layouts":"default","ast-page-background-enabled":"default","ast-page-background-meta":{"desktop":{"background-color":"var(--ast-global-color-4)","background-image":"","background-repeat":"repeat","background-position":"center center","background-size":"auto","background-attachment":"scroll","background-type":"","background-media":"","overlay-type":"","overlay-color":"","overlay-gradient":""},"tablet":{"background-color":"","background-image":"","background-repeat":"repeat","background-position":"center center","background-size":"auto","background-attachment":"scroll","background-type":"","background-media":"","overlay-type":"","overlay-color":"","overlay-gradient":""},"mobile":{"background-color":"","background-image":"","background-repeat":"repeat","background-position":"center center","background-size":"auto","background-attachment":"scroll","background-type":"","background-media":"","overlay-type":"","overlay-color":"","overlay-gradient":""}},"ast-content-background-meta":{"desktop":{"background-color":"var(--ast-global-color-5)","background-image":"","background-repeat":"repeat","background-position":"center center","background-size":"auto","background-attachment":"scroll","background-type":"","background-media":"","overlay-type":"","overlay-color":"","overlay-gradient":""},"tablet":{"background-color":"var(--ast-global-color-5)","background-image":"","background-repeat":"repeat","background-position":"center center","background-size":"auto","background-attachment":"scroll","background-type":"","background-media":"","overlay-type":"","overlay-color":"","overlay-gradient":""},"mobile":{"background-color":"var(--ast-global-color-5)","background-image":"","background-repeat":"repeat","background-position":"center center","background-size":"auto","background-attachment":"scroll","background-type":"","background-media":"","overlay-type":"","overlay-color":"","overlay-gradient":""}}},"product_brand":[],"product_cat":[24,17,23],"product_tag":[],"class_list":{"0":"post-542","1":"product","2":"type-product","3":"status-publish","4":"has-post-thumbnail","6":"product_cat-fisioterapia","7":"product_cat-pos-operatorio","8":"product_cat-reabilitacao","9":"desktop-align-left","10":"tablet-align-left","11":"mobile-align-left","13":"first","14":"instock","15":"shipping-taxable","16":"purchasable","17":"product-type-simple"},"_links":{"self":[{"href":"https:\/\/saudenacapital.com.br\/loja\/wp-json\/wp\/v2\/product\/542","targetHints":{"allow":["GET"]}}],"collection":[{"href":"https:\/\/saudenacapital.com.br\/loja\/wp-json\/wp\/v2\/product"}],"about":[{"href":"https:\/\/saudenacapital.com.br\/loja\/wp-json\/wp\/v2\/types\/product"}],"replies":[{"embeddable":true,"href":"https:\/\/saudenacapital.com.br\/loja\/wp-json\/wp\/v2\/comments?post=542"}],"wp:featuredmedia":[{"embeddable":true,"href":"https:\/\/saudenacapital.com.br\/loja\/wp-json\/wp\/v2\/media\/543"}],"wp:attachment":[{"href":"https:\/\/saudenacapital.com.br\/loja\/wp-json\/wp\/v2\/media?parent=542"}],"wp:term":[{"taxonomy":"product_brand","embeddable":true,"href":"https:\/\/saudenacapital.com.br\/loja\/wp-json\/wp\/v2\/product_brand?post=542"},{"taxonomy":"product_cat","embeddable":true,"href":"https:\/\/saudenacapital.com.br\/loja\/wp-json\/wp\/v2\/product_cat?post=542"},{"taxonomy":"product_tag","embeddable":true,"href":"https:\/\/saudenacapital.com.br\/loja\/wp-json\/wp\/v2\/product_tag?post=542"}],"curies":[{"name":"wp","href":"https:\/\/api.w.org\/{rel}","templated":true}]}}