{"id":545,"date":"2022-08-25T15:09:59","date_gmt":"2022-08-25T18:09:59","guid":{"rendered":"https:\/\/saudenacapital.com.br\/loja\/?post_type=product&#038;p=545"},"modified":"2023-12-08T12:08:25","modified_gmt":"2023-12-08T15:08:25","slug":"cadeira-de-rodas-d400-t44","status":"publish","type":"product","link":"https:\/\/saudenacapital.com.br\/loja\/produto\/cadeira-de-rodas-d400-t44\/","title":{"rendered":"CADEIRA DE RODAS D400 T44"},"content":{"rendered":"<h1>CADEIRA DE RODAS D400 T44 DELLAMED<\/h1>\n<p><img fetchpriority=\"high\" decoding=\"async\" class=\"\" src=\"https:\/\/www.dellamed.com.br\/images\/produtos\/10735643d16e5afe88b03341d9f33fa0.png\" alt=\"imagemProduto\" width=\"663\" height=\"686\" \/><\/p>\n<p><img decoding=\"async\" class=\"\" src=\"https:\/\/www.dellamed.com.br\/images\/produtos\/a827e1cffd71fafc4f43cd23e111237b.png\" alt=\"imagemProduto\" width=\"610\" height=\"883\" \/><\/p>\n<p><img decoding=\"async\" class=\"\" src=\"https:\/\/www.dellamed.com.br\/images\/produtos\/3b6b1c312f04a14671de1c470abc87a4.png\" alt=\"cara1\" width=\"90\" height=\"105\" \/><img loading=\"lazy\" decoding=\"async\" class=\"\" src=\"https:\/\/www.dellamed.com.br\/images\/produtos\/b1e76fa2e950547e92fde073c6256fe4.png\" alt=\"cara1\" width=\"94\" height=\"109\" \/><img loading=\"lazy\" decoding=\"async\" class=\"\" src=\"https:\/\/www.dellamed.com.br\/images\/produtos\/1a272e58b146e33ed16277743b150f89.png\" alt=\"cara1\" width=\"104\" height=\"117\" \/><img loading=\"lazy\" decoding=\"async\" class=\"\" src=\"https:\/\/www.dellamed.com.br\/images\/produtos\/000446a70a0baedd62d9948f9b03173e.png\" alt=\"cara1\" width=\"100\" height=\"112\" \/><img loading=\"lazy\" decoding=\"async\" class=\"\" src=\"https:\/\/www.dellamed.com.br\/images\/produtos\/6a8e2c79f4c997aa873185043546e53c.png\" alt=\"cara1\" width=\"99\" height=\"114\" \/><img loading=\"lazy\" decoding=\"async\" class=\"\" src=\"https:\/\/www.dellamed.com.br\/images\/produtos\/76aeb8b70b9ce0816beb51edbe445f41.png\" alt=\"cara1\" width=\"107\" height=\"123\" \/><\/p>\n<p><img loading=\"lazy\" decoding=\"async\" class=\"\" src=\"https:\/\/www.dellamed.com.br\/images\/produtos\/47d283b5ec5944edcf119b2e71911b49.png\" alt=\"imagemProduto\" width=\"519\" height=\"593\" \/><\/p>\n<p><img decoding=\"async\" src=\"https:\/\/www.dellamed.com.br\/images\/produtos\/4ac3bf97a6332b4557f7285b5b7d59aa.png\" alt=\"imagemProduto\" \/><\/p>\n<h2 class=\"produtosItem__titulo\">Cadeira de Rodas D400<\/h2>\n<div class=\"tem-ckeditor produtosItem__text\">A cadeira de rodas D400 Dellamed foi desenvolvida para superar as melhores cadeiras do mercado. Unindo conforto e resist\u00eancia, suporta uso intenso em terreno irregular. A D400 passou em todos os testes rigorosos do INMETRO e ANVISA.<\/div>\n<p class=\"produtosItem__titulo\">Especifica\u00e7\u00f5es<\/p>\n<div class=\"tem-ckeditor produtosItem__text\">-Maior espa\u00e7o para acomoda\u00e7\u00e3o<br \/>\n-Apoio de bra\u00e7os escamote\u00e1vel com suporte almofadado<br \/>\n-Rodas dianteiras maci\u00e7as com sistema anti furo<br \/>\n-Rodas traseiras de 24\u201d com pneus infl\u00e1veis<br \/>\n-Protetor lateral de roupas integrado<br \/>\n-Apoio de p\u00e9s remov\u00edveis, rebat\u00edveis lateralmente com regulagem de altura<br \/>\n-Chassi tubular robusto e resistente em a\u00e7o carbono com pintura ep\u00f3xi<br \/>\n-Almofada com espuma de alta densidade e capa em nylon<br \/>\n-Freios bilaterais regul\u00e1veis e ergon\u00f4micos<br \/>\n-Garfo dianteiro longo com regulagem de altura<br \/>\n-Cinto com velcro para apoio de panturrilha<br \/>\n-Bolsa traseira com z\u00edper<br \/>\n-Facilidade de movimenta\u00e7\u00e3o em locais de espa\u00e7o reduzido<\/div>\n<div class=\"tem-ckeditor produtosItem__text\">\n<section class=\"produtoDescri\">\n<div class=\"container\">\n<div class=\"produtoDescricao\">\n<div class=\"produtoDescricao__column1\">\n<p class=\"produtosItem__titulo\">Indica\u00e7\u00f5es<\/p>\n<div class=\"tem-ckeditor produtosItem__text\"><strong>Indicado para pessoas com alguma dificuldade motora, que precisam se locomover<\/strong><\/div>\n<\/div>\n<div class=\"produtoDescricao__column1\">\n<p class=\"produtosItem__titulo\"><strong>Peso do produto<\/strong><\/p>\n<div class=\"tem-ckeditor produtosItem__text\">21 Kg<\/div>\n<\/div>\n<div class=\"produtoDescricao__column1\">\n<p class=\"produtosItem__titulo\">Composi\u00e7\u00e3o<\/p>\n<div class=\"tem-ckeditor produtosItem__text\">1 Cadeira de rodas D400<\/div>\n<\/div>\n<\/div>\n<\/div>\n<\/section>\n<section class=\"prodVideo\"><iframe title=\"YouTube video player\" src=\"https:\/\/www.youtube.com\/embed\/v90uGF1RBCI\" width=\"560\" height=\"315\" frameborder=\"0\" allowfullscreen=\"allowfullscreen\"><\/iframe><\/section>\n<p><strong>Peso: de 20 a 22 kg<\/strong><br \/>\n<strong>Encosto: A47cm<\/strong><\/p>\n<\/div>\n<p>&nbsp;<\/p>\n","protected":false},"excerpt":{"rendered":"<p>CADEIRA DE RODAS D400 T44 DELLAMED Cadeira de Rodas D400 A cadeira de rodas D400 Dellamed foi desenvolvida para superar as melhores cadeiras do mercado. Unindo conforto e resist\u00eancia, suporta uso intenso em terreno irregular. A D400 passou em todos os testes rigorosos do INMETRO e ANVISA. Especifica\u00e7\u00f5es -Maior espa\u00e7o para acomoda\u00e7\u00e3o -Apoio de bra\u00e7os [&hellip;]<\/p>\n","protected":false},"featured_media":546,"comment_status":"open","ping_status":"closed","template":"","meta":{"site-sidebar-layout":"default","site-content-layout":"default","ast-site-content-layout":"","site-content-style":"default","site-sidebar-style":"default","ast-global-header-display":"","ast-banner-title-visibility":"","ast-main-header-display":"","ast-hfb-above-header-display":"","ast-hfb-below-header-display":"","ast-hfb-mobile-header-display":"","site-post-title":"","ast-breadcrumbs-content":"","ast-featured-img":"","footer-sml-layout":"","theme-transparent-header-meta":"default","adv-header-id-meta":"","stick-header-meta":"","header-above-stick-meta":"","header-main-stick-meta":"","header-below-stick-meta":"","astra-migrate-meta-layouts":"default","ast-page-background-enabled":"default","ast-page-background-meta":{"desktop":{"background-color":"var(--ast-global-color-4)","background-image":"","background-repeat":"repeat","background-position":"center center","background-size":"auto","background-attachment":"scroll","background-type":"","background-media":"","overlay-type":"","overlay-color":"","overlay-gradient":""},"tablet":{"background-color":"","background-image":"","background-repeat":"repeat","background-position":"center center","background-size":"auto","background-attachment":"scroll","background-type":"","background-media":"","overlay-type":"","overlay-color":"","overlay-gradient":""},"mobile":{"background-color":"","background-image":"","background-repeat":"repeat","background-position":"center center","background-size":"auto","background-attachment":"scroll","background-type":"","background-media":"","overlay-type":"","overlay-color":"","overlay-gradient":""}},"ast-content-background-meta":{"desktop":{"background-color":"var(--ast-global-color-5)","background-image":"","background-repeat":"repeat","background-position":"center center","background-size":"auto","background-attachment":"scroll","background-type":"","background-media":"","overlay-type":"","overlay-color":"","overlay-gradient":""},"tablet":{"background-color":"var(--ast-global-color-5)","background-image":"","background-repeat":"repeat","background-position":"center center","background-size":"auto","background-attachment":"scroll","background-type":"","background-media":"","overlay-type":"","overlay-color":"","overlay-gradient":""},"mobile":{"background-color":"var(--ast-global-color-5)","background-image":"","background-repeat":"repeat","background-position":"center center","background-size":"auto","background-attachment":"scroll","background-type":"","background-media":"","overlay-type":"","overlay-color":"","overlay-gradient":""}}},"product_brand":[],"product_cat":[22],"product_tag":[42],"class_list":{"0":"post-545","1":"product","2":"type-product","3":"status-publish","4":"has-post-thumbnail","6":"product_cat-mobilidade","7":"product_tag-dellamed","8":"desktop-align-left","9":"tablet-align-left","10":"mobile-align-left","12":"first","13":"onbackorder","14":"sale","15":"shipping-taxable","16":"purchasable","17":"product-type-simple"},"_links":{"self":[{"href":"https:\/\/saudenacapital.com.br\/loja\/wp-json\/wp\/v2\/product\/545","targetHints":{"allow":["GET"]}}],"collection":[{"href":"https:\/\/saudenacapital.com.br\/loja\/wp-json\/wp\/v2\/product"}],"about":[{"href":"https:\/\/saudenacapital.com.br\/loja\/wp-json\/wp\/v2\/types\/product"}],"replies":[{"embeddable":true,"href":"https:\/\/saudenacapital.com.br\/loja\/wp-json\/wp\/v2\/comments?post=545"}],"wp:featuredmedia":[{"embeddable":true,"href":"https:\/\/saudenacapital.com.br\/loja\/wp-json\/wp\/v2\/media\/546"}],"wp:attachment":[{"href":"https:\/\/saudenacapital.com.br\/loja\/wp-json\/wp\/v2\/media?parent=545"}],"wp:term":[{"taxonomy":"product_brand","embeddable":true,"href":"https:\/\/saudenacapital.com.br\/loja\/wp-json\/wp\/v2\/product_brand?post=545"},{"taxonomy":"product_cat","embeddable":true,"href":"https:\/\/saudenacapital.com.br\/loja\/wp-json\/wp\/v2\/product_cat?post=545"},{"taxonomy":"product_tag","embeddable":true,"href":"https:\/\/saudenacapital.com.br\/loja\/wp-json\/wp\/v2\/product_tag?post=545"}],"curies":[{"name":"wp","href":"https:\/\/api.w.org\/{rel}","templated":true}]}}