{"id":547,"date":"2022-08-25T15:18:19","date_gmt":"2022-08-25T18:18:19","guid":{"rendered":"https:\/\/saudenacapital.com.br\/loja\/?post_type=product&#038;p=547"},"modified":"2022-08-25T15:18:19","modified_gmt":"2022-08-25T18:18:19","slug":"sapatilha-prope-descartavel-100-unidades","status":"publish","type":"product","link":"https:\/\/saudenacapital.com.br\/loja\/produto\/sapatilha-prope-descartavel-100-unidades\/","title":{"rendered":"Sapatilha Prop\u00e9 Descart\u00e1vel 100 Unidades"},"content":{"rendered":"<h1>Sapatilha Prop\u00e9 Descart\u00e1vel New Desc 100 Unidades<\/h1>\n<p><img decoding=\"async\" src=\"https:\/\/images.tcdn.com.br\/img\/img_prod\/626581\/180_sapatilha_descartavel_anadona_prope_tnt_1000_unidades_628_2_acfb6c25a1eb4d16f88c3221e2a2872e.jpg\" alt=\"Sapatilha Prop\u00e9 Descart\u00e1vel Tnt 1000 unidades\" \/><\/p>\n<p>A Sapatilha Prop\u00e9 \u00e9 fabricado em tecido n\u00e3o tecido (TNT),Com el\u00e1stico em suas bordas. Indicado na preven\u00e7\u00e3o da contamina\u00e7\u00e3o por fatores externos transportados pelos cal\u00e7ados dos usu\u00e1rios de um determinado ambiente, tanto em unidades de sa\u00fade como outros ambientes. Retirar o Prop\u00e9 de sua embalagem e coloc\u00e1-lo sobre o cal\u00e7ado de modo confort\u00e1vel.<\/p>\n<p>Desenvolvido para a prote\u00e7\u00e3o do profissional da \u00e1rea da Sa\u00fade, de materiais biol\u00f3gicos infectantes, principalmente durante procedimentos que haja contato direto com o paciente.<\/p>\n<p>Especifica\u00e7\u00f5es T\u00e9cnicas do Prop\u00e9 N\u00e3o est\u00e9ril Gramatura 20 Possui el\u00e1stico revestido, proporcionando melhor veda\u00e7\u00e3o durante sua utiliza\u00e7\u00e3o<\/p>\n<p>Disponivel na cor branca<\/p>\n<p>Tamanho \u00danico<\/p>\n<p>Embalagem pacote c\/100 unidades<\/p>\n<p><img decoding=\"async\" src=\"https:\/\/somedcuritiba.com.br\/product_images\/r\/060\/sapatilha-prope-descartavel-somed-curitiba-2__51717_zoom.jpg\" \/><\/p>\n<p>&nbsp;<\/p>\n","protected":false},"excerpt":{"rendered":"<p>Sapatilha Prop\u00e9 Descart\u00e1vel New Desc 100 Unidades A Sapatilha Prop\u00e9 \u00e9 fabricado em tecido n\u00e3o tecido (TNT),Com el\u00e1stico em suas bordas. Indicado na preven\u00e7\u00e3o da contamina\u00e7\u00e3o por fatores externos transportados pelos cal\u00e7ados dos usu\u00e1rios de um determinado ambiente, tanto em unidades de sa\u00fade como outros ambientes. Retirar o Prop\u00e9 de sua embalagem e coloc\u00e1-lo sobre [&hellip;]<\/p>\n","protected":false},"featured_media":548,"comment_status":"open","ping_status":"closed","template":"","meta":{"site-sidebar-layout":"default","site-content-layout":"default","ast-site-content-layout":"","site-content-style":"default","site-sidebar-style":"default","ast-global-header-display":"","ast-banner-title-visibility":"","ast-main-header-display":"","ast-hfb-above-header-display":"","ast-hfb-below-header-display":"","ast-hfb-mobile-header-display":"","site-post-title":"","ast-breadcrumbs-content":"","ast-featured-img":"","footer-sml-layout":"","theme-transparent-header-meta":"default","adv-header-id-meta":"","stick-header-meta":"","header-above-stick-meta":"","header-main-stick-meta":"","header-below-stick-meta":"","astra-migrate-meta-layouts":"default","ast-page-background-enabled":"default","ast-page-background-meta":{"desktop":{"background-color":"var(--ast-global-color-4)","background-image":"","background-repeat":"repeat","background-position":"center center","background-size":"auto","background-attachment":"scroll","background-type":"","background-media":"","overlay-type":"","overlay-color":"","overlay-gradient":""},"tablet":{"background-color":"","background-image":"","background-repeat":"repeat","background-position":"center center","background-size":"auto","background-attachment":"scroll","background-type":"","background-media":"","overlay-type":"","overlay-color":"","overlay-gradient":""},"mobile":{"background-color":"","background-image":"","background-repeat":"repeat","background-position":"center center","background-size":"auto","background-attachment":"scroll","background-type":"","background-media":"","overlay-type":"","overlay-color":"","overlay-gradient":""}},"ast-content-background-meta":{"desktop":{"background-color":"var(--ast-global-color-5)","background-image":"","background-repeat":"repeat","background-position":"center center","background-size":"auto","background-attachment":"scroll","background-type":"","background-media":"","overlay-type":"","overlay-color":"","overlay-gradient":""},"tablet":{"background-color":"var(--ast-global-color-5)","background-image":"","background-repeat":"repeat","background-position":"center center","background-size":"auto","background-attachment":"scroll","background-type":"","background-media":"","overlay-type":"","overlay-color":"","overlay-gradient":""},"mobile":{"background-color":"var(--ast-global-color-5)","background-image":"","background-repeat":"repeat","background-position":"center center","background-size":"auto","background-attachment":"scroll","background-type":"","background-media":"","overlay-type":"","overlay-color":"","overlay-gradient":""}}},"product_brand":[],"product_cat":[21],"product_tag":[43],"class_list":{"0":"post-547","1":"product","2":"type-product","3":"status-publish","4":"has-post-thumbnail","6":"product_cat-saude-e-bem-estar","7":"product_tag-new-desc","8":"desktop-align-left","9":"tablet-align-left","10":"mobile-align-left","12":"first","13":"instock","14":"shipping-taxable","15":"purchasable","16":"product-type-simple"},"_links":{"self":[{"href":"https:\/\/saudenacapital.com.br\/loja\/wp-json\/wp\/v2\/product\/547","targetHints":{"allow":["GET"]}}],"collection":[{"href":"https:\/\/saudenacapital.com.br\/loja\/wp-json\/wp\/v2\/product"}],"about":[{"href":"https:\/\/saudenacapital.com.br\/loja\/wp-json\/wp\/v2\/types\/product"}],"replies":[{"embeddable":true,"href":"https:\/\/saudenacapital.com.br\/loja\/wp-json\/wp\/v2\/comments?post=547"}],"wp:featuredmedia":[{"embeddable":true,"href":"https:\/\/saudenacapital.com.br\/loja\/wp-json\/wp\/v2\/media\/548"}],"wp:attachment":[{"href":"https:\/\/saudenacapital.com.br\/loja\/wp-json\/wp\/v2\/media?parent=547"}],"wp:term":[{"taxonomy":"product_brand","embeddable":true,"href":"https:\/\/saudenacapital.com.br\/loja\/wp-json\/wp\/v2\/product_brand?post=547"},{"taxonomy":"product_cat","embeddable":true,"href":"https:\/\/saudenacapital.com.br\/loja\/wp-json\/wp\/v2\/product_cat?post=547"},{"taxonomy":"product_tag","embeddable":true,"href":"https:\/\/saudenacapital.com.br\/loja\/wp-json\/wp\/v2\/product_tag?post=547"}],"curies":[{"name":"wp","href":"https:\/\/api.w.org\/{rel}","templated":true}]}}