{"id":552,"date":"2022-08-25T15:34:09","date_gmt":"2022-08-25T18:34:09","guid":{"rendered":"https:\/\/saudenacapital.com.br\/loja\/?post_type=product&#038;p=552"},"modified":"2022-08-25T15:34:09","modified_gmt":"2022-08-25T18:34:09","slug":"respiron-athletic-1-ncs-fisioterapia-respiratoria","status":"publish","type":"product","link":"https:\/\/saudenacapital.com.br\/loja\/produto\/respiron-athletic-1-ncs-fisioterapia-respiratoria\/","title":{"rendered":"Respiron Athletic 1 Ncs &#8211; Fisioterapia Respirat\u00f3ria"},"content":{"rendered":"<h1>Respiron Athletic 1 Ncs &#8211; Aparelho Para Fisioterapia Respirat\u00f3ria<\/h1>\n<p><strong>Principais Benef\u00edcios:<\/strong><\/p>\n<ul>\n<li>Fortalece a musculatura inspirat\u00f3ria.<\/li>\n<li>Melhora o aproveitamento dos exerc\u00edcios.<\/li>\n<li>Melhora a qualidade vida.<\/li>\n<li>Indicado para pessoas saud\u00e1veis e praticantes de exerc\u00edcios leves.<\/li>\n<\/ul>\n<p><strong>Benef\u00edcios Adicionais:<\/strong><\/p>\n<ul>\n<li>Maior amplitude respirat\u00f3ria e capacidade de retomada a\u00e9rea especialmente para cantores, atores e m\u00fasicos.<\/li>\n<li>Auxilia a expans\u00e3o dos pulm\u00f5es para praticantes de caminhadas, yoga, exerc\u00edcios leves, dentre outros.<\/li>\n<li>Diminui a sensa\u00e7\u00e3o de cansa\u00e7o.<\/li>\n<li>Treinamento padr\u00e3o: 30 inspira\u00e7\u00f5es &#8211; 2x ao dia.<\/li>\n<li>Possui anel regulador que permite graduar a dificuldade do exerc\u00edcio.<\/li>\n<li>&#8220;Drug free&#8221;: benef\u00edcios sem o uso de medicamentos.<\/li>\n<li>Uso livre de prescri\u00e7\u00e3o.<\/li>\n<\/ul>\n<p>&nbsp;<\/p>\n<p><img fetchpriority=\"high\" decoding=\"async\" class=\"\" src=\"https:\/\/tfchmj.vtexassets.com\/arquivos\/ids\/292333-800-800?v=637914072444730000&amp;width=800&amp;height=800&amp;aspect=true\" alt=\"Respiron Athletic 1 NCS Aparelho Fisioterapia Respirat\u00f3ria - Bisturi\" width=\"466\" height=\"466\" \/><\/p>\n<p>&nbsp;<\/p>\n<p><img decoding=\"async\" class=\"\" src=\"https:\/\/fibracirurgica.vtexassets.com\/arquivos\/ids\/168148-800-auto?v=635641117066330000&amp;width=800&amp;height=auto&amp;aspect=true\" alt=\"Respiron Athletic 1 Aparelho para Fisioterapia Respirat\u00f3ria NCS - Fibra  Cir\u00fargica - Fibra Cir\u00fargica\" width=\"455\" height=\"455\" \/><\/p>\n<h2 class=\"cor1\"><strong>Respiron Athletic 1\u00a0&#8211;\u00a0Aparelho para Fisioterapia Respirat\u00f3ria &#8211; NCS<\/strong><\/h2>\n<p>Indicado para in\u00edcio dos exerc\u00edcios respirat\u00f3rios por pessoas saud\u00e1veis e praticantes de exerc\u00edcios leves.<\/p>\n<p><strong>Esfor\u00e7o exigido:<\/strong>\u00a0M\u00e9dio\/Alto.<\/p>\n<p><strong>Componentes:<\/strong>\u00a0Corpo, tampa, cone, esfera e bocal.<\/p>\n<p><strong>Materiais:<\/strong><\/p>\n<p>&#8211; Corpo: poliestireno cristal;<br \/>\n&#8211; Esferas: polietileno;<br \/>\n&#8211; Anel: polietileno;<br \/>\n&#8211; Mangueira:polietileno;<br \/>\n&#8211; Bocal:polietileno.<\/p>\n<p><strong>Dimens\u00f5es:<\/strong><\/p>\n<p>&#8211; Corpo\u00a0montado: 13,5cm X 6,9 X 14,2cm;<br \/>\n&#8211; Mangueira: 1,6 x 26,6cm;<br \/>\n&#8211; Bocal: 3,0 (eixo maior) x 1,6 (eixo menor) x 4,4;<br \/>\n&#8211; Esfera: 1,9cm;<br \/>\n&#8211; Peso: 148 g.<\/p>\n<p><strong>Abrang\u00eancia:<\/strong>\u00a0Conforme N\u00edvel e Esfera utilizada\u00a0&#8211; Neste modelo de 15 a 90, conforme tabela do Manual de Uso (inclu\u00edda na embalagem).<\/p>\n<p><strong>Cont\u00e9m:<\/strong><\/p>\n<p>&#8211; 01 Respiron Athletic 1;<br \/>\n&#8211; 01 Manual de uso.<\/p>\n<p>O uso do Respiron por crian\u00e7as deve ser sempre sob supervis\u00e3o de adultos, pois n\u00e3o se trata de brinquedo.<\/p>\n<p>O exerc\u00edcio respirat\u00f3rio pelo Respiron \u00e9 procedimento indolor. Caso sinta dor, interrompa imediatamente o exerc\u00edcio e consulte seu m\u00e9dico.<\/p>\n<p>Este produto dever\u00e1 sempre ser utilizado por uma \u00fanica pessoa e deve ser higienizado antes e ap\u00f3s cada sess\u00e3o.<\/p>\n<p>O Respiron pode ser adquirido sem prescri\u00e7\u00e3o, por\u00e9m a indica\u00e7\u00e3o m\u00e9dica ou fisioterap\u00eautica deve prevalecer sobre as orienta\u00e7\u00f5es contida no Manual de Uso.<\/p>\n<p>As cores apresentadas no site s\u00e3o meramente ilustrativas e podem ou n\u00e3o corresponder com exatid\u00e3o \u00e0 tonalidade aplicada.<br \/>\nPara mais informa\u00e7\u00f5es sobre manuseio e cuidados quanto ao uso do produto, consulte o Manual do Usu\u00e1rio.<br \/>\nImagem meramente ilustrativa e a descri\u00e7\u00e3o do produto \u00e9 de responsabilidade do fabricante.<\/p>\n","protected":false},"excerpt":{"rendered":"<p>Respiron Athletic 1 Ncs &#8211; Aparelho Para Fisioterapia Respirat\u00f3ria Principais Benef\u00edcios: Fortalece a musculatura inspirat\u00f3ria. Melhora o aproveitamento dos exerc\u00edcios. Melhora a qualidade vida. Indicado para pessoas saud\u00e1veis e praticantes de exerc\u00edcios leves. Benef\u00edcios Adicionais: Maior amplitude respirat\u00f3ria e capacidade de retomada a\u00e9rea especialmente para cantores, atores e m\u00fasicos. Auxilia a expans\u00e3o dos pulm\u00f5es para [&hellip;]<\/p>\n","protected":false},"featured_media":553,"comment_status":"open","ping_status":"closed","template":"","meta":{"site-sidebar-layout":"default","site-content-layout":"default","ast-site-content-layout":"","site-content-style":"default","site-sidebar-style":"default","ast-global-header-display":"","ast-banner-title-visibility":"","ast-main-header-display":"","ast-hfb-above-header-display":"","ast-hfb-below-header-display":"","ast-hfb-mobile-header-display":"","site-post-title":"","ast-breadcrumbs-content":"","ast-featured-img":"","footer-sml-layout":"","theme-transparent-header-meta":"default","adv-header-id-meta":"","stick-header-meta":"","header-above-stick-meta":"","header-main-stick-meta":"","header-below-stick-meta":"","astra-migrate-meta-layouts":"default","ast-page-background-enabled":"default","ast-page-background-meta":{"desktop":{"background-color":"var(--ast-global-color-4)","background-image":"","background-repeat":"repeat","background-position":"center center","background-size":"auto","background-attachment":"scroll","background-type":"","background-media":"","overlay-type":"","overlay-color":"","overlay-gradient":""},"tablet":{"background-color":"","background-image":"","background-repeat":"repeat","background-position":"center center","background-size":"auto","background-attachment":"scroll","background-type":"","background-media":"","overlay-type":"","overlay-color":"","overlay-gradient":""},"mobile":{"background-color":"","background-image":"","background-repeat":"repeat","background-position":"center center","background-size":"auto","background-attachment":"scroll","background-type":"","background-media":"","overlay-type":"","overlay-color":"","overlay-gradient":""}},"ast-content-background-meta":{"desktop":{"background-color":"var(--ast-global-color-5)","background-image":"","background-repeat":"repeat","background-position":"center center","background-size":"auto","background-attachment":"scroll","background-type":"","background-media":"","overlay-type":"","overlay-color":"","overlay-gradient":""},"tablet":{"background-color":"var(--ast-global-color-5)","background-image":"","background-repeat":"repeat","background-position":"center center","background-size":"auto","background-attachment":"scroll","background-type":"","background-media":"","overlay-type":"","overlay-color":"","overlay-gradient":""},"mobile":{"background-color":"var(--ast-global-color-5)","background-image":"","background-repeat":"repeat","background-position":"center center","background-size":"auto","background-attachment":"scroll","background-type":"","background-media":"","overlay-type":"","overlay-color":"","overlay-gradient":""}}},"product_brand":[],"product_cat":[24],"product_tag":[],"class_list":{"0":"post-552","1":"product","2":"type-product","3":"status-publish","4":"has-post-thumbnail","6":"product_cat-fisioterapia","7":"desktop-align-left","8":"tablet-align-left","9":"mobile-align-left","11":"first","12":"instock","13":"shipping-taxable","14":"purchasable","15":"product-type-simple"},"_links":{"self":[{"href":"https:\/\/saudenacapital.com.br\/loja\/wp-json\/wp\/v2\/product\/552","targetHints":{"allow":["GET"]}}],"collection":[{"href":"https:\/\/saudenacapital.com.br\/loja\/wp-json\/wp\/v2\/product"}],"about":[{"href":"https:\/\/saudenacapital.com.br\/loja\/wp-json\/wp\/v2\/types\/product"}],"replies":[{"embeddable":true,"href":"https:\/\/saudenacapital.com.br\/loja\/wp-json\/wp\/v2\/comments?post=552"}],"wp:featuredmedia":[{"embeddable":true,"href":"https:\/\/saudenacapital.com.br\/loja\/wp-json\/wp\/v2\/media\/553"}],"wp:attachment":[{"href":"https:\/\/saudenacapital.com.br\/loja\/wp-json\/wp\/v2\/media?parent=552"}],"wp:term":[{"taxonomy":"product_brand","embeddable":true,"href":"https:\/\/saudenacapital.com.br\/loja\/wp-json\/wp\/v2\/product_brand?post=552"},{"taxonomy":"product_cat","embeddable":true,"href":"https:\/\/saudenacapital.com.br\/loja\/wp-json\/wp\/v2\/product_cat?post=552"},{"taxonomy":"product_tag","embeddable":true,"href":"https:\/\/saudenacapital.com.br\/loja\/wp-json\/wp\/v2\/product_tag?post=552"}],"curies":[{"name":"wp","href":"https:\/\/api.w.org\/{rel}","templated":true}]}}