{"id":554,"date":"2022-08-25T15:41:11","date_gmt":"2022-08-25T18:41:11","guid":{"rendered":"https:\/\/saudenacapital.com.br\/loja\/?post_type=product&#038;p=554"},"modified":"2023-03-01T12:56:50","modified_gmt":"2023-03-01T15:56:50","slug":"mascara-cirurgica-descartavel-tripla-c-filtro-infantil","status":"publish","type":"product","link":"https:\/\/saudenacapital.com.br\/loja\/produto\/mascara-cirurgica-descartavel-tripla-c-filtro-infantil\/","title":{"rendered":"M\u00e1scara Cir\u00fargica Descart\u00e1vel Tripla c\/ Filtro &#8211; Infantil"},"content":{"rendered":"<h1>M\u00e1scara Cir\u00fargica Descart\u00e1vel Tripla Camada Com Filtro Infantil<\/h1>\n<p>A m\u00e1scara cir\u00fargica descart\u00e1vel tripla camada \u00e9 indicada para uso de pacientes em hospitais, cl\u00ednicas, consult\u00f3rios e salas de cirurgia. Uso \u00fanico e individual, descartar o produto ap\u00f3s o uso. Feito com acabamento com solda em toda extremidade. Possui efici\u00eancia filtragem bacteriol\u00f3gica. Prensada com tecnologia de ultrassom. Crian\u00e7as entre 3 e 12 anos. Tripla Camada \/ Com Filtro SMS \/ Clipe Nasal Longo \/ 3 Dobras Expansoras \/ Descart\u00e1vel \/ El\u00e1stico de Fixa\u00e7\u00e3o Arredondado \/ Barreira Contra Respingos.<\/p>\n<p>&nbsp;<\/p>\n<p><img fetchpriority=\"high\" decoding=\"async\" class=\"\" src=\"https:\/\/cf.shopee.com.br\/file\/0b713c2bf557199163d2dfe385f81ab1\" alt=\"100 M\u00e1scaras Infantil Descart\u00e1vel Tripla Camada Ortho Pauher c\/ Filtro e  Clipe Nasal + Brindes! | Shopee Brasil\" width=\"384\" height=\"384\" \/><\/p>\n<p>Composi\u00e7\u00e3o: Confeccionado em 100% Polipropileno. Tecido &#8211; N\u00e3o &#8211; Tecido (TNT) para uso odonto -m\u00e9dico &#8211; hospitalar e elemento filtrante Tecido &#8211; N\u00e3o &#8211; Tecido (TNT) SMS. Medida: tamanho P = 14 x 8 cm \/ M = 14 x 10. Condi\u00e7\u00f5es de Armazenamento, Transporte e Manipula\u00e7\u00e3o: Conservar em temperatura ambiente, local fresco e seco, transportar dentro de sua embalagem, os produtos somente dever\u00e3o ser manipulados quando da sua aplica\u00e7\u00e3o. Par\u00e2metros de temperatura: -10 \u00e0 +40\u00baC e umidade relativa menor que 80%.<\/p>\n<p>1 &#8211; Antes de colocar a m\u00e1scara, higienize as m\u00e3os com \u00e1gua e sab\u00e3o ou com uma solu\u00e7\u00e3o \u00e0 base de \u00e1lcool a 70%; 2 &#8211; Colocar a m\u00e1scara descart\u00e1vel com a face interna virada para o rosto; 3 &#8211; Ajuste o clip nasal moldando-o ao formato do nariz e da bochecha; 4 &#8211; Cubra o nariz, boca e queixo, certificando que n\u00e3o existe espa\u00e7o entre o rosto e a m\u00e1scara; 5 &#8211; N\u00e3o se deve tocar na m\u00e1scara enquanto estiver em utiliza\u00e7\u00e3o; caso aconte\u00e7a, deve-se higienizar imediatamente as m\u00e3os; 6 &#8211; A m\u00e1scara deve ser substitu\u00edda por uma nova assim que encontre-se \u00famida; 7 &#8211; As m\u00e1scaras s\u00e3o de uso \u00fanico, portanto n\u00e3o devem ser reutilizadas; 8 &#8211; A remo\u00e7\u00e3o da m\u00e1scara deve ser feita come\u00e7ando pela parte de tr\u00e1s, retirando os el\u00e1sticos, n\u00e3o tocando na frente da m\u00e1scara; 9 &#8211; Deve ser feita nova higieniza\u00e7\u00e3o das m\u00e3os ap\u00f3s a utiliza\u00e7\u00e3o e manuseamento do produto.<\/p>\n<p><img decoding=\"async\" class=\"\" src=\"https:\/\/cf.shopee.com.br\/file\/babf0723a68eae1b6f8622336719dd04\" alt=\"100 M\u00e1scaras Infantil Descart\u00e1vel Tripla Camada Ortho Pauher c\/ Filtro e  Clipe Nasal + Brindes! | Shopee Brasil\" width=\"362\" height=\"362\" \/><\/p>\n<div class=\"produto_final_lateral_resumo_textoz\">Indicada para prote\u00e7\u00e3o contra as patologias adquiridas por vias bucais e nasais, resistente \u00e0 penetra\u00e7\u00e3o de fluidos transportados pelo ar atrav\u00e9s de got\u00edculas, respingos e da proje\u00e7\u00e3o de flu\u00eddos corp\u00f3reos que possam atingir a via respirat\u00f3ria. Confeccionada de forma a cobrir adequadamente a \u00e1rea do nariz e da boca do usu\u00e1rio, possui um clip nasal constitu\u00eddo de material male\u00e1vel que permite o ajuste adequado ao contorno do nariz e das bochechas. Desenvolvimento exclusivo para promover a adequada adapta\u00e7\u00e3o em crian\u00e7as e, portanto, levar maior seguran\u00e7a aos usu\u00e1rios. Apropriada para uso nas \u00e1reas Odonto-M\u00e9dico-Hospitalar.<\/div>\n<div class=\"produto_final_lateral_resumo_textoz_ref\">REF.: OP43C19<\/div>\n<div class=\"produto_final_lateral_resumo_textoz_ref\">CORES: Rosa, Azul Claro<\/div>\n<div class=\"produto_final_lateral_resumo_textoz_ref\"><\/div>\n","protected":false},"excerpt":{"rendered":"<div class=\"produto_final_lateral_resumo_textoz_ref\">REF.: OP43C19<\/div>\n<div class=\"produto_final_lateral_resumo_textoz_ref\">CORES: Rosa, Azul Claro<\/div>\n","protected":false},"featured_media":555,"comment_status":"open","ping_status":"closed","template":"","meta":{"site-sidebar-layout":"default","site-content-layout":"default","ast-site-content-layout":"","site-content-style":"default","site-sidebar-style":"default","ast-global-header-display":"","ast-banner-title-visibility":"","ast-main-header-display":"","ast-hfb-above-header-display":"","ast-hfb-below-header-display":"","ast-hfb-mobile-header-display":"","site-post-title":"","ast-breadcrumbs-content":"","ast-featured-img":"","footer-sml-layout":"","theme-transparent-header-meta":"default","adv-header-id-meta":"","stick-header-meta":"","header-above-stick-meta":"","header-main-stick-meta":"","header-below-stick-meta":"","astra-migrate-meta-layouts":"default","ast-page-background-enabled":"default","ast-page-background-meta":{"desktop":{"background-color":"var(--ast-global-color-4)","background-image":"","background-repeat":"repeat","background-position":"center center","background-size":"auto","background-attachment":"scroll","background-type":"","background-media":"","overlay-type":"","overlay-color":"","overlay-gradient":""},"tablet":{"background-color":"","background-image":"","background-repeat":"repeat","background-position":"center center","background-size":"auto","background-attachment":"scroll","background-type":"","background-media":"","overlay-type":"","overlay-color":"","overlay-gradient":""},"mobile":{"background-color":"","background-image":"","background-repeat":"repeat","background-position":"center center","background-size":"auto","background-attachment":"scroll","background-type":"","background-media":"","overlay-type":"","overlay-color":"","overlay-gradient":""}},"ast-content-background-meta":{"desktop":{"background-color":"var(--ast-global-color-5)","background-image":"","background-repeat":"repeat","background-position":"center center","background-size":"auto","background-attachment":"scroll","background-type":"","background-media":"","overlay-type":"","overlay-color":"","overlay-gradient":""},"tablet":{"background-color":"var(--ast-global-color-5)","background-image":"","background-repeat":"repeat","background-position":"center center","background-size":"auto","background-attachment":"scroll","background-type":"","background-media":"","overlay-type":"","overlay-color":"","overlay-gradient":""},"mobile":{"background-color":"var(--ast-global-color-5)","background-image":"","background-repeat":"repeat","background-position":"center center","background-size":"auto","background-attachment":"scroll","background-type":"","background-media":"","overlay-type":"","overlay-color":"","overlay-gradient":""}}},"product_brand":[],"product_cat":[21],"product_tag":[44],"class_list":{"0":"post-554","1":"product","2":"type-product","3":"status-publish","4":"has-post-thumbnail","6":"product_cat-saude-e-bem-estar","7":"product_tag-ortopauher","8":"desktop-align-left","9":"tablet-align-left","10":"mobile-align-left","12":"first","13":"instock","14":"sale","15":"shipping-taxable","16":"purchasable","17":"product-type-simple"},"_links":{"self":[{"href":"https:\/\/saudenacapital.com.br\/loja\/wp-json\/wp\/v2\/product\/554","targetHints":{"allow":["GET"]}}],"collection":[{"href":"https:\/\/saudenacapital.com.br\/loja\/wp-json\/wp\/v2\/product"}],"about":[{"href":"https:\/\/saudenacapital.com.br\/loja\/wp-json\/wp\/v2\/types\/product"}],"replies":[{"embeddable":true,"href":"https:\/\/saudenacapital.com.br\/loja\/wp-json\/wp\/v2\/comments?post=554"}],"wp:featuredmedia":[{"embeddable":true,"href":"https:\/\/saudenacapital.com.br\/loja\/wp-json\/wp\/v2\/media\/555"}],"wp:attachment":[{"href":"https:\/\/saudenacapital.com.br\/loja\/wp-json\/wp\/v2\/media?parent=554"}],"wp:term":[{"taxonomy":"product_brand","embeddable":true,"href":"https:\/\/saudenacapital.com.br\/loja\/wp-json\/wp\/v2\/product_brand?post=554"},{"taxonomy":"product_cat","embeddable":true,"href":"https:\/\/saudenacapital.com.br\/loja\/wp-json\/wp\/v2\/product_cat?post=554"},{"taxonomy":"product_tag","embeddable":true,"href":"https:\/\/saudenacapital.com.br\/loja\/wp-json\/wp\/v2\/product_tag?post=554"}],"curies":[{"name":"wp","href":"https:\/\/api.w.org\/{rel}","templated":true}]}}