{"id":559,"date":"2022-08-25T15:49:45","date_gmt":"2022-08-25T18:49:45","guid":{"rendered":"https:\/\/saudenacapital.com.br\/loja\/?post_type=product&#038;p=559"},"modified":"2022-08-25T15:49:46","modified_gmt":"2022-08-25T18:49:46","slug":"eletroestimulador-tens-alivio-ja-g-tech","status":"publish","type":"product","link":"https:\/\/saudenacapital.com.br\/loja\/produto\/eletroestimulador-tens-alivio-ja-g-tech\/","title":{"rendered":"Eletroestimulador Tens Alivio J\u00e1 G-Tech"},"content":{"rendered":"<h1 class=\"product-name\">Eletroestimulador Tens Alivio J\u00e1 G-Tech<\/h1>\n<p>A dor \u00e9 um problema vivido por grande parte da popula\u00e7\u00e3o e para ajudar a combater esse mal que aflige a tantos, apresentamos o Tens G-Tech Al\u00edvio J\u00e1, um eletroestimulador port\u00e1til que combate a dor de forma r\u00e1pida e sem o uso de medicamentos.<\/p>\n<p>Sua tecnologia age diretamente no foco da dor, emitindo est\u00edmulos el\u00e9tricos que bloqueiam a transmiss\u00e3o dos impulsos. Com ajuste de quinze intensidades e cinco modos de funcionamento, voc\u00ea pode encontrar a forma mais confort\u00e1vel e aproveitar todo o benef\u00edcio de um produto seguro e eficaz.<\/p>\n<p>O eletroestimulador Tens G-Tech Al\u00edvio J\u00e1 \u00e9 leve, reutiliz\u00e1vel, port\u00e1til e tem bateria recarreg\u00e1vel, perfeito para te acompanhar onde voc\u00ea for. Junte-se a n\u00f3s nessa revolu\u00e7\u00e3o do combate \u00e0 dor e viva sem preocupa\u00e7\u00f5es.<\/p>\n<p><img decoding=\"async\" src=\"https:\/\/images.tcdn.com.br\/img\/img_prod\/746795\/eletroestimulador_tens_alivio_ja_g_tech_92_3_20201124082030.jpg\" \/><\/p>\n<p><img fetchpriority=\"high\" decoding=\"async\" class=\"\" src=\"https:\/\/images.tcdn.com.br\/img\/img_prod\/746795\/eletroestimulador_tens_alivio_ja_g_tech_92_1_20201124082027.jpg\" width=\"376\" height=\"376\" \/><img decoding=\"async\" class=\"\" src=\"https:\/\/images.tcdn.com.br\/img\/img_prod\/746795\/eletroestimulador_tens_alivio_ja_g_tech_92_2_20201124082029.jpg\" width=\"435\" height=\"435\" \/><\/p>\n<p><strong>Combate as dores relacionadas a:<\/strong><\/p>\n<p>&#8211; Dores Musculares;<br \/>\n&#8211; Dores Lombares;<br \/>\n&#8211; Osteoartrites;<br \/>\n&#8211; Tendinites;<br \/>\n&#8211; C\u00f3licas Menstruais.<\/p>\n<p>&nbsp;<\/p>\n<p><strong>Caracter\u00edsticas:<\/strong><\/p>\n<p>&#8211; 5 Modos de Funcionamento;<br \/>\n&#8211; 15 Ajustes de Intensidade;<br \/>\n&#8211; Recarreg\u00e1vel via USB;<br \/>\n&#8211; Dimens\u00f5es do produto: 150x65mm.<\/p>\n<p>&nbsp;<\/p>\n<p><strong>Conte\u00fado da caixa:<\/strong><\/p>\n<p>&#8211; 01 Eletroestimulador TENS G-TECH Al\u00edvio J\u00e1;<br \/>\n&#8211; 01 Par de gel condutor adesivo;<br \/>\n&#8211; 01 Cabo USB;<br \/>\n&#8211; 01 Manual de instru\u00e7\u00f5es.<\/p>\n<p>&nbsp;<\/p>\n<p>O Gel condutor adesivo pode ser reposto ap\u00f3s perder suas propriedades. Ele \u00e9 apresentado em sach\u00eas com 01 par.<\/p>\n","protected":false},"excerpt":{"rendered":"<p>Eletroestimulador Tens Alivio J\u00e1 G-Tech A dor \u00e9 um problema vivido por grande parte da popula\u00e7\u00e3o e para ajudar a combater esse mal que aflige a tantos, apresentamos o Tens G-Tech Al\u00edvio J\u00e1, um eletroestimulador port\u00e1til que combate a dor de forma r\u00e1pida e sem o uso de medicamentos. Sua tecnologia age diretamente no foco [&hellip;]<\/p>\n","protected":false},"featured_media":560,"comment_status":"open","ping_status":"closed","template":"","meta":{"site-sidebar-layout":"default","site-content-layout":"default","ast-site-content-layout":"","site-content-style":"default","site-sidebar-style":"default","ast-global-header-display":"","ast-banner-title-visibility":"","ast-main-header-display":"","ast-hfb-above-header-display":"","ast-hfb-below-header-display":"","ast-hfb-mobile-header-display":"","site-post-title":"","ast-breadcrumbs-content":"","ast-featured-img":"","footer-sml-layout":"","theme-transparent-header-meta":"default","adv-header-id-meta":"","stick-header-meta":"","header-above-stick-meta":"","header-main-stick-meta":"","header-below-stick-meta":"","astra-migrate-meta-layouts":"default","ast-page-background-enabled":"default","ast-page-background-meta":{"desktop":{"background-color":"var(--ast-global-color-4)","background-image":"","background-repeat":"repeat","background-position":"center center","background-size":"auto","background-attachment":"scroll","background-type":"","background-media":"","overlay-type":"","overlay-color":"","overlay-gradient":""},"tablet":{"background-color":"","background-image":"","background-repeat":"repeat","background-position":"center center","background-size":"auto","background-attachment":"scroll","background-type":"","background-media":"","overlay-type":"","overlay-color":"","overlay-gradient":""},"mobile":{"background-color":"","background-image":"","background-repeat":"repeat","background-position":"center center","background-size":"auto","background-attachment":"scroll","background-type":"","background-media":"","overlay-type":"","overlay-color":"","overlay-gradient":""}},"ast-content-background-meta":{"desktop":{"background-color":"var(--ast-global-color-5)","background-image":"","background-repeat":"repeat","background-position":"center center","background-size":"auto","background-attachment":"scroll","background-type":"","background-media":"","overlay-type":"","overlay-color":"","overlay-gradient":""},"tablet":{"background-color":"var(--ast-global-color-5)","background-image":"","background-repeat":"repeat","background-position":"center center","background-size":"auto","background-attachment":"scroll","background-type":"","background-media":"","overlay-type":"","overlay-color":"","overlay-gradient":""},"mobile":{"background-color":"var(--ast-global-color-5)","background-image":"","background-repeat":"repeat","background-position":"center center","background-size":"auto","background-attachment":"scroll","background-type":"","background-media":"","overlay-type":"","overlay-color":"","overlay-gradient":""}}},"product_brand":[],"product_cat":[25,21],"product_tag":[45],"class_list":{"0":"post-559","1":"product","2":"type-product","3":"status-publish","4":"has-post-thumbnail","6":"product_cat-eletronicos","7":"product_cat-saude-e-bem-estar","8":"product_tag-gtech","9":"desktop-align-left","10":"tablet-align-left","11":"mobile-align-left","13":"first","14":"instock","15":"shipping-taxable","16":"purchasable","17":"product-type-simple"},"_links":{"self":[{"href":"https:\/\/saudenacapital.com.br\/loja\/wp-json\/wp\/v2\/product\/559","targetHints":{"allow":["GET"]}}],"collection":[{"href":"https:\/\/saudenacapital.com.br\/loja\/wp-json\/wp\/v2\/product"}],"about":[{"href":"https:\/\/saudenacapital.com.br\/loja\/wp-json\/wp\/v2\/types\/product"}],"replies":[{"embeddable":true,"href":"https:\/\/saudenacapital.com.br\/loja\/wp-json\/wp\/v2\/comments?post=559"}],"wp:featuredmedia":[{"embeddable":true,"href":"https:\/\/saudenacapital.com.br\/loja\/wp-json\/wp\/v2\/media\/560"}],"wp:attachment":[{"href":"https:\/\/saudenacapital.com.br\/loja\/wp-json\/wp\/v2\/media?parent=559"}],"wp:term":[{"taxonomy":"product_brand","embeddable":true,"href":"https:\/\/saudenacapital.com.br\/loja\/wp-json\/wp\/v2\/product_brand?post=559"},{"taxonomy":"product_cat","embeddable":true,"href":"https:\/\/saudenacapital.com.br\/loja\/wp-json\/wp\/v2\/product_cat?post=559"},{"taxonomy":"product_tag","embeddable":true,"href":"https:\/\/saudenacapital.com.br\/loja\/wp-json\/wp\/v2\/product_tag?post=559"}],"curies":[{"name":"wp","href":"https:\/\/api.w.org\/{rel}","templated":true}]}}