{"id":569,"date":"2022-09-02T11:06:46","date_gmt":"2022-09-02T14:06:46","guid":{"rendered":"https:\/\/saudenacapital.com.br\/loja\/?post_type=product&#038;p=569"},"modified":"2022-09-02T11:06:47","modified_gmt":"2022-09-02T14:06:47","slug":"absorvente-masculino-tena-men-level-2","status":"publish","type":"product","link":"https:\/\/saudenacapital.com.br\/loja\/produto\/absorvente-masculino-tena-men-level-2\/","title":{"rendered":"Absorvente Masculino Tena Men Level 2"},"content":{"rendered":"<h1>Absorvente Masculino Tena Men Level 2<\/h1>\n<p><img decoding=\"async\" src=\"https:\/\/http2.mlstatic.com\/D_NQ_NP_660485-MLB44076160866_112020-O.jpg\" alt=\"Absorvente Geri\u00e1trico Masculino Tena Men Com 10 Unidades | Parcelamento sem  juros\" \/><\/p>\n<p><img decoding=\"async\" src=\"https:\/\/http2.mlstatic.com\/D_NQ_NP_890446-MLB44076167537_112020-O.jpg\" alt=\"Absorvente Geri\u00e1trico Masculino Tena Men Com 10 Unidades | Parcelamento sem  juros\" \/><\/p>\n<p><img fetchpriority=\"high\" decoding=\"async\" class=\"\" src=\"https:\/\/cdn.ultrafarma.com.br\/static\/produtos\/800645\/large-637819157849519883-800645_3.jpg\" alt=\"ABSORVENTE PARA INCONTIN\u00caNCIA URIN\u00c1RIA TENA MEN - LEVEL 2 M\u00c9DIO 10 UNIDADES  - Ultrafarma\" width=\"506\" height=\"506\" \/><\/p>\n<p><img decoding=\"async\" class=\"\" src=\"https:\/\/images2.farmaciasapp.com.br\/upload\/file-5ec761c6dfdd34.11541722.jpg?hash=b6b7594dc7df4d354e161a43cfd289fe\" alt=\"Absorvente Masculino Tena for Men Level 2 10 unidades\" width=\"501\" height=\"501\" \/><\/p>\n<p>Possui o confort\u00e1vel design em forma de concha foi especificamente desenvolvido para a anatomia masculina e \u00e9 t\u00e3o discreto que n\u00e3o fica evidente na roupa;<\/p>\n<p>A faixa adesiva mant\u00e9m o protetor na posi\u00e7\u00e3o ideal;<\/p>\n<p>Os homens podem confiar na prote\u00e7\u00e3o extra de que precisam, mesmo que tenham uma vida muito ativa;<\/p>\n<p>Forma anat\u00f4mica discreta, especialmente concebida para os homens.<\/p>\n<p><b><i>LockAway CoreTM:<\/i><\/b>\u00a0Cont\u00e9m microabsorventes que ret\u00eam o l\u00edquido e o mant\u00eam afastado do corpo;<\/p>\n<p><b><i>OdourControlTM:<\/i><\/b>\u00a0Inibi os odores;<\/p>\n<p><b><i>Quantidade:<\/i><\/b>\u00a0Caixa com 10 unidades.<\/p>\n<table class=\"group especificacoes\" cellspacing=\"0\">\n<tbody>\n<tr class=\"even\">\n<th class=\"name-field Composicao active\">Composi\u00e7\u00e3o<\/th>\n<td class=\"value-field Composicao\">O confort\u00e1vel design em forma de concha foi especificamente desenvolvido para a anatomia masculina e \u00e9 t\u00e3o discreto que n\u00e3o fica evidente na roupa;<\/p>\n<p>A faixa adesiva mant\u00e9m o protetor na posi\u00e7\u00e3o ideal;<\/p>\n<p>Os homens podem confiar na prote\u00e7\u00e3o extra de que precisam, mesmo que tenham uma vida muito ativa;<\/p>\n<p>Forma anat\u00f4mica discreta, especialmente concebida para os homens.<\/p>\n<p><b><i>LockAway CoreTM:<\/i><\/b>\u00a0Cont\u00e9m microabsorventes que ret\u00eam o l\u00edquido e o mant\u00eam afastado do corpo;<\/td>\n<\/tr>\n<\/tbody>\n<\/table>\n<p>&nbsp;<\/p>\n","protected":false},"excerpt":{"rendered":"<p><em>Os homens podem confiar na prote\u00e7\u00e3o extra de que precisam, mesmo que tenham uma vida muito ativa;<\/em><br \/>\n<em>Cont\u00e9m microabsorventes que ret\u00eam o l\u00edquido e o mant\u00eam afastado do corpo;<\/em><br \/>\n<em>Forma anat\u00f4mica discreta, especialmente concebida para os homens.<\/em><\/p>\n","protected":false},"featured_media":570,"comment_status":"open","ping_status":"closed","template":"","meta":{"site-sidebar-layout":"default","site-content-layout":"default","ast-site-content-layout":"","site-content-style":"default","site-sidebar-style":"default","ast-global-header-display":"","ast-banner-title-visibility":"","ast-main-header-display":"","ast-hfb-above-header-display":"","ast-hfb-below-header-display":"","ast-hfb-mobile-header-display":"","site-post-title":"","ast-breadcrumbs-content":"","ast-featured-img":"","footer-sml-layout":"","theme-transparent-header-meta":"default","adv-header-id-meta":"","stick-header-meta":"","header-above-stick-meta":"","header-main-stick-meta":"","header-below-stick-meta":"","astra-migrate-meta-layouts":"default","ast-page-background-enabled":"default","ast-page-background-meta":{"desktop":{"background-color":"var(--ast-global-color-4)","background-image":"","background-repeat":"repeat","background-position":"center center","background-size":"auto","background-attachment":"scroll","background-type":"","background-media":"","overlay-type":"","overlay-color":"","overlay-gradient":""},"tablet":{"background-color":"","background-image":"","background-repeat":"repeat","background-position":"center center","background-size":"auto","background-attachment":"scroll","background-type":"","background-media":"","overlay-type":"","overlay-color":"","overlay-gradient":""},"mobile":{"background-color":"","background-image":"","background-repeat":"repeat","background-position":"center center","background-size":"auto","background-attachment":"scroll","background-type":"","background-media":"","overlay-type":"","overlay-color":"","overlay-gradient":""}},"ast-content-background-meta":{"desktop":{"background-color":"var(--ast-global-color-5)","background-image":"","background-repeat":"repeat","background-position":"center center","background-size":"auto","background-attachment":"scroll","background-type":"","background-media":"","overlay-type":"","overlay-color":"","overlay-gradient":""},"tablet":{"background-color":"var(--ast-global-color-5)","background-image":"","background-repeat":"repeat","background-position":"center center","background-size":"auto","background-attachment":"scroll","background-type":"","background-media":"","overlay-type":"","overlay-color":"","overlay-gradient":""},"mobile":{"background-color":"var(--ast-global-color-5)","background-image":"","background-repeat":"repeat","background-position":"center center","background-size":"auto","background-attachment":"scroll","background-type":"","background-media":"","overlay-type":"","overlay-color":"","overlay-gradient":""}}},"product_brand":[],"product_cat":[21],"product_tag":[],"class_list":{"0":"post-569","1":"product","2":"type-product","3":"status-publish","4":"has-post-thumbnail","6":"product_cat-saude-e-bem-estar","7":"desktop-align-left","8":"tablet-align-left","9":"mobile-align-left","11":"first","12":"instock","13":"shipping-taxable","14":"purchasable","15":"product-type-simple"},"_links":{"self":[{"href":"https:\/\/saudenacapital.com.br\/loja\/wp-json\/wp\/v2\/product\/569","targetHints":{"allow":["GET"]}}],"collection":[{"href":"https:\/\/saudenacapital.com.br\/loja\/wp-json\/wp\/v2\/product"}],"about":[{"href":"https:\/\/saudenacapital.com.br\/loja\/wp-json\/wp\/v2\/types\/product"}],"replies":[{"embeddable":true,"href":"https:\/\/saudenacapital.com.br\/loja\/wp-json\/wp\/v2\/comments?post=569"}],"wp:featuredmedia":[{"embeddable":true,"href":"https:\/\/saudenacapital.com.br\/loja\/wp-json\/wp\/v2\/media\/570"}],"wp:attachment":[{"href":"https:\/\/saudenacapital.com.br\/loja\/wp-json\/wp\/v2\/media?parent=569"}],"wp:term":[{"taxonomy":"product_brand","embeddable":true,"href":"https:\/\/saudenacapital.com.br\/loja\/wp-json\/wp\/v2\/product_brand?post=569"},{"taxonomy":"product_cat","embeddable":true,"href":"https:\/\/saudenacapital.com.br\/loja\/wp-json\/wp\/v2\/product_cat?post=569"},{"taxonomy":"product_tag","embeddable":true,"href":"https:\/\/saudenacapital.com.br\/loja\/wp-json\/wp\/v2\/product_tag?post=569"}],"curies":[{"name":"wp","href":"https:\/\/api.w.org\/{rel}","templated":true}]}}