{"id":574,"date":"2022-12-30T11:34:54","date_gmt":"2022-12-30T14:34:54","guid":{"rendered":"https:\/\/saudenacapital.com.br\/loja\/?post_type=product&#038;p=574"},"modified":"2022-12-30T11:34:55","modified_gmt":"2022-12-30T14:34:55","slug":"colchao-pneumatico-anti-escaras","status":"publish","type":"product","link":"https:\/\/saudenacapital.com.br\/loja\/produto\/colchao-pneumatico-anti-escaras\/","title":{"rendered":"Colch\u00e3o Pneum\u00e1tico Anti Escaras"},"content":{"rendered":"<h1 class=\"product-name\">Colch\u00e3o Pneum\u00e1tico Anti Escaras Air Plus Completo DellaMED<\/h1>\n<p><img decoding=\"async\" src=\"https:\/\/a-static.mlcdn.com.br\/800x560\/colchao-pneumatico-hospitalar-air-plus-anti-escaras-135kg-kit-completo-dellamed\/dexlife\/b441d610f7c411ec90554201ac185079\/150944ce698e024a9b5ab97afbcf510f.jpeg\" alt=\"Colch\u00e3o Pneum\u00e1tico Hospitalar Air Plus Anti Escaras 135kg kit completo -  dellamed - Colch\u00e3o e Colchonete Antiescaras - Magazine Luiza\" \/><\/p>\n<p><img fetchpriority=\"high\" decoding=\"async\" class=\"\" src=\"https:\/\/cf.shopee.com.br\/file\/c657e61984c014fe66296e3f741805af\" alt=\"Colch\u00e3o Pneum\u00e1tico Hospitalar Anti Escaras Acamado DellaMed 110\/220v |  Shopee Brasil\" width=\"808\" height=\"808\" \/><\/p>\n<p style=\"font-weight: 400;\">O sistema de al\u00edvio de press\u00e3o alternada Air Plus desempenha um papel essencial no tratamento de escaras, fazendo com que a mesma zona do corpo esteja em contato com diversas c\u00e9lulas do colch\u00e3o, que alternam os seus graus de press\u00e3o. Desta forma, o sistema ajuda a minimizar os picos de press\u00e3o, protegendo as zonas de risco nos pacientes. Este m\u00e9todo \u00e9 uma das provid\u00eancias comprovadamente eficazes no tratamento de ulcera\u00e7\u00f5es, pois melhora a circula\u00e7\u00e3o e elimina problemas de press\u00e3o cont\u00ednua em pacientes acamados.<br \/>\nO resultado, estimula os movimentos normais do corpo e a circula\u00e7\u00e3o do sangue, reduzindo os riscos de danos ao tecido da pele causado por press\u00e3o constante. O m\u00e9todo de al\u00edvio de press\u00e3o alternada \u00e9 uma das provid\u00eancias comprovadas para preven\u00e7\u00e3o das ulcera\u00e7\u00f5es. A teoria b\u00e1sica envolve movimento. Uma a\u00e7\u00e3o suave de massagem ajuda a promover a circula\u00e7\u00e3o, eliminando os problemas de press\u00e3o cont\u00ednua em um paciente im\u00f3vel.<\/p>\n<p><img decoding=\"async\" src=\"https:\/\/cdn.vnda.com.br\/ortoponto\/2015\/11\/05\/airplus-colc-colchao-pneumatico-para-prevencao-de-escaras-com-motor-airplus-4217.jpg?v=1574866610\" alt=\"Colch\u00e3o Pneum\u00e1tico para Preven\u00e7\u00e3o de Escaras com Motor AirPlus - Ortoponto\" \/><\/p>\n<p style=\"font-weight: 400;\"><img decoding=\"async\" class=\"\" src=\"https:\/\/images.tcdn.com.br\/img\/img_prod\/1125779\/colchao_pneumatico_anti_escaras_com_motor_air_plus_dellamed_115_2_bcc926f370ae794654f3803baa1646b5.jpg\" alt=\"Kit Colch\u00e3o Pneum\u00e1tico para Tratamento de Escaras Air Plus com Motor  Dellamed - Dellamed\" width=\"809\" height=\"809\" \/><\/p>\n<p>&nbsp;<\/p>\n<p style=\"font-weight: 400;\">&#8211; Dur\u00e1vel e compacto<br \/>\n&#8211; Composto de 130 c\u00e9lulas<br \/>\n&#8211; Opera com um n\u00edvel de vibra\u00e7\u00e3o extremamente baixo<br \/>\n&#8211; Silencioso: possibilita um ambiente favor\u00e1vel ao sono tranquilo<br \/>\n&#8211; Luz indicadora de funcionamento<br \/>\n&#8211; Baixo consumo de energia el\u00e9trica<br \/>\n&#8211; Acompanha bomba de ar autom\u00e1tica<\/p>\n<p>&nbsp;<\/p>\n","protected":false},"excerpt":{"rendered":"<p>Colch\u00e3o Pneum\u00e1tico Anti Escaras Air Plus Completo DellaMED O sistema de al\u00edvio de press\u00e3o alternada Air Plus desempenha um papel essencial no tratamento de escaras, fazendo com que a mesma zona do corpo esteja em contato com diversas c\u00e9lulas do colch\u00e3o, que alternam os seus graus de press\u00e3o. Desta forma, o sistema ajuda a minimizar [&hellip;]<\/p>\n","protected":false},"featured_media":575,"comment_status":"open","ping_status":"closed","template":"","meta":{"site-sidebar-layout":"default","site-content-layout":"default","ast-site-content-layout":"","site-content-style":"default","site-sidebar-style":"default","ast-global-header-display":"","ast-banner-title-visibility":"","ast-main-header-display":"","ast-hfb-above-header-display":"","ast-hfb-below-header-display":"","ast-hfb-mobile-header-display":"","site-post-title":"","ast-breadcrumbs-content":"","ast-featured-img":"","footer-sml-layout":"","theme-transparent-header-meta":"default","adv-header-id-meta":"","stick-header-meta":"","header-above-stick-meta":"","header-main-stick-meta":"","header-below-stick-meta":"","astra-migrate-meta-layouts":"default","ast-page-background-enabled":"default","ast-page-background-meta":{"desktop":{"background-color":"var(--ast-global-color-4)","background-image":"","background-repeat":"repeat","background-position":"center center","background-size":"auto","background-attachment":"scroll","background-type":"","background-media":"","overlay-type":"","overlay-color":"","overlay-gradient":""},"tablet":{"background-color":"","background-image":"","background-repeat":"repeat","background-position":"center center","background-size":"auto","background-attachment":"scroll","background-type":"","background-media":"","overlay-type":"","overlay-color":"","overlay-gradient":""},"mobile":{"background-color":"","background-image":"","background-repeat":"repeat","background-position":"center center","background-size":"auto","background-attachment":"scroll","background-type":"","background-media":"","overlay-type":"","overlay-color":"","overlay-gradient":""}},"ast-content-background-meta":{"desktop":{"background-color":"var(--ast-global-color-5)","background-image":"","background-repeat":"repeat","background-position":"center center","background-size":"auto","background-attachment":"scroll","background-type":"","background-media":"","overlay-type":"","overlay-color":"","overlay-gradient":""},"tablet":{"background-color":"var(--ast-global-color-5)","background-image":"","background-repeat":"repeat","background-position":"center center","background-size":"auto","background-attachment":"scroll","background-type":"","background-media":"","overlay-type":"","overlay-color":"","overlay-gradient":""},"mobile":{"background-color":"var(--ast-global-color-5)","background-image":"","background-repeat":"repeat","background-position":"center center","background-size":"auto","background-attachment":"scroll","background-type":"","background-media":"","overlay-type":"","overlay-color":"","overlay-gradient":""}}},"product_brand":[],"product_cat":[16],"product_tag":[42],"class_list":{"0":"post-574","1":"product","2":"type-product","3":"status-publish","4":"has-post-thumbnail","6":"product_cat-sem-categoria","7":"product_tag-dellamed","8":"desktop-align-left","9":"tablet-align-left","10":"mobile-align-left","12":"first","13":"instock","14":"sale","15":"shipping-taxable","16":"purchasable","17":"product-type-simple"},"_links":{"self":[{"href":"https:\/\/saudenacapital.com.br\/loja\/wp-json\/wp\/v2\/product\/574","targetHints":{"allow":["GET"]}}],"collection":[{"href":"https:\/\/saudenacapital.com.br\/loja\/wp-json\/wp\/v2\/product"}],"about":[{"href":"https:\/\/saudenacapital.com.br\/loja\/wp-json\/wp\/v2\/types\/product"}],"replies":[{"embeddable":true,"href":"https:\/\/saudenacapital.com.br\/loja\/wp-json\/wp\/v2\/comments?post=574"}],"wp:featuredmedia":[{"embeddable":true,"href":"https:\/\/saudenacapital.com.br\/loja\/wp-json\/wp\/v2\/media\/575"}],"wp:attachment":[{"href":"https:\/\/saudenacapital.com.br\/loja\/wp-json\/wp\/v2\/media?parent=574"}],"wp:term":[{"taxonomy":"product_brand","embeddable":true,"href":"https:\/\/saudenacapital.com.br\/loja\/wp-json\/wp\/v2\/product_brand?post=574"},{"taxonomy":"product_cat","embeddable":true,"href":"https:\/\/saudenacapital.com.br\/loja\/wp-json\/wp\/v2\/product_cat?post=574"},{"taxonomy":"product_tag","embeddable":true,"href":"https:\/\/saudenacapital.com.br\/loja\/wp-json\/wp\/v2\/product_tag?post=574"}],"curies":[{"name":"wp","href":"https:\/\/api.w.org\/{rel}","templated":true}]}}