{"id":577,"date":"2023-02-02T12:41:04","date_gmt":"2023-02-02T15:41:04","guid":{"rendered":"https:\/\/saudenacapital.com.br\/loja\/?post_type=product&#038;p=577"},"modified":"2023-02-02T12:41:04","modified_gmt":"2023-02-02T15:41:04","slug":"mascara-tripla-descartavel-branca-50un-descarpack","status":"publish","type":"product","link":"https:\/\/saudenacapital.com.br\/loja\/produto\/mascara-tripla-descartavel-branca-50un-descarpack\/","title":{"rendered":"M\u00e1scara Tripla Descart\u00e1vel Branca 50un. Descarpack"},"content":{"rendered":"<h1 class=\"vtex-store-components-3-x-productNameContainer vtex-store-components-3-x-productNameContainer--quickview mv0 t-heading-4\"><span class=\"vtex-store-components-3-x-productBrand vtex-store-components-3-x-productBrand--quickview \">M\u00e1scara Tripla Descart\u00e1vel com El\u00e1stico Branca com 50un. Descarpack<\/span><\/h1>\n<p>&nbsp;<\/p>\n<p>M\u00e1scara Tripla Descarpack Descart\u00e1vel com El\u00e1stico Branca 50un. Utilizada para a prote\u00e7\u00e3o do profissional durante os procedimentos onde pode haver contamina\u00e7\u00e3o por flu\u00eddos corp\u00f3reos. Proporciona mais higiene evitando a contamina\u00e7\u00e3o por secre\u00e7\u00f5es respirat\u00f3rias do profissional. Caracter\u00edsticas do produto: &#8211; Camada tripla com filtro para maior prote\u00e7\u00e3o; &#8211; Cont\u00e9m el\u00e1stico de fixa\u00e7\u00e3o; &#8211; N\u00e3o est\u00e9ril; &#8211; Possui clip nasal. Informa\u00e7\u00f5es sobre proced\u00eancia e validade impressas na embalagem. Garantia contra defeitos de fabrica\u00e7\u00e3o ou materiais.<\/p>\n","protected":false},"excerpt":{"rendered":"<p>M\u00e1scara Tripla Descart\u00e1vel com El\u00e1stico Branca com 50un. Descarpack &nbsp; M\u00e1scara Tripla Descarpack Descart\u00e1vel com El\u00e1stico Branca 50un. Utilizada para a prote\u00e7\u00e3o do profissional durante os procedimentos onde pode haver contamina\u00e7\u00e3o por flu\u00eddos corp\u00f3reos. Proporciona mais higiene evitando a contamina\u00e7\u00e3o por secre\u00e7\u00f5es respirat\u00f3rias do profissional. Caracter\u00edsticas do produto: &#8211; Camada tripla com filtro para maior [&hellip;]<\/p>\n","protected":false},"featured_media":578,"comment_status":"open","ping_status":"closed","template":"","meta":{"site-sidebar-layout":"default","site-content-layout":"default","ast-site-content-layout":"","site-content-style":"default","site-sidebar-style":"default","ast-global-header-display":"","ast-banner-title-visibility":"","ast-main-header-display":"","ast-hfb-above-header-display":"","ast-hfb-below-header-display":"","ast-hfb-mobile-header-display":"","site-post-title":"","ast-breadcrumbs-content":"","ast-featured-img":"","footer-sml-layout":"","theme-transparent-header-meta":"default","adv-header-id-meta":"","stick-header-meta":"","header-above-stick-meta":"","header-main-stick-meta":"","header-below-stick-meta":"","astra-migrate-meta-layouts":"default","ast-page-background-enabled":"default","ast-page-background-meta":{"desktop":{"background-color":"var(--ast-global-color-4)","background-image":"","background-repeat":"repeat","background-position":"center center","background-size":"auto","background-attachment":"scroll","background-type":"","background-media":"","overlay-type":"","overlay-color":"","overlay-gradient":""},"tablet":{"background-color":"","background-image":"","background-repeat":"repeat","background-position":"center center","background-size":"auto","background-attachment":"scroll","background-type":"","background-media":"","overlay-type":"","overlay-color":"","overlay-gradient":""},"mobile":{"background-color":"","background-image":"","background-repeat":"repeat","background-position":"center center","background-size":"auto","background-attachment":"scroll","background-type":"","background-media":"","overlay-type":"","overlay-color":"","overlay-gradient":""}},"ast-content-background-meta":{"desktop":{"background-color":"var(--ast-global-color-5)","background-image":"","background-repeat":"repeat","background-position":"center center","background-size":"auto","background-attachment":"scroll","background-type":"","background-media":"","overlay-type":"","overlay-color":"","overlay-gradient":""},"tablet":{"background-color":"var(--ast-global-color-5)","background-image":"","background-repeat":"repeat","background-position":"center center","background-size":"auto","background-attachment":"scroll","background-type":"","background-media":"","overlay-type":"","overlay-color":"","overlay-gradient":""},"mobile":{"background-color":"var(--ast-global-color-5)","background-image":"","background-repeat":"repeat","background-position":"center center","background-size":"auto","background-attachment":"scroll","background-type":"","background-media":"","overlay-type":"","overlay-color":"","overlay-gradient":""}}},"product_brand":[],"product_cat":[21],"product_tag":[46],"class_list":{"0":"post-577","1":"product","2":"type-product","3":"status-publish","4":"has-post-thumbnail","6":"product_cat-saude-e-bem-estar","7":"product_tag-descarpack","8":"desktop-align-left","9":"tablet-align-left","10":"mobile-align-left","12":"first","13":"instock","14":"sale","15":"shipping-taxable","16":"purchasable","17":"product-type-simple"},"_links":{"self":[{"href":"https:\/\/saudenacapital.com.br\/loja\/wp-json\/wp\/v2\/product\/577","targetHints":{"allow":["GET"]}}],"collection":[{"href":"https:\/\/saudenacapital.com.br\/loja\/wp-json\/wp\/v2\/product"}],"about":[{"href":"https:\/\/saudenacapital.com.br\/loja\/wp-json\/wp\/v2\/types\/product"}],"replies":[{"embeddable":true,"href":"https:\/\/saudenacapital.com.br\/loja\/wp-json\/wp\/v2\/comments?post=577"}],"wp:featuredmedia":[{"embeddable":true,"href":"https:\/\/saudenacapital.com.br\/loja\/wp-json\/wp\/v2\/media\/578"}],"wp:attachment":[{"href":"https:\/\/saudenacapital.com.br\/loja\/wp-json\/wp\/v2\/media?parent=577"}],"wp:term":[{"taxonomy":"product_brand","embeddable":true,"href":"https:\/\/saudenacapital.com.br\/loja\/wp-json\/wp\/v2\/product_brand?post=577"},{"taxonomy":"product_cat","embeddable":true,"href":"https:\/\/saudenacapital.com.br\/loja\/wp-json\/wp\/v2\/product_cat?post=577"},{"taxonomy":"product_tag","embeddable":true,"href":"https:\/\/saudenacapital.com.br\/loja\/wp-json\/wp\/v2\/product_tag?post=577"}],"curies":[{"name":"wp","href":"https:\/\/api.w.org\/{rel}","templated":true}]}}