{"id":606,"date":"2023-12-08T12:01:44","date_gmt":"2023-12-08T15:01:44","guid":{"rendered":"https:\/\/saudenacapital.com.br\/loja\/?post_type=product&#038;p=606"},"modified":"2023-12-08T13:16:58","modified_gmt":"2023-12-08T16:16:58","slug":"almofada-massageadora-shiatsu","status":"publish","type":"product","link":"https:\/\/saudenacapital.com.br\/loja\/produto\/almofada-massageadora-shiatsu\/","title":{"rendered":"Almofada Massageadora Shiatsu"},"content":{"rendered":"<h2 class=\"sc-kpDqfm ivZCgz\" data-testid=\"product-detail-label\">Informa\u00e7\u00f5es do Produto<\/h2>\n<p><span class=\"sc-kpDqfm qhIEo\" data-testid=\"product-detail-title\">Almofada Massageadora Shiatsu Bivolts &#8211; Dellamed<\/span><\/p>\n<div class=\"sc-fqkvVR heuZyN sc-jClOwR csggir\" data-testid=\"product-detail-description\">\n<div class=\"sc-fqkvVR hlqElk sc-fqbHDX hytkOm\" data-testid=\"rich-content-container\">\n<img fetchpriority=\"high\" decoding=\"async\" class=\"\" src=\"https:\/\/images.tcdn.com.br\/img\/img_prod\/1125779\/almofada_massageadora_dellamed_93_1_6b05c6481cd6de9cd60e933dc9677dcf.jpg\" width=\"670\" height=\"670\" \/><\/div>\n<div class=\"sc-fqkvVR hlqElk sc-fqbHDX hytkOm\" data-testid=\"rich-content-container\"><img decoding=\"async\" class=\"\" src=\"https:\/\/images.tcdn.com.br\/img\/img_prod\/1125779\/almofada_massageadora_dellamed_93_2_55cffcefb3da9b971126f0cc87e76359.jpg\" width=\"667\" height=\"667\" \/><\/p>\n<p>Almofada Massageadora Shiatsu conta com 8 esferas relaxantes que geram bem &#8211; estar e cont\u00e9m sistema de aquecimento que auxilia na circula\u00e7\u00e3o sangu\u00ednea e alivia as tens\u00f4es do dia &#8211; a &#8211; dia, gerando relaxamento, pode ser aplicado em v\u00e1rias partes do corpo como o pesco\u00e7o, bra\u00e7os, lombar, abd\u00f4men, coxa e p\u00e9s.<\/p>\n<p>A Almofada Massageadora possui um design anat\u00f4mico, facilitando seu uso em casa, no trabalho ou no carro, permitindo a fixa\u00e7\u00e3o em qualquer tipo de assento.<\/p>\n<p>Vantagens e Benef\u00edcios:<\/p>\n<p>Adaptador bivolt e fonte veicular inclusos;<br \/>\n2 motores bidirecionais que atuam simultaneamente com aquecimento, proporcionando relaxamento e bem &#8211; estar;<br \/>\nPossui cinta el\u00e1stica, permitindo o uso em casa, no trabalho ou no carro.<br \/>\nDesign funcional super anat\u00f4mico, possibilitando o uso em diversas \u00e1reas do corpo;<br \/>\nProte\u00e7\u00e3o contra superaquecimento;<br \/>\nEstrutura em polipropileno ultra resistente.<\/p>\n<p>Informa\u00e7\u00f5es :<\/p>\n<p>Voltagem : Bivolts<br \/>\nPot\u00eancia: 25 w<br \/>\nFrequ\u00eancia : 60 hz<\/p><\/div>\n<div data-testid=\"rich-content-container\"><\/div>\n<div class=\"sc-fqkvVR hlqElk sc-fqbHDX hytkOm\" data-testid=\"rich-content-container\">\n01 almofada massageadora;<\/p>\n<p>01 adaptador AC\/DC bivolt;<\/p>\n<p>01 adaptador veicular;<\/p>\n<p>Manual de instru\u00e7\u00f5es.<\/p>\n<p>Garantia: 12 meses contra defeitos de fabrica\u00e7\u00e3o<\/p><\/div>\n<\/div>\n","protected":false},"excerpt":{"rendered":"<ul>\n<li>2 Massageadores bidirecionais de 360\u00b0;<\/li>\n<li>Possui sistema de aquecimento que melhora a circula\u00e7\u00e3o sangu\u00ednea;<\/li>\n<li>Desligamento autom\u00e1tico;<\/li>\n<li>Fonte bivolt e fonte veicular inclusas;<\/li>\n<li>Desenho super anat\u00f4mico, adapta-se ao corpo;<\/li>\n<li>F\u00e1cil de usar, possui apenas um bot\u00e3o;<\/li>\n<li>Ideal para usar em casa, no carro ou no trabalho;<\/li>\n<li>Cinta el\u00e1stica para fixa\u00e7\u00e3o no banco do carro, ou em cadeiras com encosto de cabe\u00e7a;<\/li>\n<li>Estimula a circula\u00e7\u00e3o e pode ajudar na diminui\u00e7\u00e3o da cefaleia.<\/li>\n<\/ul>\n","protected":false},"featured_media":609,"comment_status":"open","ping_status":"closed","template":"","meta":{"site-sidebar-layout":"default","site-content-layout":"default","ast-site-content-layout":"","site-content-style":"default","site-sidebar-style":"default","ast-global-header-display":"","ast-banner-title-visibility":"","ast-main-header-display":"","ast-hfb-above-header-display":"","ast-hfb-below-header-display":"","ast-hfb-mobile-header-display":"","site-post-title":"","ast-breadcrumbs-content":"","ast-featured-img":"","footer-sml-layout":"","theme-transparent-header-meta":"default","adv-header-id-meta":"","stick-header-meta":"","header-above-stick-meta":"","header-main-stick-meta":"","header-below-stick-meta":"","astra-migrate-meta-layouts":"default","ast-page-background-enabled":"default","ast-page-background-meta":{"desktop":{"background-color":"var(--ast-global-color-4)","background-image":"","background-repeat":"repeat","background-position":"center center","background-size":"auto","background-attachment":"scroll","background-type":"","background-media":"","overlay-type":"","overlay-color":"","overlay-gradient":""},"tablet":{"background-color":"","background-image":"","background-repeat":"repeat","background-position":"center center","background-size":"auto","background-attachment":"scroll","background-type":"","background-media":"","overlay-type":"","overlay-color":"","overlay-gradient":""},"mobile":{"background-color":"","background-image":"","background-repeat":"repeat","background-position":"center center","background-size":"auto","background-attachment":"scroll","background-type":"","background-media":"","overlay-type":"","overlay-color":"","overlay-gradient":""}},"ast-content-background-meta":{"desktop":{"background-color":"var(--ast-global-color-5)","background-image":"","background-repeat":"repeat","background-position":"center center","background-size":"auto","background-attachment":"scroll","background-type":"","background-media":"","overlay-type":"","overlay-color":"","overlay-gradient":""},"tablet":{"background-color":"var(--ast-global-color-5)","background-image":"","background-repeat":"repeat","background-position":"center center","background-size":"auto","background-attachment":"scroll","background-type":"","background-media":"","overlay-type":"","overlay-color":"","overlay-gradient":""},"mobile":{"background-color":"var(--ast-global-color-5)","background-image":"","background-repeat":"repeat","background-position":"center center","background-size":"auto","background-attachment":"scroll","background-type":"","background-media":"","overlay-type":"","overlay-color":"","overlay-gradient":""}}},"product_brand":[],"product_cat":[25,24,21],"product_tag":[42,38],"class_list":{"0":"post-606","1":"product","2":"type-product","3":"status-publish","4":"has-post-thumbnail","6":"product_cat-eletronicos","7":"product_cat-fisioterapia","8":"product_cat-saude-e-bem-estar","9":"product_tag-dellamed","10":"product_tag-massageador","11":"desktop-align-left","12":"tablet-align-left","13":"mobile-align-left","15":"first","16":"instock","17":"featured","18":"shipping-taxable","19":"purchasable","20":"product-type-simple"},"_links":{"self":[{"href":"https:\/\/saudenacapital.com.br\/loja\/wp-json\/wp\/v2\/product\/606","targetHints":{"allow":["GET"]}}],"collection":[{"href":"https:\/\/saudenacapital.com.br\/loja\/wp-json\/wp\/v2\/product"}],"about":[{"href":"https:\/\/saudenacapital.com.br\/loja\/wp-json\/wp\/v2\/types\/product"}],"replies":[{"embeddable":true,"href":"https:\/\/saudenacapital.com.br\/loja\/wp-json\/wp\/v2\/comments?post=606"}],"wp:featuredmedia":[{"embeddable":true,"href":"https:\/\/saudenacapital.com.br\/loja\/wp-json\/wp\/v2\/media\/609"}],"wp:attachment":[{"href":"https:\/\/saudenacapital.com.br\/loja\/wp-json\/wp\/v2\/media?parent=606"}],"wp:term":[{"taxonomy":"product_brand","embeddable":true,"href":"https:\/\/saudenacapital.com.br\/loja\/wp-json\/wp\/v2\/product_brand?post=606"},{"taxonomy":"product_cat","embeddable":true,"href":"https:\/\/saudenacapital.com.br\/loja\/wp-json\/wp\/v2\/product_cat?post=606"},{"taxonomy":"product_tag","embeddable":true,"href":"https:\/\/saudenacapital.com.br\/loja\/wp-json\/wp\/v2\/product_tag?post=606"}],"curies":[{"name":"wp","href":"https:\/\/api.w.org\/{rel}","templated":true}]}}