{"id":614,"date":"2023-12-08T13:16:19","date_gmt":"2023-12-08T16:16:19","guid":{"rendered":"https:\/\/saudenacapital.com.br\/loja\/?post_type=product&#038;p=614"},"modified":"2023-12-08T13:16:56","modified_gmt":"2023-12-08T16:16:56","slug":"almofada-shiatsu-roller-bivolt","status":"publish","type":"product","link":"https:\/\/saudenacapital.com.br\/loja\/produto\/almofada-shiatsu-roller-bivolt\/","title":{"rendered":"ALMOFADA SHIATSU ROLLER BIVOLT"},"content":{"rendered":"<p>&nbsp;<\/p>\n<p><img decoding=\"async\" src=\"https:\/\/salescdn.net\/b9WQHJeM09fyWM8qk67MOTBlPp4=\/adaptive-fit-in\/500x0\/prod\/store\/13248\/medias\/products\/almofada-shiatsu-roller-bivolt-0af76a6d-27b1-48df-81c1-394312a4e9a7.webp\" alt=\"ALMOFADA SHIATSU ROLLER BIVOLT\" \/><\/p>\n<p><img decoding=\"async\" src=\"https:\/\/salescdn.net\/O31dS-HNOiNx2UF4CDNRnQvWQ84=\/adaptive-fit-in\/500x0\/prod\/store\/13248\/medias\/products\/almofada-shiatsu-roller-bivolt-738f750e-2118-4ac0-89d1-1dbc38a7e722.webp\" alt=\"ALMOFADA SHIATSU ROLLER BIVOLT\" \/><\/p>\n<p><img decoding=\"async\" src=\"https:\/\/salescdn.net\/gvSzofjrvsvAbouy6bPbw9ODXLA=\/adaptive-fit-in\/500x0\/prod\/store\/13248\/medias\/products\/almofada-shiatsu-roller-bivolt-976f1b1f-6fb0-4a21-945a-e4f3b0665933.webp\" alt=\"ALMOFADA SHIATSU ROLLER BIVOLT\" \/><\/p>\n<p><img decoding=\"async\" src=\"https:\/\/salescdn.net\/VKwEQWcgHgwF0B4z3qUzxogdbaE=\/adaptive-fit-in\/500x0\/prod\/store\/13248\/medias\/products\/almofada-shiatsu-roller-bivolt-9a557f2b-85af-466c-8bcc-cce4b4f737da.webp\" alt=\"ALMOFADA SHIATSU ROLLER BIVOLT\" \/><\/p>\n<p><img decoding=\"async\" src=\"https:\/\/salescdn.net\/bL6MmwEjKL-BluJy30JCDGs2TlE=\/adaptive-fit-in\/500x0\/prod\/store\/13248\/medias\/products\/almofada-shiatsu-roller-bivolt-6217e3cb-5ea2-4557-95e9-2c22950bf011.webp\" alt=\"ALMOFADA SHIATSU ROLLER BIVOLT\" \/><\/p>\n<p><img decoding=\"async\" src=\"https:\/\/salescdn.net\/EmLyR2Yig0si39P9vwzQI9TczwE=\/adaptive-fit-in\/500x0\/prod\/store\/13248\/medias\/products\/almofada-shiatsu-roller-bivolt-355da320-2f99-44eb-b140-247b15df5d6a.webp\" alt=\"ALMOFADA SHIATSU ROLLER BIVOLT\" \/><\/p>\n<p>A almofada Shiatsu Roller tem um designer \u00fanico e moderno, com 2 motores de massagem ainda mais potente para o total relaxamento muscular. O design ergon\u00f4mico ultra fino permite um encaixe perfeito e diversas \u00e1reas como pesco\u00e7o, ombros, costas, abd\u00f4men, bra\u00e7os, p\u00e9s, pernas dentre outros.<\/p>\n<p>Com ele voc\u00ea consegue relaxar e aliviar as tens\u00f5es dos m\u00fasculos cansados, garantindo uma sensa\u00e7\u00e3o agrad\u00e1vel.<\/p>\n<p>&nbsp;<\/p>\n<p>A\u00c7\u00d5ES E BENEFICIOS:<\/p>\n<p>&nbsp;<\/p>\n<p>&#8211; Realiza a massagem Shiatsu profunda;<\/p>\n<p>&#8211; Conta com um design anat\u00f4mico;<\/p>\n<p>&#8211; Leve e confort\u00e1vel;<\/p>\n<p>&#8211; Possui esferas internas para relaxamento;<\/p>\n<p>&#8211; Conta com 2 motores super silencioso;<\/p>\n<p>&#8211; Pode ser usado no corpo todo;<\/p>\n<p>&#8211; F\u00e1cil higieniza\u00e7\u00e3o.<\/p>\n<p>&nbsp;<\/p>\n<p>INDICA\u00c7\u00d5ES:<\/p>\n<p>&nbsp;<\/p>\n<p>&#8211; Relaxamento;<\/p>\n<p>&#8211; Al\u00edvio da tens\u00e3o;<\/p>\n<p>&#8211; Dores musculares;<\/p>\n<p>&#8211; Melhora da circula\u00e7\u00e3o sangu\u00ednea;<\/p>\n<p>&#8211; Al\u00edvio da fadiga.<\/p>\n","protected":false},"excerpt":{"rendered":"<p>&#8211; Relaxamento;<\/p>\n<p>&#8211; Al\u00edvio da tens\u00e3o;<\/p>\n<p>&#8211; Dores musculares;<\/p>\n<p>&#8211; Melhora da circula\u00e7\u00e3o sangu\u00ednea;<\/p>\n<p>&#8211; Al\u00edvio da fadiga.<\/p>\n","protected":false},"featured_media":617,"comment_status":"open","ping_status":"closed","template":"","meta":{"site-sidebar-layout":"default","site-content-layout":"default","ast-site-content-layout":"","site-content-style":"default","site-sidebar-style":"default","ast-global-header-display":"","ast-banner-title-visibility":"","ast-main-header-display":"","ast-hfb-above-header-display":"","ast-hfb-below-header-display":"","ast-hfb-mobile-header-display":"","site-post-title":"","ast-breadcrumbs-content":"","ast-featured-img":"","footer-sml-layout":"","theme-transparent-header-meta":"default","adv-header-id-meta":"","stick-header-meta":"","header-above-stick-meta":"","header-main-stick-meta":"","header-below-stick-meta":"","astra-migrate-meta-layouts":"default","ast-page-background-enabled":"default","ast-page-background-meta":{"desktop":{"background-color":"var(--ast-global-color-4)","background-image":"","background-repeat":"repeat","background-position":"center center","background-size":"auto","background-attachment":"scroll","background-type":"","background-media":"","overlay-type":"","overlay-color":"","overlay-gradient":""},"tablet":{"background-color":"","background-image":"","background-repeat":"repeat","background-position":"center center","background-size":"auto","background-attachment":"scroll","background-type":"","background-media":"","overlay-type":"","overlay-color":"","overlay-gradient":""},"mobile":{"background-color":"","background-image":"","background-repeat":"repeat","background-position":"center center","background-size":"auto","background-attachment":"scroll","background-type":"","background-media":"","overlay-type":"","overlay-color":"","overlay-gradient":""}},"ast-content-background-meta":{"desktop":{"background-color":"var(--ast-global-color-5)","background-image":"","background-repeat":"repeat","background-position":"center center","background-size":"auto","background-attachment":"scroll","background-type":"","background-media":"","overlay-type":"","overlay-color":"","overlay-gradient":""},"tablet":{"background-color":"var(--ast-global-color-5)","background-image":"","background-repeat":"repeat","background-position":"center center","background-size":"auto","background-attachment":"scroll","background-type":"","background-media":"","overlay-type":"","overlay-color":"","overlay-gradient":""},"mobile":{"background-color":"var(--ast-global-color-5)","background-image":"","background-repeat":"repeat","background-position":"center center","background-size":"auto","background-attachment":"scroll","background-type":"","background-media":"","overlay-type":"","overlay-color":"","overlay-gradient":""}}},"product_brand":[],"product_cat":[25,24,21],"product_tag":[48,38],"class_list":{"0":"post-614","1":"product","2":"type-product","3":"status-publish","4":"has-post-thumbnail","6":"product_cat-eletronicos","7":"product_cat-fisioterapia","8":"product_cat-saude-e-bem-estar","9":"product_tag-fisiopauher","10":"product_tag-massageador","11":"desktop-align-left","12":"tablet-align-left","13":"mobile-align-left","15":"first","16":"instock","17":"featured","18":"shipping-taxable","19":"purchasable","20":"product-type-simple"},"_links":{"self":[{"href":"https:\/\/saudenacapital.com.br\/loja\/wp-json\/wp\/v2\/product\/614","targetHints":{"allow":["GET"]}}],"collection":[{"href":"https:\/\/saudenacapital.com.br\/loja\/wp-json\/wp\/v2\/product"}],"about":[{"href":"https:\/\/saudenacapital.com.br\/loja\/wp-json\/wp\/v2\/types\/product"}],"replies":[{"embeddable":true,"href":"https:\/\/saudenacapital.com.br\/loja\/wp-json\/wp\/v2\/comments?post=614"}],"wp:featuredmedia":[{"embeddable":true,"href":"https:\/\/saudenacapital.com.br\/loja\/wp-json\/wp\/v2\/media\/617"}],"wp:attachment":[{"href":"https:\/\/saudenacapital.com.br\/loja\/wp-json\/wp\/v2\/media?parent=614"}],"wp:term":[{"taxonomy":"product_brand","embeddable":true,"href":"https:\/\/saudenacapital.com.br\/loja\/wp-json\/wp\/v2\/product_brand?post=614"},{"taxonomy":"product_cat","embeddable":true,"href":"https:\/\/saudenacapital.com.br\/loja\/wp-json\/wp\/v2\/product_cat?post=614"},{"taxonomy":"product_tag","embeddable":true,"href":"https:\/\/saudenacapital.com.br\/loja\/wp-json\/wp\/v2\/product_tag?post=614"}],"curies":[{"name":"wp","href":"https:\/\/api.w.org\/{rel}","templated":true}]}}