{"id":619,"date":"2023-12-08T13:28:00","date_gmt":"2023-12-08T16:28:00","guid":{"rendered":"https:\/\/saudenacapital.com.br\/loja\/?post_type=product&#038;p=619"},"modified":"2023-12-08T13:33:28","modified_gmt":"2023-12-08T16:33:28","slug":"massageador-corporal-hammer","status":"publish","type":"product","link":"https:\/\/saudenacapital.com.br\/loja\/produto\/massageador-corporal-hammer\/","title":{"rendered":"Massageador Corporal Hammer"},"content":{"rendered":"<h1 class=\"page-product__name\">Massageador Corporal Hammer com 5 Discos Massageadores Dellamed<\/h1>\n<p><img fetchpriority=\"high\" decoding=\"async\" class=\"\" src=\"https:\/\/images.tcdn.com.br\/img\/img_prod\/1125779\/massageador_corporal_hammer_dellamed_225_5_15f4b4583f6cb3c834e8888c6db0e05d.jpg\" width=\"771\" height=\"771\" \/><img decoding=\"async\" class=\"\" src=\"https:\/\/images.tcdn.com.br\/img\/img_prod\/1125779\/massageador_corporal_hammer_dellamed_225_7_b993ce3ea372d491d7789753cba19766.jpg\" width=\"772\" height=\"772\" \/><\/p>\n<p>O Massageador Corporal Hammer Dellamed \u00e9 um dispositivo vers\u00e1til que pode ser usado em todas as \u00e1reas do corpo, gra\u00e7as ao seu design alongado. Com dois modos de intensidade, \u00e9 poss\u00edvel personalizar a massagem de acordo com as prefer\u00eancias individuais. Al\u00e9m disso, o massageador tamb\u00e9m auxilia no combate \u00e0s celulites, oferecendo uma solu\u00e7\u00e3o abrangente para o cuidado corporal.<\/p>\n<p>&nbsp;<\/p>\n<ul>\n<li>Design super anat\u00f4mico;<\/li>\n<li>Seu desenho alongado permite maior abrang\u00eancia de \u00e1reas corporais;<\/li>\n<li>Possui sensor de seguran\u00e7a: em caso de superaquecimento o produto se desliga automaticamente;<\/li>\n<li>Com amortecimento de impacto, aumentando o conforto e a durabilidade;<\/li>\n<li>Facilidade na troca dos discos de massagem;<\/li>\n<li>2 modos de intensidade;<\/li>\n<li>Controle intuitivo de intensidade;<\/li>\n<li>5 ponteiras massageadoras;<\/li>\n<li>F\u00e1cil manuseio: apenas um bot\u00e3o para ligar e desligar;<\/li>\n<li>Ideal para o uso na lombar, pesco\u00e7o, bra\u00e7os, pernas e nuca;<\/li>\n<li>Auxilia na circula\u00e7\u00e3o sangu\u00ednea e no combate \u00e0s celulites;<\/li>\n<li>Pode ser usado para relaxamento ou alguma dor muscular.<\/li>\n<li><\/li>\n<\/ul>\n","protected":false},"excerpt":{"rendered":"<ul>\n<li>01 massageador corporal Hammer;<\/li>\n<li>05 ponteiras massageadoras;<\/li>\n<li>Manual de instru\u00e7\u00f5es.<\/li>\n<\/ul>\n","protected":false},"featured_media":620,"comment_status":"open","ping_status":"closed","template":"","meta":{"site-sidebar-layout":"default","site-content-layout":"default","ast-site-content-layout":"","site-content-style":"default","site-sidebar-style":"default","ast-global-header-display":"","ast-banner-title-visibility":"","ast-main-header-display":"","ast-hfb-above-header-display":"","ast-hfb-below-header-display":"","ast-hfb-mobile-header-display":"","site-post-title":"","ast-breadcrumbs-content":"","ast-featured-img":"","footer-sml-layout":"","theme-transparent-header-meta":"default","adv-header-id-meta":"","stick-header-meta":"","header-above-stick-meta":"","header-main-stick-meta":"","header-below-stick-meta":"","astra-migrate-meta-layouts":"default","ast-page-background-enabled":"default","ast-page-background-meta":{"desktop":{"background-color":"var(--ast-global-color-4)","background-image":"","background-repeat":"repeat","background-position":"center center","background-size":"auto","background-attachment":"scroll","background-type":"","background-media":"","overlay-type":"","overlay-color":"","overlay-gradient":""},"tablet":{"background-color":"","background-image":"","background-repeat":"repeat","background-position":"center center","background-size":"auto","background-attachment":"scroll","background-type":"","background-media":"","overlay-type":"","overlay-color":"","overlay-gradient":""},"mobile":{"background-color":"","background-image":"","background-repeat":"repeat","background-position":"center center","background-size":"auto","background-attachment":"scroll","background-type":"","background-media":"","overlay-type":"","overlay-color":"","overlay-gradient":""}},"ast-content-background-meta":{"desktop":{"background-color":"var(--ast-global-color-5)","background-image":"","background-repeat":"repeat","background-position":"center center","background-size":"auto","background-attachment":"scroll","background-type":"","background-media":"","overlay-type":"","overlay-color":"","overlay-gradient":""},"tablet":{"background-color":"var(--ast-global-color-5)","background-image":"","background-repeat":"repeat","background-position":"center center","background-size":"auto","background-attachment":"scroll","background-type":"","background-media":"","overlay-type":"","overlay-color":"","overlay-gradient":""},"mobile":{"background-color":"var(--ast-global-color-5)","background-image":"","background-repeat":"repeat","background-position":"center center","background-size":"auto","background-attachment":"scroll","background-type":"","background-media":"","overlay-type":"","overlay-color":"","overlay-gradient":""}}},"product_brand":[],"product_cat":[25,24,21],"product_tag":[42,38],"class_list":{"0":"post-619","1":"product","2":"type-product","3":"status-publish","4":"has-post-thumbnail","6":"product_cat-eletronicos","7":"product_cat-fisioterapia","8":"product_cat-saude-e-bem-estar","9":"product_tag-dellamed","10":"product_tag-massageador","11":"desktop-align-left","12":"tablet-align-left","13":"mobile-align-left","15":"first","16":"instock","17":"sale","18":"featured","19":"shipping-taxable","20":"purchasable","21":"product-type-simple"},"_links":{"self":[{"href":"https:\/\/saudenacapital.com.br\/loja\/wp-json\/wp\/v2\/product\/619","targetHints":{"allow":["GET"]}}],"collection":[{"href":"https:\/\/saudenacapital.com.br\/loja\/wp-json\/wp\/v2\/product"}],"about":[{"href":"https:\/\/saudenacapital.com.br\/loja\/wp-json\/wp\/v2\/types\/product"}],"replies":[{"embeddable":true,"href":"https:\/\/saudenacapital.com.br\/loja\/wp-json\/wp\/v2\/comments?post=619"}],"wp:featuredmedia":[{"embeddable":true,"href":"https:\/\/saudenacapital.com.br\/loja\/wp-json\/wp\/v2\/media\/620"}],"wp:attachment":[{"href":"https:\/\/saudenacapital.com.br\/loja\/wp-json\/wp\/v2\/media?parent=619"}],"wp:term":[{"taxonomy":"product_brand","embeddable":true,"href":"https:\/\/saudenacapital.com.br\/loja\/wp-json\/wp\/v2\/product_brand?post=619"},{"taxonomy":"product_cat","embeddable":true,"href":"https:\/\/saudenacapital.com.br\/loja\/wp-json\/wp\/v2\/product_cat?post=619"},{"taxonomy":"product_tag","embeddable":true,"href":"https:\/\/saudenacapital.com.br\/loja\/wp-json\/wp\/v2\/product_tag?post=619"}],"curies":[{"name":"wp","href":"https:\/\/api.w.org\/{rel}","templated":true}]}}