{"id":625,"date":"2024-01-26T18:06:05","date_gmt":"2024-01-26T21:06:05","guid":{"rendered":"https:\/\/saudenacapital.com.br\/loja\/?post_type=product&#038;p=625"},"modified":"2024-01-26T18:06:06","modified_gmt":"2024-01-26T21:06:06","slug":"raquete-eletrica-mata-mosquito-insetos-pernilongos","status":"publish","type":"product","link":"https:\/\/saudenacapital.com.br\/loja\/produto\/raquete-eletrica-mata-mosquito-insetos-pernilongos\/","title":{"rendered":"Raquete El\u00e9trica Mata Mosquito Insetos Pernilongos"},"content":{"rendered":"<h2>Raquete El\u00e9trica Mata Mosquito Insetos Pernilongos Recarregavel 110V 220V<\/h2>\n<p>&nbsp;<\/p>\n<p><img decoding=\"async\" src=\"https:\/\/images-americanas.b2w.io\/produtos\/7463476842\/imagens\/raquete-eletrica-mata-mosquito-dengue-insetos-bivolt\/7463476842_1_large.jpg\" alt=\"Raquete El\u00e9trica Mata Mosquito Dengue Insetos Bivolt em Promo\u00e7\u00e3o na  Americanas\" \/><\/p>\n<p>* Enviaremos a cor que houver disponibilidade no momento da compra.<\/p>\n<p>* Com bot\u00e3o de seguran\u00e7a que s\u00f3 aciona a corrente el\u00e9trica quando voc\u00ea aperta<\/p>\n<p>* .Muito segura e inofensiva para humanos, mas mortal para insetos.<\/p>\n<p>* Uma forma segura e divertida de exterminar insetos.<\/p>\n<p>* Possui rede (grade) de prote\u00e7\u00e3o<\/p>\n<p><img decoding=\"async\" src=\"https:\/\/static.netshoes.com.br\/produtos\/raquete-de-pernilongo-choque-muito-potente-mata-mosquitos-muricoca-raquete-eletrica-bivolt-com-trava\/88\/1GO-0371-888\/1GO-0371-888_zoom1.jpg?ts=1631377237&amp;ims=544x\" alt=\"Raquete De Pernilongo Choque Muito Potente Mata Mosquitos Muri\u00e7oca Raquete  El\u00e9trica Bivolt com Trava | Netshoes\" \/><\/p>\n<p>* ESPECIFICA\u00c7\u00d5ES:\u00a0 Tamanho: 51 x 22cm Tomada retr\u00e1til Bi-Volt: 110V \/ 220 V.<\/p>\n<p>*( N\u00e3o usa pilhas)<\/p>\n<p>* Possui Led para indicar funcionamento e recarga<\/p>\n<p>* (vermelho em funcionamento e verde quando est\u00e1 recarregando).<\/p>\n<p>* Recomenda se um carregamento inicial de 1 hora antes do primeiro uso.<\/p>\n","protected":false},"excerpt":{"rendered":"<p>Raquete El\u00e9trica Mata Mosquito Insetos Pernilongos Recarregavel 110V 220V &nbsp; * Enviaremos a cor que houver disponibilidade no momento da compra. * Com bot\u00e3o de seguran\u00e7a que s\u00f3 aciona a corrente el\u00e9trica quando voc\u00ea aperta * .Muito segura e inofensiva para humanos, mas mortal para insetos. * Uma forma segura e divertida de exterminar insetos. [&hellip;]<\/p>\n","protected":false},"featured_media":626,"comment_status":"open","ping_status":"closed","template":"","meta":{"site-sidebar-layout":"default","site-content-layout":"default","ast-site-content-layout":"","site-content-style":"default","site-sidebar-style":"default","ast-global-header-display":"","ast-banner-title-visibility":"","ast-main-header-display":"","ast-hfb-above-header-display":"","ast-hfb-below-header-display":"","ast-hfb-mobile-header-display":"","site-post-title":"","ast-breadcrumbs-content":"","ast-featured-img":"","footer-sml-layout":"","theme-transparent-header-meta":"default","adv-header-id-meta":"","stick-header-meta":"","header-above-stick-meta":"","header-main-stick-meta":"","header-below-stick-meta":"","astra-migrate-meta-layouts":"default","ast-page-background-enabled":"default","ast-page-background-meta":{"desktop":{"background-color":"var(--ast-global-color-4)","background-image":"","background-repeat":"repeat","background-position":"center center","background-size":"auto","background-attachment":"scroll","background-type":"","background-media":"","overlay-type":"","overlay-color":"","overlay-gradient":""},"tablet":{"background-color":"","background-image":"","background-repeat":"repeat","background-position":"center center","background-size":"auto","background-attachment":"scroll","background-type":"","background-media":"","overlay-type":"","overlay-color":"","overlay-gradient":""},"mobile":{"background-color":"","background-image":"","background-repeat":"repeat","background-position":"center center","background-size":"auto","background-attachment":"scroll","background-type":"","background-media":"","overlay-type":"","overlay-color":"","overlay-gradient":""}},"ast-content-background-meta":{"desktop":{"background-color":"var(--ast-global-color-5)","background-image":"","background-repeat":"repeat","background-position":"center center","background-size":"auto","background-attachment":"scroll","background-type":"","background-media":"","overlay-type":"","overlay-color":"","overlay-gradient":""},"tablet":{"background-color":"var(--ast-global-color-5)","background-image":"","background-repeat":"repeat","background-position":"center center","background-size":"auto","background-attachment":"scroll","background-type":"","background-media":"","overlay-type":"","overlay-color":"","overlay-gradient":""},"mobile":{"background-color":"var(--ast-global-color-5)","background-image":"","background-repeat":"repeat","background-position":"center center","background-size":"auto","background-attachment":"scroll","background-type":"","background-media":"","overlay-type":"","overlay-color":"","overlay-gradient":""}}},"product_brand":[],"product_cat":[25,21],"product_tag":[],"class_list":{"0":"post-625","1":"product","2":"type-product","3":"status-publish","4":"has-post-thumbnail","6":"product_cat-eletronicos","7":"product_cat-saude-e-bem-estar","8":"desktop-align-left","9":"tablet-align-left","10":"mobile-align-left","12":"first","13":"instock","14":"sale","15":"shipping-taxable","16":"purchasable","17":"product-type-simple"},"_links":{"self":[{"href":"https:\/\/saudenacapital.com.br\/loja\/wp-json\/wp\/v2\/product\/625","targetHints":{"allow":["GET"]}}],"collection":[{"href":"https:\/\/saudenacapital.com.br\/loja\/wp-json\/wp\/v2\/product"}],"about":[{"href":"https:\/\/saudenacapital.com.br\/loja\/wp-json\/wp\/v2\/types\/product"}],"replies":[{"embeddable":true,"href":"https:\/\/saudenacapital.com.br\/loja\/wp-json\/wp\/v2\/comments?post=625"}],"wp:featuredmedia":[{"embeddable":true,"href":"https:\/\/saudenacapital.com.br\/loja\/wp-json\/wp\/v2\/media\/626"}],"wp:attachment":[{"href":"https:\/\/saudenacapital.com.br\/loja\/wp-json\/wp\/v2\/media?parent=625"}],"wp:term":[{"taxonomy":"product_brand","embeddable":true,"href":"https:\/\/saudenacapital.com.br\/loja\/wp-json\/wp\/v2\/product_brand?post=625"},{"taxonomy":"product_cat","embeddable":true,"href":"https:\/\/saudenacapital.com.br\/loja\/wp-json\/wp\/v2\/product_cat?post=625"},{"taxonomy":"product_tag","embeddable":true,"href":"https:\/\/saudenacapital.com.br\/loja\/wp-json\/wp\/v2\/product_tag?post=625"}],"curies":[{"name":"wp","href":"https:\/\/api.w.org\/{rel}","templated":true}]}}